{"id":34243,"date":"2025-12-01T10:47:59","date_gmt":"2025-12-01T09:47:59","guid":{"rendered":"https:\/\/zinn-giesserei-goehler.com\/?post_type=product&#038;p=34243"},"modified":"2026-01-21T20:06:40","modified_gmt":"2026-01-21T19:06:40","slug":"brazing-alloy-l-cup6-according-to-din-en-1044-kopie-kopie-kopie-kopie-kopie","status":"publish","type":"product","link":"https:\/\/zinn-giesserei-goehler.com\/en\/produkt\/brazing-alloy-l-cup6-according-to-din-en-1044-kopie-kopie-kopie-kopie-kopie\/","title":{"rendered":"Body tinning paste based on SnCu3"},"content":{"rendered":"<h4><strong>Tinning paste based on SnCu3<\/strong><\/h4>\n<p><strong>Base: Zinc chloride and SnCu3 powder<\/strong><br \/>\n<strong>Standards: S-Sn97Cu3 \/ DIN EN ISO 9453 (SnCu3 powder) and 3.1.1.C \/ DIN EN 29454-1 (flux)<\/strong><br \/>\n<strong>Form: Metallic gray mass<\/strong><br \/>\n<strong>Working temperature range: approx. 150 &#8211; 400 \u00b0C<br \/>\nDensity: 2.5 g\/cm<sup>3<br \/>\n<\/sup><\/strong><strong>Application: For tinning or pre-tinning surfaces made of copper, copper alloys, or steel, especially in automotive bodywork and copper pipe installation.<\/strong><br \/>\n<strong>Includes a robust brush for spreading <\/strong><br \/>\n<strong>Ensures clean and optimally adhering soldering and tinning points<\/strong><\/p>\n<article class=\"text-token-text-primary w-full focus:outline-none [--shadow-height:45px] has-data-writing-block:pointer-events-none has-data-writing-block:-mt-(--shadow-height) has-data-writing-block:pt-(--shadow-height) [&amp;:has([data-writing-block])&gt;*]:pointer-events-auto scroll-mt-[calc(var(--header-height)+min(200px,max(70px,20svh)))]\" dir=\"auto\" data-turn-id=\"request-WEB:08d23573-b067-4fb4-945c-a2b6863fcb9f-2\" data-testid=\"conversation-turn-6\" data-scroll-anchor=\"true\" data-turn=\"assistant\">\n<div class=\"text-base my-auto mx-auto pb-10 [--thread-content-margin:--spacing(4)] thread-sm:[--thread-content-margin:--spacing(6)] thread-lg:[--thread-content-margin:--spacing(16)] px-(--thread-content-margin)\">\n<div class=\"[--thread-content-max-width:40rem] thread-lg:[--thread-content-max-width:48rem] mx-auto max-w-(--thread-content-max-width) flex-1 group\/turn-messages focus-visible:outline-hidden relative flex w-full min-w-0 flex-col agent-turn\">\n<div class=\"flex max-w-full flex-col grow\">\n<div class=\"min-h-8 text-message relative flex w-full flex-col items-end gap-2 text-start break-words whitespace-normal [.text-message+&amp;]:mt-1\" dir=\"auto\" data-message-author-role=\"assistant\" data-message-id=\"f696e1e3-0edb-4520-9aa2-b89abd8b3a2f\" data-message-model-slug=\"gpt-5-1-thinking\">\n<div class=\"flex w-full flex-col gap-1 empty:hidden first:pt-[1px]\">\n<div class=\"markdown prose dark:prose-invert w-full break-words light markdown-new-styling\">\n<p>Pastin 803 tinning paste enables fast and clean tinning of surfaces made of copper, copper alloys, or steel. While Pastin 803 is relatively universally applicable, it has been optimized for automotive body tinning with lead-free solders and <a href=\"https:\/\/zinn-giesserei-goehler.com\/produkt\/kupfer-cu999-rundrohr\/\">copper pipe<\/a> installation with <a href=\"https:\/\/zinn-giesserei-goehler.com\/produkt\/sncu3-loetstab-dreikant\/\">SnCu3<\/a>. <\/p>\n<p>Before application, the paste should be briefly stirred or shaken again. Then, the paste can be applied to the surface to be tinned with a brush. Subsequently, the paste is carefully heated with a flame until liquid SnCu3 drops and hydrochloric acid form on the surface, ideally preparing the surface locally for tinning. The SnCu3 drops must be quickly spread with a lint-free cloth. The surface is then tinned. Only spread the tin when the paste has completely reacted. Afterwards, you can continue working directly with the appropriate solder. The acid produced during the reaction is corrosive and must be rinsed off promptly with water or mordant after the tinning\/soldering process.       <\/p>\n<p>Surfaces that are prepared with pre-tinning pastes can be soldered or tinned very well and cleanly.<\/p>\n<p>For automotive body tinning with lead-containing solders, <a href=\"https:\/\/zinn-giesserei-goehler.com\/produkt\/verzinnungspaste-auf-pbsn40-basis\/\">Pastin 40<\/a> should be used.<\/p>\n<p>The <a href=\"https:\/\/zinn-giesserei-goehler.com\/produkt\/verzinnungspaste-auf-snag3-basis\/\">Pastin 830<\/a> is ideally suited for soldering or tinning with tin-silver solders.<\/p>\n<p>In the area of copperware tinning and generally as a universal tinning paste, <a href=\"https:\/\/zinn-giesserei-goehler.com\/produkt\/verzinnungspaste-auf-sn999-basis\/\">Pastin 100<\/a> is very well suited.<\/p>\n<p>During processing, effective extraction\/fresh air supply, e.g. also by ventilation, must be ensured due to the soldering fumes.<\/p>\n<p>Pastin 803 is available in an attractive combination with triangular rods made of the lead-free automotive body solders <a href=\"https:\/\/zinn-giesserei-goehler.com\/produkt\/karosseriezinn-sn92cu8\/\">SnCu8<\/a> and <a href=\"https:\/\/zinn-giesserei-goehler.com\/produkt\/karosseriezinn-sn92zn5cu3\/\">SnZn5Cu3<\/a>, as well as the plumbing solder <a href=\"https:\/\/zinn-giesserei-goehler.com\/produkt\/sncu3-loetstab-dreikant\/\">SnCu3<\/a>.<\/p>\n<\/div>\n<\/div>\n<\/div>\n<\/div>\n<div class=\"z-0 flex min-h-[46px] justify-start\"><\/div>\n<\/div>\n<\/div>\n<\/article>\n<div class=\"pointer-events-none h-px w-px\" aria-hidden=\"true\" data-edge=\"true\"><\/div>\n<p>&nbsp;<\/p>\n","protected":false},"excerpt":{"rendered":"<p>Soldering water, copper, copper alloys, steel<\/p>\n","protected":false},"featured_media":34282,"template":"","meta":[],"product_brand":[],"product_cat":[298,482],"product_tag":[423,496,484,483,485],"class_list":{"0":"post-34243","1":"product","2":"type-product","3":"status-publish","4":"has-post-thumbnail","6":"product_cat-alloys","7":"product_cat-tin-solders-pasty-solidifying","8":"product_tag-copper-pipes","9":"product_tag-copper-pot","10":"product_tag-electrical-solders","11":"product_tag-solder","12":"product_tag-tinning","13":"product_shipping_class-free","15":"first","16":"instock","17":"taxable","18":"shipping-taxable","19":"purchasable","20":"product-type-variable"},"yoast_head":"<!-- This site is optimized with the Yoast SEO plugin v27.2 - https:\/\/yoast.com\/product\/yoast-seo-wordpress\/ -->\n<title>Body tinning paste based on SnCu3 - Zinn Gie\u00dferei G\u00f6hler<\/title>\n<meta name=\"robots\" content=\"index, follow, max-snippet:-1, max-image-preview:large, max-video-preview:-1\" \/>\n<link rel=\"canonical\" href=\"https:\/\/zinn-giesserei-goehler.com\/en\/produkt\/brazing-alloy-l-cup6-according-to-din-en-1044-kopie-kopie-kopie-kopie-kopie\/\" \/>\n<meta property=\"og:locale\" content=\"en_US\" \/>\n<meta property=\"og:type\" content=\"article\" \/>\n<meta property=\"og:title\" content=\"Body tinning paste based on SnCu3 - Zinn Gie\u00dferei G\u00f6hler\" \/>\n<meta property=\"og:description\" content=\"Soldering water, copper, copper alloys, steel\" \/>\n<meta property=\"og:url\" content=\"https:\/\/zinn-giesserei-goehler.com\/en\/produkt\/brazing-alloy-l-cup6-according-to-din-en-1044-kopie-kopie-kopie-kopie-kopie\/\" \/>\n<meta property=\"og:site_name\" content=\"Zinn Gie\u00dferei G\u00f6hler\" \/>\n<meta property=\"article:modified_time\" content=\"2026-01-21T19:06:40+00:00\" \/>\n<meta property=\"og:image\" content=\"https:\/\/zinn-giesserei-goehler.com\/wp-content\/uploads\/2025\/12\/Pastin-803-1.jpg\" \/>\n\t<meta property=\"og:image:width\" content=\"2048\" \/>\n\t<meta property=\"og:image:height\" content=\"1536\" \/>\n\t<meta property=\"og:image:type\" content=\"image\/jpeg\" \/>\n<meta name=\"twitter:card\" content=\"summary_large_image\" \/>\n<meta name=\"twitter:label1\" content=\"Est. reading time\" \/>\n\t<meta name=\"twitter:data1\" content=\"2 minutes\" \/>\n<script type=\"application\/ld+json\" class=\"yoast-schema-graph\">{\"@context\":\"https:\/\/schema.org\",\"@graph\":[{\"@type\":\"WebPage\",\"@id\":\"https:\/\/zinn-giesserei-goehler.com\/en\/produkt\/brazing-alloy-l-cup6-according-to-din-en-1044-kopie-kopie-kopie-kopie-kopie\/\",\"url\":\"https:\/\/zinn-giesserei-goehler.com\/en\/produkt\/brazing-alloy-l-cup6-according-to-din-en-1044-kopie-kopie-kopie-kopie-kopie\/\",\"name\":\"Body tinning paste based on SnCu3 - Zinn Gie\u00dferei G\u00f6hler\",\"isPartOf\":{\"@id\":\"https:\/\/zinn-giesserei-goehler.com\/en\/#website\"},\"primaryImageOfPage\":{\"@id\":\"https:\/\/zinn-giesserei-goehler.com\/en\/produkt\/brazing-alloy-l-cup6-according-to-din-en-1044-kopie-kopie-kopie-kopie-kopie\/#primaryimage\"},\"image\":{\"@id\":\"https:\/\/zinn-giesserei-goehler.com\/en\/produkt\/brazing-alloy-l-cup6-according-to-din-en-1044-kopie-kopie-kopie-kopie-kopie\/#primaryimage\"},\"thumbnailUrl\":\"https:\/\/i0.wp.com\/zinn-giesserei-goehler.com\/wp-content\/uploads\/2025\/12\/Pastin-803-1.jpg?fit=2048%2C1536&ssl=1\",\"datePublished\":\"2025-12-01T09:47:59+00:00\",\"dateModified\":\"2026-01-21T19:06:40+00:00\",\"breadcrumb\":{\"@id\":\"https:\/\/zinn-giesserei-goehler.com\/en\/produkt\/brazing-alloy-l-cup6-according-to-din-en-1044-kopie-kopie-kopie-kopie-kopie\/#breadcrumb\"},\"inLanguage\":\"en-US\",\"potentialAction\":[{\"@type\":\"ReadAction\",\"target\":[\"https:\/\/zinn-giesserei-goehler.com\/en\/produkt\/brazing-alloy-l-cup6-according-to-din-en-1044-kopie-kopie-kopie-kopie-kopie\/\"]}]},{\"@type\":\"ImageObject\",\"inLanguage\":\"en-US\",\"@id\":\"https:\/\/zinn-giesserei-goehler.com\/en\/produkt\/brazing-alloy-l-cup6-according-to-din-en-1044-kopie-kopie-kopie-kopie-kopie\/#primaryimage\",\"url\":\"https:\/\/i0.wp.com\/zinn-giesserei-goehler.com\/wp-content\/uploads\/2025\/12\/Pastin-803-1.jpg?fit=2048%2C1536&ssl=1\",\"contentUrl\":\"https:\/\/i0.wp.com\/zinn-giesserei-goehler.com\/wp-content\/uploads\/2025\/12\/Pastin-803-1.jpg?fit=2048%2C1536&ssl=1\",\"width\":2048,\"height\":1536},{\"@type\":\"BreadcrumbList\",\"@id\":\"https:\/\/zinn-giesserei-goehler.com\/en\/produkt\/brazing-alloy-l-cup6-according-to-din-en-1044-kopie-kopie-kopie-kopie-kopie\/#breadcrumb\",\"itemListElement\":[{\"@type\":\"ListItem\",\"position\":1,\"name\":\"Startseite\",\"item\":\"https:\/\/zinn-giesserei-goehler.com\/en\/\"},{\"@type\":\"ListItem\",\"position\":2,\"name\":\"Shop\",\"item\":\"https:\/\/zinn-giesserei-goehler.com\/en\/shop\/\"},{\"@type\":\"ListItem\",\"position\":3,\"name\":\"Body tinning paste based on SnCu3\"}]},{\"@type\":\"WebSite\",\"@id\":\"https:\/\/zinn-giesserei-goehler.com\/en\/#website\",\"url\":\"https:\/\/zinn-giesserei-goehler.com\/en\/\",\"name\":\"Zinn Gie\u00dferei G\u00f6hler\",\"description\":\"Ihr Zinnh\u00e4ndler aus Deutschland\",\"publisher\":{\"@id\":\"https:\/\/zinn-giesserei-goehler.com\/en\/#organization\"},\"potentialAction\":[{\"@type\":\"SearchAction\",\"target\":{\"@type\":\"EntryPoint\",\"urlTemplate\":\"https:\/\/zinn-giesserei-goehler.com\/en\/?s={search_term_string}\"},\"query-input\":{\"@type\":\"PropertyValueSpecification\",\"valueRequired\":true,\"valueName\":\"search_term_string\"}}],\"inLanguage\":\"en-US\"},{\"@type\":\"Organization\",\"@id\":\"https:\/\/zinn-giesserei-goehler.com\/en\/#organization\",\"name\":\"Zinn Gie\u00dferei G\u00f6hler\",\"url\":\"https:\/\/zinn-giesserei-goehler.com\/en\/\",\"logo\":{\"@type\":\"ImageObject\",\"inLanguage\":\"en-US\",\"@id\":\"https:\/\/zinn-giesserei-goehler.com\/en\/#\/schema\/logo\/image\/\",\"url\":\"https:\/\/zinn-giesserei-goehler.com\/wp-content\/uploads\/2022\/01\/LogoV02-zugeschnitten-e1646411454787.png\",\"contentUrl\":\"https:\/\/zinn-giesserei-goehler.com\/wp-content\/uploads\/2022\/01\/LogoV02-zugeschnitten-e1646411454787.png\",\"width\":500,\"height\":182,\"caption\":\"Zinn Gie\u00dferei G\u00f6hler\"},\"image\":{\"@id\":\"https:\/\/zinn-giesserei-goehler.com\/en\/#\/schema\/logo\/image\/\"}}]}<\/script>\n<!-- \/ Yoast SEO plugin. -->","yoast_head_json":{"title":"Body tinning paste based on SnCu3 - Zinn Gie\u00dferei G\u00f6hler","robots":{"index":"index","follow":"follow","max-snippet":"max-snippet:-1","max-image-preview":"max-image-preview:large","max-video-preview":"max-video-preview:-1"},"canonical":"https:\/\/zinn-giesserei-goehler.com\/en\/produkt\/brazing-alloy-l-cup6-according-to-din-en-1044-kopie-kopie-kopie-kopie-kopie\/","og_locale":"en_US","og_type":"article","og_title":"Body tinning paste based on SnCu3 - Zinn Gie\u00dferei G\u00f6hler","og_description":"Soldering water, copper, copper alloys, steel","og_url":"https:\/\/zinn-giesserei-goehler.com\/en\/produkt\/brazing-alloy-l-cup6-according-to-din-en-1044-kopie-kopie-kopie-kopie-kopie\/","og_site_name":"Zinn Gie\u00dferei G\u00f6hler","article_modified_time":"2026-01-21T19:06:40+00:00","og_image":[{"width":2048,"height":1536,"url":"https:\/\/zinn-giesserei-goehler.com\/wp-content\/uploads\/2025\/12\/Pastin-803-1.jpg","type":"image\/jpeg"}],"twitter_card":"summary_large_image","twitter_misc":{"Est. reading time":"2 minutes"},"schema":{"@context":"https:\/\/schema.org","@graph":[{"@type":"WebPage","@id":"https:\/\/zinn-giesserei-goehler.com\/en\/produkt\/brazing-alloy-l-cup6-according-to-din-en-1044-kopie-kopie-kopie-kopie-kopie\/","url":"https:\/\/zinn-giesserei-goehler.com\/en\/produkt\/brazing-alloy-l-cup6-according-to-din-en-1044-kopie-kopie-kopie-kopie-kopie\/","name":"Body tinning paste based on SnCu3 - Zinn Gie\u00dferei G\u00f6hler","isPartOf":{"@id":"https:\/\/zinn-giesserei-goehler.com\/en\/#website"},"primaryImageOfPage":{"@id":"https:\/\/zinn-giesserei-goehler.com\/en\/produkt\/brazing-alloy-l-cup6-according-to-din-en-1044-kopie-kopie-kopie-kopie-kopie\/#primaryimage"},"image":{"@id":"https:\/\/zinn-giesserei-goehler.com\/en\/produkt\/brazing-alloy-l-cup6-according-to-din-en-1044-kopie-kopie-kopie-kopie-kopie\/#primaryimage"},"thumbnailUrl":"https:\/\/i0.wp.com\/zinn-giesserei-goehler.com\/wp-content\/uploads\/2025\/12\/Pastin-803-1.jpg?fit=2048%2C1536&ssl=1","datePublished":"2025-12-01T09:47:59+00:00","dateModified":"2026-01-21T19:06:40+00:00","breadcrumb":{"@id":"https:\/\/zinn-giesserei-goehler.com\/en\/produkt\/brazing-alloy-l-cup6-according-to-din-en-1044-kopie-kopie-kopie-kopie-kopie\/#breadcrumb"},"inLanguage":"en-US","potentialAction":[{"@type":"ReadAction","target":["https:\/\/zinn-giesserei-goehler.com\/en\/produkt\/brazing-alloy-l-cup6-according-to-din-en-1044-kopie-kopie-kopie-kopie-kopie\/"]}]},{"@type":"ImageObject","inLanguage":"en-US","@id":"https:\/\/zinn-giesserei-goehler.com\/en\/produkt\/brazing-alloy-l-cup6-according-to-din-en-1044-kopie-kopie-kopie-kopie-kopie\/#primaryimage","url":"https:\/\/i0.wp.com\/zinn-giesserei-goehler.com\/wp-content\/uploads\/2025\/12\/Pastin-803-1.jpg?fit=2048%2C1536&ssl=1","contentUrl":"https:\/\/i0.wp.com\/zinn-giesserei-goehler.com\/wp-content\/uploads\/2025\/12\/Pastin-803-1.jpg?fit=2048%2C1536&ssl=1","width":2048,"height":1536},{"@type":"BreadcrumbList","@id":"https:\/\/zinn-giesserei-goehler.com\/en\/produkt\/brazing-alloy-l-cup6-according-to-din-en-1044-kopie-kopie-kopie-kopie-kopie\/#breadcrumb","itemListElement":[{"@type":"ListItem","position":1,"name":"Startseite","item":"https:\/\/zinn-giesserei-goehler.com\/en\/"},{"@type":"ListItem","position":2,"name":"Shop","item":"https:\/\/zinn-giesserei-goehler.com\/en\/shop\/"},{"@type":"ListItem","position":3,"name":"Body tinning paste based on SnCu3"}]},{"@type":"WebSite","@id":"https:\/\/zinn-giesserei-goehler.com\/en\/#website","url":"https:\/\/zinn-giesserei-goehler.com\/en\/","name":"Zinn Gie\u00dferei G\u00f6hler","description":"Ihr Zinnh\u00e4ndler aus Deutschland","publisher":{"@id":"https:\/\/zinn-giesserei-goehler.com\/en\/#organization"},"potentialAction":[{"@type":"SearchAction","target":{"@type":"EntryPoint","urlTemplate":"https:\/\/zinn-giesserei-goehler.com\/en\/?s={search_term_string}"},"query-input":{"@type":"PropertyValueSpecification","valueRequired":true,"valueName":"search_term_string"}}],"inLanguage":"en-US"},{"@type":"Organization","@id":"https:\/\/zinn-giesserei-goehler.com\/en\/#organization","name":"Zinn Gie\u00dferei G\u00f6hler","url":"https:\/\/zinn-giesserei-goehler.com\/en\/","logo":{"@type":"ImageObject","inLanguage":"en-US","@id":"https:\/\/zinn-giesserei-goehler.com\/en\/#\/schema\/logo\/image\/","url":"https:\/\/zinn-giesserei-goehler.com\/wp-content\/uploads\/2022\/01\/LogoV02-zugeschnitten-e1646411454787.png","contentUrl":"https:\/\/zinn-giesserei-goehler.com\/wp-content\/uploads\/2022\/01\/LogoV02-zugeschnitten-e1646411454787.png","width":500,"height":182,"caption":"Zinn Gie\u00dferei G\u00f6hler"},"image":{"@id":"https:\/\/zinn-giesserei-goehler.com\/en\/#\/schema\/logo\/image\/"}}]}},"jetpack_sharing_enabled":true,"_links":{"self":[{"href":"https:\/\/zinn-giesserei-goehler.com\/en\/wp-json\/wp\/v2\/product\/34243","targetHints":{"allow":["GET"]}}],"collection":[{"href":"https:\/\/zinn-giesserei-goehler.com\/en\/wp-json\/wp\/v2\/product"}],"about":[{"href":"https:\/\/zinn-giesserei-goehler.com\/en\/wp-json\/wp\/v2\/types\/product"}],"wp:featuredmedia":[{"embeddable":true,"href":"https:\/\/zinn-giesserei-goehler.com\/en\/wp-json\/wp\/v2\/media\/34282"}],"wp:attachment":[{"href":"https:\/\/zinn-giesserei-goehler.com\/en\/wp-json\/wp\/v2\/media?parent=34243"}],"wp:term":[{"taxonomy":"product_brand","embeddable":true,"href":"https:\/\/zinn-giesserei-goehler.com\/en\/wp-json\/wp\/v2\/product_brand?post=34243"},{"taxonomy":"product_cat","embeddable":true,"href":"https:\/\/zinn-giesserei-goehler.com\/en\/wp-json\/wp\/v2\/product_cat?post=34243"},{"taxonomy":"product_tag","embeddable":true,"href":"https:\/\/zinn-giesserei-goehler.com\/en\/wp-json\/wp\/v2\/product_tag?post=34243"}],"curies":[{"name":"wp","href":"https:\/\/api.w.org\/{rel}","templated":true}]}}