{"id":33326,"date":"2025-09-25T08:58:35","date_gmt":"2025-09-25T06:58:35","guid":{"rendered":"https:\/\/zinn-giesserei-goehler.com\/?post_type=product&#038;p=33326"},"modified":"2026-03-04T13:16:54","modified_gmt":"2026-03-04T12:16:54","slug":"brazing-alloy-l-cup6-according-to-din-en-1044-kopie-kopie","status":"publish","type":"product","link":"https:\/\/zinn-giesserei-goehler.com\/en\/produkt\/brazing-alloy-l-cup6-according-to-din-en-1044-kopie-kopie\/","title":{"rendered":"Brazing alloy L-CuZn40 according to DIN EN 1044"},"content":{"rendered":"<h3>L-CuZn40, BRASS 60, CU 303 according to DIN EN 1044, B-Cu60Zn(Si)(Mn)-870\/900 according to DIN EN ISO 3677<\/h3>\n<h4><strong><span style=\"font-size: large\">Composition: 61.5 &#8211; 58.5 % copper, 37.85 &#8211; 41.3 % zinc, 0.05 &#8211; 0.25 % manganese and 0.15 &#8211; 0.4 % silicon<\/span><\/strong><br \/>\n<strong><span style=\"font-size: large\">Form: Round rods of 2&#215;500 mm<\/span><\/strong><br \/>\n<strong><span style=\"font-size: large\">Unit weight: approx. 13 g<\/span><\/strong><br \/>\n<strong><span style=\"font-size: large\">Working temperature: 900 \u00b0C<br \/>\n<\/span><\/strong><strong><span style=\"font-size: large\">Melting range: 870 &#8211; 900 \u00b0C<br \/>\n<\/span><\/strong><strong><span style=\"font-size: large\">Density: 8.4 g<\/span><span style=\"font-size: large\">\/<\/span>cm\u00b3<\/strong><br \/>\n<strong><span style=\"font-size: large\">Tensile strength: 300 &#8211; 400 N<\/span><span style=\"font-size: large\">\/<\/span>mm\u00b2<br \/>\n<\/strong><strong><span style=\"font-size: large\">Brinell hardness (HB): 110<br \/>\nElongation at break: 30 %<\/span><\/strong><\/h4>\n<p>The brazing alloy L-CuZn40 is a common copper\/brass brazing alloy and is preferably used to braze copper alloys with a solidus temperature above 950 \u00b0C, unalloyed or low-alloy steels, as well as nickel and nickel alloys.<\/p>\n<p>Fluxes based on FH21 and FH10 can be used during the soldering process. Since FH10, unlike FH21, is freely available because it contains more compatible substances, we recommend using this flux for brazing L-CuZn40. <\/p>\n<p>For quantities up to 5 pieces, we offer the rods divided in the middle to provide you with a more favorable price through shipping cost savings.<\/p>\n","protected":false},"excerpt":{"rendered":"<p>Copper Brazing Alloy, for Copper Pipe Installation<\/p>\n","protected":false},"featured_media":33460,"template":"","meta":[],"product_brand":[],"product_cat":[298,424],"product_tag":[421,423,422],"class_list":{"0":"post-33326","1":"product","2":"type-product","3":"status-publish","4":"has-post-thumbnail","6":"product_cat-alloys","7":"product_cat-brazing-alloys","8":"product_tag-brazing","9":"product_tag-copper-pipes","10":"product_tag-fh10","11":"product_shipping_class-free","13":"first","14":"instock","15":"taxable","16":"shipping-taxable","17":"purchasable","18":"product-type-variable"},"yoast_head":"<!-- This site is optimized with the Yoast SEO plugin v27.5 - https:\/\/yoast.com\/product\/yoast-seo-wordpress\/ -->\n<title>Brazing alloy L-CuZn40 according to DIN EN 1044 - Zinn Gie\u00dferei G\u00f6hler<\/title>\n<meta name=\"robots\" content=\"index, follow, max-snippet:-1, max-image-preview:large, max-video-preview:-1\" \/>\n<link rel=\"canonical\" href=\"https:\/\/zinn-giesserei-goehler.com\/en\/produkt\/brazing-alloy-l-cup6-according-to-din-en-1044-kopie-kopie\/\" \/>\n<meta property=\"og:locale\" content=\"en_US\" \/>\n<meta property=\"og:type\" content=\"article\" \/>\n<meta property=\"og:title\" content=\"Brazing alloy L-CuZn40 according to DIN EN 1044 - Zinn Gie\u00dferei G\u00f6hler\" \/>\n<meta property=\"og:description\" content=\"Copper Brazing Alloy, for Copper Pipe Installation\" \/>\n<meta property=\"og:url\" content=\"https:\/\/zinn-giesserei-goehler.com\/en\/produkt\/brazing-alloy-l-cup6-according-to-din-en-1044-kopie-kopie\/\" \/>\n<meta property=\"og:site_name\" content=\"Zinn Gie\u00dferei G\u00f6hler\" \/>\n<meta property=\"article:modified_time\" content=\"2026-03-04T12:16:54+00:00\" \/>\n<meta property=\"og:image\" content=\"https:\/\/i0.wp.com\/zinn-giesserei-goehler.com\/wp-content\/uploads\/2025\/09\/Ms-Hartlot-L-CuZn40-1-zugeschnitten.jpg?fit=1813%2C1360&ssl=1\" \/>\n\t<meta property=\"og:image:width\" content=\"1813\" \/>\n\t<meta property=\"og:image:height\" content=\"1360\" \/>\n\t<meta property=\"og:image:type\" content=\"image\/jpeg\" \/>\n<meta name=\"twitter:card\" content=\"summary_large_image\" \/>\n<meta name=\"twitter:label1\" content=\"Est. reading time\" \/>\n\t<meta name=\"twitter:data1\" content=\"1 minute\" \/>\n<script type=\"application\/ld+json\" class=\"yoast-schema-graph\">{\"@context\":\"https:\\\/\\\/schema.org\",\"@graph\":[{\"@type\":\"WebPage\",\"@id\":\"https:\\\/\\\/zinn-giesserei-goehler.com\\\/en\\\/produkt\\\/brazing-alloy-l-cup6-according-to-din-en-1044-kopie-kopie\\\/\",\"url\":\"https:\\\/\\\/zinn-giesserei-goehler.com\\\/en\\\/produkt\\\/brazing-alloy-l-cup6-according-to-din-en-1044-kopie-kopie\\\/\",\"name\":\"Brazing alloy L-CuZn40 according to DIN EN 1044 - Zinn Gie\u00dferei G\u00f6hler\",\"isPartOf\":{\"@id\":\"https:\\\/\\\/zinn-giesserei-goehler.com\\\/en\\\/#website\"},\"primaryImageOfPage\":{\"@id\":\"https:\\\/\\\/zinn-giesserei-goehler.com\\\/en\\\/produkt\\\/brazing-alloy-l-cup6-according-to-din-en-1044-kopie-kopie\\\/#primaryimage\"},\"image\":{\"@id\":\"https:\\\/\\\/zinn-giesserei-goehler.com\\\/en\\\/produkt\\\/brazing-alloy-l-cup6-according-to-din-en-1044-kopie-kopie\\\/#primaryimage\"},\"thumbnailUrl\":\"https:\\\/\\\/zinn-giesserei-goehler.com\\\/wp-content\\\/uploads\\\/2025\\\/09\\\/Ms-Hartlot-L-CuZn40-1-zugeschnitten.jpg\",\"datePublished\":\"2025-09-25T06:58:35+00:00\",\"dateModified\":\"2026-03-04T12:16:54+00:00\",\"breadcrumb\":{\"@id\":\"https:\\\/\\\/zinn-giesserei-goehler.com\\\/en\\\/produkt\\\/brazing-alloy-l-cup6-according-to-din-en-1044-kopie-kopie\\\/#breadcrumb\"},\"inLanguage\":\"en-US\",\"potentialAction\":[{\"@type\":\"ReadAction\",\"target\":[\"https:\\\/\\\/zinn-giesserei-goehler.com\\\/en\\\/produkt\\\/brazing-alloy-l-cup6-according-to-din-en-1044-kopie-kopie\\\/\"]}]},{\"@type\":\"ImageObject\",\"inLanguage\":\"en-US\",\"@id\":\"https:\\\/\\\/zinn-giesserei-goehler.com\\\/en\\\/produkt\\\/brazing-alloy-l-cup6-according-to-din-en-1044-kopie-kopie\\\/#primaryimage\",\"url\":\"https:\\\/\\\/zinn-giesserei-goehler.com\\\/wp-content\\\/uploads\\\/2025\\\/09\\\/Ms-Hartlot-L-CuZn40-1-zugeschnitten.jpg\",\"contentUrl\":\"https:\\\/\\\/zinn-giesserei-goehler.com\\\/wp-content\\\/uploads\\\/2025\\\/09\\\/Ms-Hartlot-L-CuZn40-1-zugeschnitten.jpg\",\"width\":1813,\"height\":1360},{\"@type\":\"BreadcrumbList\",\"@id\":\"https:\\\/\\\/zinn-giesserei-goehler.com\\\/en\\\/produkt\\\/brazing-alloy-l-cup6-according-to-din-en-1044-kopie-kopie\\\/#breadcrumb\",\"itemListElement\":[{\"@type\":\"ListItem\",\"position\":1,\"name\":\"Startseite\",\"item\":\"https:\\\/\\\/zinn-giesserei-goehler.com\\\/en\\\/\"},{\"@type\":\"ListItem\",\"position\":2,\"name\":\"Shop\",\"item\":\"https:\\\/\\\/zinn-giesserei-goehler.com\\\/en\\\/shop\\\/\"},{\"@type\":\"ListItem\",\"position\":3,\"name\":\"Brazing alloy L-CuZn40 according to DIN EN 1044\"}]},{\"@type\":\"WebSite\",\"@id\":\"https:\\\/\\\/zinn-giesserei-goehler.com\\\/en\\\/#website\",\"url\":\"https:\\\/\\\/zinn-giesserei-goehler.com\\\/en\\\/\",\"name\":\"Zinn Gie\u00dferei G\u00f6hler\",\"description\":\"Ihr Zinnh\u00e4ndler aus Deutschland\",\"publisher\":{\"@id\":\"https:\\\/\\\/zinn-giesserei-goehler.com\\\/en\\\/#organization\"},\"potentialAction\":[{\"@type\":\"SearchAction\",\"target\":{\"@type\":\"EntryPoint\",\"urlTemplate\":\"https:\\\/\\\/zinn-giesserei-goehler.com\\\/en\\\/?s={search_term_string}\"},\"query-input\":{\"@type\":\"PropertyValueSpecification\",\"valueRequired\":true,\"valueName\":\"search_term_string\"}}],\"inLanguage\":\"en-US\"},{\"@type\":\"Organization\",\"@id\":\"https:\\\/\\\/zinn-giesserei-goehler.com\\\/en\\\/#organization\",\"name\":\"Zinn Gie\u00dferei G\u00f6hler\",\"url\":\"https:\\\/\\\/zinn-giesserei-goehler.com\\\/en\\\/\",\"logo\":{\"@type\":\"ImageObject\",\"inLanguage\":\"en-US\",\"@id\":\"https:\\\/\\\/zinn-giesserei-goehler.com\\\/en\\\/#\\\/schema\\\/logo\\\/image\\\/\",\"url\":\"https:\\\/\\\/zinn-giesserei-goehler.com\\\/wp-content\\\/uploads\\\/2022\\\/01\\\/LogoV02-zugeschnitten-e1646411454787.png\",\"contentUrl\":\"https:\\\/\\\/zinn-giesserei-goehler.com\\\/wp-content\\\/uploads\\\/2022\\\/01\\\/LogoV02-zugeschnitten-e1646411454787.png\",\"width\":500,\"height\":182,\"caption\":\"Zinn Gie\u00dferei G\u00f6hler\"},\"image\":{\"@id\":\"https:\\\/\\\/zinn-giesserei-goehler.com\\\/en\\\/#\\\/schema\\\/logo\\\/image\\\/\"}}]}<\/script>\n<!-- \/ Yoast SEO plugin. -->","yoast_head_json":{"title":"Brazing alloy L-CuZn40 according to DIN EN 1044 - Zinn Gie\u00dferei G\u00f6hler","robots":{"index":"index","follow":"follow","max-snippet":"max-snippet:-1","max-image-preview":"max-image-preview:large","max-video-preview":"max-video-preview:-1"},"canonical":"https:\/\/zinn-giesserei-goehler.com\/en\/produkt\/brazing-alloy-l-cup6-according-to-din-en-1044-kopie-kopie\/","og_locale":"en_US","og_type":"article","og_title":"Brazing alloy L-CuZn40 according to DIN EN 1044 - Zinn Gie\u00dferei G\u00f6hler","og_description":"Copper Brazing Alloy, for Copper Pipe Installation","og_url":"https:\/\/zinn-giesserei-goehler.com\/en\/produkt\/brazing-alloy-l-cup6-according-to-din-en-1044-kopie-kopie\/","og_site_name":"Zinn Gie\u00dferei G\u00f6hler","article_modified_time":"2026-03-04T12:16:54+00:00","og_image":[{"width":1813,"height":1360,"url":"https:\/\/i0.wp.com\/zinn-giesserei-goehler.com\/wp-content\/uploads\/2025\/09\/Ms-Hartlot-L-CuZn40-1-zugeschnitten.jpg?fit=1813%2C1360&ssl=1","type":"image\/jpeg"}],"twitter_card":"summary_large_image","twitter_misc":{"Est. reading time":"1 minute"},"schema":{"@context":"https:\/\/schema.org","@graph":[{"@type":"WebPage","@id":"https:\/\/zinn-giesserei-goehler.com\/en\/produkt\/brazing-alloy-l-cup6-according-to-din-en-1044-kopie-kopie\/","url":"https:\/\/zinn-giesserei-goehler.com\/en\/produkt\/brazing-alloy-l-cup6-according-to-din-en-1044-kopie-kopie\/","name":"Brazing alloy L-CuZn40 according to DIN EN 1044 - Zinn Gie\u00dferei G\u00f6hler","isPartOf":{"@id":"https:\/\/zinn-giesserei-goehler.com\/en\/#website"},"primaryImageOfPage":{"@id":"https:\/\/zinn-giesserei-goehler.com\/en\/produkt\/brazing-alloy-l-cup6-according-to-din-en-1044-kopie-kopie\/#primaryimage"},"image":{"@id":"https:\/\/zinn-giesserei-goehler.com\/en\/produkt\/brazing-alloy-l-cup6-according-to-din-en-1044-kopie-kopie\/#primaryimage"},"thumbnailUrl":"https:\/\/zinn-giesserei-goehler.com\/wp-content\/uploads\/2025\/09\/Ms-Hartlot-L-CuZn40-1-zugeschnitten.jpg","datePublished":"2025-09-25T06:58:35+00:00","dateModified":"2026-03-04T12:16:54+00:00","breadcrumb":{"@id":"https:\/\/zinn-giesserei-goehler.com\/en\/produkt\/brazing-alloy-l-cup6-according-to-din-en-1044-kopie-kopie\/#breadcrumb"},"inLanguage":"en-US","potentialAction":[{"@type":"ReadAction","target":["https:\/\/zinn-giesserei-goehler.com\/en\/produkt\/brazing-alloy-l-cup6-according-to-din-en-1044-kopie-kopie\/"]}]},{"@type":"ImageObject","inLanguage":"en-US","@id":"https:\/\/zinn-giesserei-goehler.com\/en\/produkt\/brazing-alloy-l-cup6-according-to-din-en-1044-kopie-kopie\/#primaryimage","url":"https:\/\/zinn-giesserei-goehler.com\/wp-content\/uploads\/2025\/09\/Ms-Hartlot-L-CuZn40-1-zugeschnitten.jpg","contentUrl":"https:\/\/zinn-giesserei-goehler.com\/wp-content\/uploads\/2025\/09\/Ms-Hartlot-L-CuZn40-1-zugeschnitten.jpg","width":1813,"height":1360},{"@type":"BreadcrumbList","@id":"https:\/\/zinn-giesserei-goehler.com\/en\/produkt\/brazing-alloy-l-cup6-according-to-din-en-1044-kopie-kopie\/#breadcrumb","itemListElement":[{"@type":"ListItem","position":1,"name":"Startseite","item":"https:\/\/zinn-giesserei-goehler.com\/en\/"},{"@type":"ListItem","position":2,"name":"Shop","item":"https:\/\/zinn-giesserei-goehler.com\/en\/shop\/"},{"@type":"ListItem","position":3,"name":"Brazing alloy L-CuZn40 according to DIN EN 1044"}]},{"@type":"WebSite","@id":"https:\/\/zinn-giesserei-goehler.com\/en\/#website","url":"https:\/\/zinn-giesserei-goehler.com\/en\/","name":"Zinn Gie\u00dferei G\u00f6hler","description":"Ihr Zinnh\u00e4ndler aus Deutschland","publisher":{"@id":"https:\/\/zinn-giesserei-goehler.com\/en\/#organization"},"potentialAction":[{"@type":"SearchAction","target":{"@type":"EntryPoint","urlTemplate":"https:\/\/zinn-giesserei-goehler.com\/en\/?s={search_term_string}"},"query-input":{"@type":"PropertyValueSpecification","valueRequired":true,"valueName":"search_term_string"}}],"inLanguage":"en-US"},{"@type":"Organization","@id":"https:\/\/zinn-giesserei-goehler.com\/en\/#organization","name":"Zinn Gie\u00dferei G\u00f6hler","url":"https:\/\/zinn-giesserei-goehler.com\/en\/","logo":{"@type":"ImageObject","inLanguage":"en-US","@id":"https:\/\/zinn-giesserei-goehler.com\/en\/#\/schema\/logo\/image\/","url":"https:\/\/zinn-giesserei-goehler.com\/wp-content\/uploads\/2022\/01\/LogoV02-zugeschnitten-e1646411454787.png","contentUrl":"https:\/\/zinn-giesserei-goehler.com\/wp-content\/uploads\/2022\/01\/LogoV02-zugeschnitten-e1646411454787.png","width":500,"height":182,"caption":"Zinn Gie\u00dferei G\u00f6hler"},"image":{"@id":"https:\/\/zinn-giesserei-goehler.com\/en\/#\/schema\/logo\/image\/"}}]}},"jetpack_sharing_enabled":true,"_links":{"self":[{"href":"https:\/\/zinn-giesserei-goehler.com\/en\/wp-json\/wp\/v2\/product\/33326","targetHints":{"allow":["GET"]}}],"collection":[{"href":"https:\/\/zinn-giesserei-goehler.com\/en\/wp-json\/wp\/v2\/product"}],"about":[{"href":"https:\/\/zinn-giesserei-goehler.com\/en\/wp-json\/wp\/v2\/types\/product"}],"wp:featuredmedia":[{"embeddable":true,"href":"https:\/\/zinn-giesserei-goehler.com\/en\/wp-json\/wp\/v2\/media\/33460"}],"wp:attachment":[{"href":"https:\/\/zinn-giesserei-goehler.com\/en\/wp-json\/wp\/v2\/media?parent=33326"}],"wp:term":[{"taxonomy":"product_brand","embeddable":true,"href":"https:\/\/zinn-giesserei-goehler.com\/en\/wp-json\/wp\/v2\/product_brand?post=33326"},{"taxonomy":"product_cat","embeddable":true,"href":"https:\/\/zinn-giesserei-goehler.com\/en\/wp-json\/wp\/v2\/product_cat?post=33326"},{"taxonomy":"product_tag","embeddable":true,"href":"https:\/\/zinn-giesserei-goehler.com\/en\/wp-json\/wp\/v2\/product_tag?post=33326"}],"curies":[{"name":"wp","href":"https:\/\/api.w.org\/{rel}","templated":true}]}}