{"id":32509,"date":"2022-07-25T15:05:59","date_gmt":"2022-07-25T13:05:59","guid":{"rendered":"https:\/\/zinn-giesserei-goehler.com\/produkt\/copper-square\/"},"modified":"2026-01-21T20:31:31","modified_gmt":"2026-01-21T19:31:31","slug":"copper-square","status":"publish","type":"product","link":"https:\/\/zinn-giesserei-goehler.com\/en\/produkt\/copper-square\/","title":{"rendered":"Copper Square"},"content":{"rendered":"<p style=\"font-weight: 400\"><strong>Pure Copper Cu99.9 Square Bars<\/strong><\/p>\n<p style=\"font-weight: 400\"><strong>Purity: 99.9%<\/strong><br \/>\n<strong>Edge Dimensions: 6-30mm<\/strong><br \/>\n<strong>Length: 50-2000mm<\/strong><br \/>\n<strong>Melting Point: 1084.62\u00b0C<\/strong><br \/>\n<strong>Density: 8.92 g\/cm\u00b3<\/strong><\/p>\n<p style=\"font-weight: 400\">This offer includes pure copper (Cu99.9) in the form of square bars.<br \/>\nThe length tolerance is up to +2mm.<\/p>\n<p>For safer handling, we deburr all profiles before delivery. This goes beyond the common practice of delivering profiles with raw cut edges. If, for any reason, deburring is not desired, please let us know when placing your order.  <\/p>\n<p>Note:<\/p>\n<p><span style=\"font-size: large\">For lengths over 1000 mm, significantly increased transport costs apply due to excess length. This means that 1500 mm and 2000 mm profiles are more expensive in the base price than 1000 mm profiles.<br \/>\nIf you require quantities of more than 4 pieces for 1500 mm and 2000 mm, or more than 10 pieces for all other dimensions, we would be happy to provide you with a personal offer tailored to your specific needs. <\/span><\/p>\n","protected":false},"excerpt":{"rendered":"<p>Cu 99.9 Square Flat Bar<\/p>\n","protected":false},"featured_media":34750,"template":"","meta":[],"product_brand":[],"product_cat":[299,344,334,291,426],"product_tag":[],"class_list":{"0":"post-32509","1":"product","2":"type-product","3":"status-publish","4":"has-post-thumbnail","6":"product_cat-bars","7":"product_cat-copper","8":"product_cat-profiles","9":"product_cat-pure-metals","10":"product_cat-square-bars","11":"product_shipping_class-free","13":"first","14":"instock","15":"taxable","16":"shipping-taxable","17":"purchasable","18":"product-type-variable"},"yoast_head":"<!-- This site is optimized with the Yoast SEO plugin v27.5 - https:\/\/yoast.com\/product\/yoast-seo-wordpress\/ -->\n<title>Copper Square - Zinn Gie\u00dferei G\u00f6hler<\/title>\n<meta name=\"robots\" content=\"index, follow, max-snippet:-1, max-image-preview:large, max-video-preview:-1\" \/>\n<link rel=\"canonical\" href=\"https:\/\/zinn-giesserei-goehler.com\/en\/produkt\/copper-square\/\" \/>\n<meta property=\"og:locale\" content=\"en_US\" \/>\n<meta property=\"og:type\" content=\"article\" \/>\n<meta property=\"og:title\" content=\"Copper Square - Zinn Gie\u00dferei G\u00f6hler\" \/>\n<meta property=\"og:description\" content=\"Cu 99.9 Square Flat Bar\" \/>\n<meta property=\"og:url\" content=\"https:\/\/zinn-giesserei-goehler.com\/en\/produkt\/copper-square\/\" \/>\n<meta property=\"og:site_name\" content=\"Zinn Gie\u00dferei G\u00f6hler\" \/>\n<meta property=\"article:modified_time\" content=\"2026-01-21T19:31:31+00:00\" \/>\n<meta property=\"og:image\" content=\"https:\/\/zinn-giesserei-goehler.com\/wp-content\/uploads\/2022\/07\/Cu999-ETP-Vierkant-4-zu-3-zugeschnitten.jpg\" \/>\n\t<meta property=\"og:image:width\" content=\"1725\" \/>\n\t<meta property=\"og:image:height\" content=\"1294\" \/>\n\t<meta property=\"og:image:type\" content=\"image\/jpeg\" \/>\n<meta name=\"twitter:card\" content=\"summary_large_image\" \/>\n<meta name=\"twitter:label1\" content=\"Est. reading time\" \/>\n\t<meta name=\"twitter:data1\" content=\"1 minute\" \/>\n<script type=\"application\/ld+json\" class=\"yoast-schema-graph\">{\"@context\":\"https:\\\/\\\/schema.org\",\"@graph\":[{\"@type\":\"WebPage\",\"@id\":\"https:\\\/\\\/zinn-giesserei-goehler.com\\\/en\\\/produkt\\\/copper-square\\\/\",\"url\":\"https:\\\/\\\/zinn-giesserei-goehler.com\\\/en\\\/produkt\\\/copper-square\\\/\",\"name\":\"Copper Square - Zinn Gie\u00dferei G\u00f6hler\",\"isPartOf\":{\"@id\":\"https:\\\/\\\/zinn-giesserei-goehler.com\\\/en\\\/#website\"},\"primaryImageOfPage\":{\"@id\":\"https:\\\/\\\/zinn-giesserei-goehler.com\\\/en\\\/produkt\\\/copper-square\\\/#primaryimage\"},\"image\":{\"@id\":\"https:\\\/\\\/zinn-giesserei-goehler.com\\\/en\\\/produkt\\\/copper-square\\\/#primaryimage\"},\"thumbnailUrl\":\"https:\\\/\\\/i0.wp.com\\\/zinn-giesserei-goehler.com\\\/wp-content\\\/uploads\\\/2022\\\/07\\\/Cu999-ETP-Vierkant-4-zu-3-zugeschnitten.jpg?fit=1725%2C1294&ssl=1\",\"datePublished\":\"2022-07-25T13:05:59+00:00\",\"dateModified\":\"2026-01-21T19:31:31+00:00\",\"breadcrumb\":{\"@id\":\"https:\\\/\\\/zinn-giesserei-goehler.com\\\/en\\\/produkt\\\/copper-square\\\/#breadcrumb\"},\"inLanguage\":\"en-US\",\"potentialAction\":[{\"@type\":\"ReadAction\",\"target\":[\"https:\\\/\\\/zinn-giesserei-goehler.com\\\/en\\\/produkt\\\/copper-square\\\/\"]}]},{\"@type\":\"ImageObject\",\"inLanguage\":\"en-US\",\"@id\":\"https:\\\/\\\/zinn-giesserei-goehler.com\\\/en\\\/produkt\\\/copper-square\\\/#primaryimage\",\"url\":\"https:\\\/\\\/i0.wp.com\\\/zinn-giesserei-goehler.com\\\/wp-content\\\/uploads\\\/2022\\\/07\\\/Cu999-ETP-Vierkant-4-zu-3-zugeschnitten.jpg?fit=1725%2C1294&ssl=1\",\"contentUrl\":\"https:\\\/\\\/i0.wp.com\\\/zinn-giesserei-goehler.com\\\/wp-content\\\/uploads\\\/2022\\\/07\\\/Cu999-ETP-Vierkant-4-zu-3-zugeschnitten.jpg?fit=1725%2C1294&ssl=1\",\"width\":1725,\"height\":1294},{\"@type\":\"BreadcrumbList\",\"@id\":\"https:\\\/\\\/zinn-giesserei-goehler.com\\\/en\\\/produkt\\\/copper-square\\\/#breadcrumb\",\"itemListElement\":[{\"@type\":\"ListItem\",\"position\":1,\"name\":\"Startseite\",\"item\":\"https:\\\/\\\/zinn-giesserei-goehler.com\\\/en\\\/\"},{\"@type\":\"ListItem\",\"position\":2,\"name\":\"Shop\",\"item\":\"https:\\\/\\\/zinn-giesserei-goehler.com\\\/en\\\/shop\\\/\"},{\"@type\":\"ListItem\",\"position\":3,\"name\":\"Copper Square\"}]},{\"@type\":\"WebSite\",\"@id\":\"https:\\\/\\\/zinn-giesserei-goehler.com\\\/en\\\/#website\",\"url\":\"https:\\\/\\\/zinn-giesserei-goehler.com\\\/en\\\/\",\"name\":\"Zinn Gie\u00dferei G\u00f6hler\",\"description\":\"Ihr Zinnh\u00e4ndler aus Deutschland\",\"publisher\":{\"@id\":\"https:\\\/\\\/zinn-giesserei-goehler.com\\\/en\\\/#organization\"},\"potentialAction\":[{\"@type\":\"SearchAction\",\"target\":{\"@type\":\"EntryPoint\",\"urlTemplate\":\"https:\\\/\\\/zinn-giesserei-goehler.com\\\/en\\\/?s={search_term_string}\"},\"query-input\":{\"@type\":\"PropertyValueSpecification\",\"valueRequired\":true,\"valueName\":\"search_term_string\"}}],\"inLanguage\":\"en-US\"},{\"@type\":\"Organization\",\"@id\":\"https:\\\/\\\/zinn-giesserei-goehler.com\\\/en\\\/#organization\",\"name\":\"Zinn Gie\u00dferei G\u00f6hler\",\"url\":\"https:\\\/\\\/zinn-giesserei-goehler.com\\\/en\\\/\",\"logo\":{\"@type\":\"ImageObject\",\"inLanguage\":\"en-US\",\"@id\":\"https:\\\/\\\/zinn-giesserei-goehler.com\\\/en\\\/#\\\/schema\\\/logo\\\/image\\\/\",\"url\":\"https:\\\/\\\/zinn-giesserei-goehler.com\\\/wp-content\\\/uploads\\\/2022\\\/01\\\/LogoV02-zugeschnitten-e1646411454787.png\",\"contentUrl\":\"https:\\\/\\\/zinn-giesserei-goehler.com\\\/wp-content\\\/uploads\\\/2022\\\/01\\\/LogoV02-zugeschnitten-e1646411454787.png\",\"width\":500,\"height\":182,\"caption\":\"Zinn Gie\u00dferei G\u00f6hler\"},\"image\":{\"@id\":\"https:\\\/\\\/zinn-giesserei-goehler.com\\\/en\\\/#\\\/schema\\\/logo\\\/image\\\/\"}}]}<\/script>\n<!-- \/ Yoast SEO plugin. -->","yoast_head_json":{"title":"Copper Square - Zinn Gie\u00dferei G\u00f6hler","robots":{"index":"index","follow":"follow","max-snippet":"max-snippet:-1","max-image-preview":"max-image-preview:large","max-video-preview":"max-video-preview:-1"},"canonical":"https:\/\/zinn-giesserei-goehler.com\/en\/produkt\/copper-square\/","og_locale":"en_US","og_type":"article","og_title":"Copper Square - Zinn Gie\u00dferei G\u00f6hler","og_description":"Cu 99.9 Square Flat Bar","og_url":"https:\/\/zinn-giesserei-goehler.com\/en\/produkt\/copper-square\/","og_site_name":"Zinn Gie\u00dferei G\u00f6hler","article_modified_time":"2026-01-21T19:31:31+00:00","og_image":[{"width":1725,"height":1294,"url":"https:\/\/zinn-giesserei-goehler.com\/wp-content\/uploads\/2022\/07\/Cu999-ETP-Vierkant-4-zu-3-zugeschnitten.jpg","type":"image\/jpeg"}],"twitter_card":"summary_large_image","twitter_misc":{"Est. reading time":"1 minute"},"schema":{"@context":"https:\/\/schema.org","@graph":[{"@type":"WebPage","@id":"https:\/\/zinn-giesserei-goehler.com\/en\/produkt\/copper-square\/","url":"https:\/\/zinn-giesserei-goehler.com\/en\/produkt\/copper-square\/","name":"Copper Square - Zinn Gie\u00dferei G\u00f6hler","isPartOf":{"@id":"https:\/\/zinn-giesserei-goehler.com\/en\/#website"},"primaryImageOfPage":{"@id":"https:\/\/zinn-giesserei-goehler.com\/en\/produkt\/copper-square\/#primaryimage"},"image":{"@id":"https:\/\/zinn-giesserei-goehler.com\/en\/produkt\/copper-square\/#primaryimage"},"thumbnailUrl":"https:\/\/i0.wp.com\/zinn-giesserei-goehler.com\/wp-content\/uploads\/2022\/07\/Cu999-ETP-Vierkant-4-zu-3-zugeschnitten.jpg?fit=1725%2C1294&ssl=1","datePublished":"2022-07-25T13:05:59+00:00","dateModified":"2026-01-21T19:31:31+00:00","breadcrumb":{"@id":"https:\/\/zinn-giesserei-goehler.com\/en\/produkt\/copper-square\/#breadcrumb"},"inLanguage":"en-US","potentialAction":[{"@type":"ReadAction","target":["https:\/\/zinn-giesserei-goehler.com\/en\/produkt\/copper-square\/"]}]},{"@type":"ImageObject","inLanguage":"en-US","@id":"https:\/\/zinn-giesserei-goehler.com\/en\/produkt\/copper-square\/#primaryimage","url":"https:\/\/i0.wp.com\/zinn-giesserei-goehler.com\/wp-content\/uploads\/2022\/07\/Cu999-ETP-Vierkant-4-zu-3-zugeschnitten.jpg?fit=1725%2C1294&ssl=1","contentUrl":"https:\/\/i0.wp.com\/zinn-giesserei-goehler.com\/wp-content\/uploads\/2022\/07\/Cu999-ETP-Vierkant-4-zu-3-zugeschnitten.jpg?fit=1725%2C1294&ssl=1","width":1725,"height":1294},{"@type":"BreadcrumbList","@id":"https:\/\/zinn-giesserei-goehler.com\/en\/produkt\/copper-square\/#breadcrumb","itemListElement":[{"@type":"ListItem","position":1,"name":"Startseite","item":"https:\/\/zinn-giesserei-goehler.com\/en\/"},{"@type":"ListItem","position":2,"name":"Shop","item":"https:\/\/zinn-giesserei-goehler.com\/en\/shop\/"},{"@type":"ListItem","position":3,"name":"Copper Square"}]},{"@type":"WebSite","@id":"https:\/\/zinn-giesserei-goehler.com\/en\/#website","url":"https:\/\/zinn-giesserei-goehler.com\/en\/","name":"Zinn Gie\u00dferei G\u00f6hler","description":"Ihr Zinnh\u00e4ndler aus Deutschland","publisher":{"@id":"https:\/\/zinn-giesserei-goehler.com\/en\/#organization"},"potentialAction":[{"@type":"SearchAction","target":{"@type":"EntryPoint","urlTemplate":"https:\/\/zinn-giesserei-goehler.com\/en\/?s={search_term_string}"},"query-input":{"@type":"PropertyValueSpecification","valueRequired":true,"valueName":"search_term_string"}}],"inLanguage":"en-US"},{"@type":"Organization","@id":"https:\/\/zinn-giesserei-goehler.com\/en\/#organization","name":"Zinn Gie\u00dferei G\u00f6hler","url":"https:\/\/zinn-giesserei-goehler.com\/en\/","logo":{"@type":"ImageObject","inLanguage":"en-US","@id":"https:\/\/zinn-giesserei-goehler.com\/en\/#\/schema\/logo\/image\/","url":"https:\/\/zinn-giesserei-goehler.com\/wp-content\/uploads\/2022\/01\/LogoV02-zugeschnitten-e1646411454787.png","contentUrl":"https:\/\/zinn-giesserei-goehler.com\/wp-content\/uploads\/2022\/01\/LogoV02-zugeschnitten-e1646411454787.png","width":500,"height":182,"caption":"Zinn Gie\u00dferei G\u00f6hler"},"image":{"@id":"https:\/\/zinn-giesserei-goehler.com\/en\/#\/schema\/logo\/image\/"}}]}},"jetpack_sharing_enabled":true,"_links":{"self":[{"href":"https:\/\/zinn-giesserei-goehler.com\/en\/wp-json\/wp\/v2\/product\/32509","targetHints":{"allow":["GET"]}}],"collection":[{"href":"https:\/\/zinn-giesserei-goehler.com\/en\/wp-json\/wp\/v2\/product"}],"about":[{"href":"https:\/\/zinn-giesserei-goehler.com\/en\/wp-json\/wp\/v2\/types\/product"}],"wp:featuredmedia":[{"embeddable":true,"href":"https:\/\/zinn-giesserei-goehler.com\/en\/wp-json\/wp\/v2\/media\/34750"}],"wp:attachment":[{"href":"https:\/\/zinn-giesserei-goehler.com\/en\/wp-json\/wp\/v2\/media?parent=32509"}],"wp:term":[{"taxonomy":"product_brand","embeddable":true,"href":"https:\/\/zinn-giesserei-goehler.com\/en\/wp-json\/wp\/v2\/product_brand?post=32509"},{"taxonomy":"product_cat","embeddable":true,"href":"https:\/\/zinn-giesserei-goehler.com\/en\/wp-json\/wp\/v2\/product_cat?post=32509"},{"taxonomy":"product_tag","embeddable":true,"href":"https:\/\/zinn-giesserei-goehler.com\/en\/wp-json\/wp\/v2\/product_tag?post=32509"}],"curies":[{"name":"wp","href":"https:\/\/api.w.org\/{rel}","templated":true}]}}