{"id":32285,"date":"2022-08-03T10:57:09","date_gmt":"2022-08-03T08:57:09","guid":{"rendered":"https:\/\/zinn-giesserei-goehler.com\/produkt\/graphite-round-rods\/"},"modified":"2026-01-21T20:12:23","modified_gmt":"2026-01-21T19:12:23","slug":"graphite-round-rods","status":"publish","type":"product","link":"https:\/\/zinn-giesserei-goehler.com\/en\/produkt\/graphite-round-rods\/","title":{"rendered":"Graphite round Rods"},"content":{"rendered":"<p style=\"font-weight: 400\"><strong>Pure Graphite C99% Round Rods<\/strong><\/p>\n<p style=\"font-weight: 400\"><strong>Purity: 99%<\/strong><br \/>\n<strong>Diameter: 4-30mm<\/strong><br \/>\n<strong>Length: 50-1000mm<\/strong><\/p>\n<p style=\"font-weight: 400\">This offer includes pure graphite (C99) in the form of round rods.<br \/>\nWe stock the rods in diameters 4, 5, 6, 8, 10, 12, 15, 20, 25, and 30mm.<br \/>\nThe length tolerance is up to +2mm and the diameter tolerance is +\/-0.1mm.<\/p>\n<p>For safer handling, we deburr all profiles before delivery. This goes beyond the common practice of delivering profiles with raw cut edges. If, for any reason, deburring is not desired, please let us know when placing your order.  <\/p>\n<p>Note:<\/p>\n<p><span style=\"font-size: large\">For lengths over 1000 mm, significantly increased transport costs apply due to excess length. This means that 1500 mm and 2000 mm profiles are more expensive in the base price than 1000 mm profiles.<br \/>\nIf you require quantities of more than 4 pieces for 1500 mm and 2000 mm, or more than 10 pieces for all other dimensions, we would be happy to provide you with a personal offer tailored to your specific needs. <\/span><\/p>\n","protected":false},"excerpt":{"rendered":"<p>C99 Graphite Carbon Rod<\/p>\n","protected":false},"featured_media":34733,"template":"","meta":[],"product_brand":[],"product_cat":[299,280,284,332,334,343],"product_tag":[],"class_list":{"0":"post-32285","1":"product","2":"type-product","3":"status-publish","4":"has-post-thumbnail","6":"product_cat-bars","7":"product_cat-casting-accessories","8":"product_cat-foundry-supplies","9":"product_cat-graphite-products","10":"product_cat-profiles","11":"product_cat-round-rods","12":"product_shipping_class-free","14":"first","15":"instock","16":"taxable","17":"shipping-taxable","18":"purchasable","19":"product-type-variable"},"yoast_head":"<!-- This site is optimized with the Yoast SEO plugin v27.3 - https:\/\/yoast.com\/product\/yoast-seo-wordpress\/ -->\n<title>Graphite round Rods - Zinn Gie\u00dferei G\u00f6hler<\/title>\n<meta name=\"robots\" content=\"index, follow, max-snippet:-1, max-image-preview:large, max-video-preview:-1\" \/>\n<link rel=\"canonical\" href=\"https:\/\/zinn-giesserei-goehler.com\/en\/produkt\/graphite-round-rods\/\" \/>\n<meta property=\"og:locale\" content=\"en_US\" \/>\n<meta property=\"og:type\" content=\"article\" \/>\n<meta property=\"og:title\" content=\"Graphite round Rods - Zinn Gie\u00dferei G\u00f6hler\" \/>\n<meta property=\"og:description\" content=\"C99 Graphite Carbon Rod\" \/>\n<meta property=\"og:url\" content=\"https:\/\/zinn-giesserei-goehler.com\/en\/produkt\/graphite-round-rods\/\" \/>\n<meta property=\"og:site_name\" content=\"Zinn Gie\u00dferei G\u00f6hler\" \/>\n<meta property=\"article:modified_time\" content=\"2026-01-21T19:12:23+00:00\" \/>\n<meta property=\"og:image\" content=\"https:\/\/i0.wp.com\/zinn-giesserei-goehler.com\/wp-content\/uploads\/2022\/08\/C99-Staebe-zugeschnitten.jpg?fit=1849%2C1387&ssl=1\" \/>\n\t<meta property=\"og:image:width\" content=\"1849\" \/>\n\t<meta property=\"og:image:height\" content=\"1387\" \/>\n\t<meta property=\"og:image:type\" content=\"image\/jpeg\" \/>\n<meta name=\"twitter:card\" content=\"summary_large_image\" \/>\n<meta name=\"twitter:label1\" content=\"Est. reading time\" \/>\n\t<meta name=\"twitter:data1\" content=\"1 minute\" \/>\n<script type=\"application\/ld+json\" class=\"yoast-schema-graph\">{\"@context\":\"https:\\\/\\\/schema.org\",\"@graph\":[{\"@type\":\"WebPage\",\"@id\":\"https:\\\/\\\/zinn-giesserei-goehler.com\\\/en\\\/produkt\\\/graphite-round-rods\\\/\",\"url\":\"https:\\\/\\\/zinn-giesserei-goehler.com\\\/en\\\/produkt\\\/graphite-round-rods\\\/\",\"name\":\"Graphite round Rods - Zinn Gie\u00dferei G\u00f6hler\",\"isPartOf\":{\"@id\":\"https:\\\/\\\/zinn-giesserei-goehler.com\\\/en\\\/#website\"},\"primaryImageOfPage\":{\"@id\":\"https:\\\/\\\/zinn-giesserei-goehler.com\\\/en\\\/produkt\\\/graphite-round-rods\\\/#primaryimage\"},\"image\":{\"@id\":\"https:\\\/\\\/zinn-giesserei-goehler.com\\\/en\\\/produkt\\\/graphite-round-rods\\\/#primaryimage\"},\"thumbnailUrl\":\"https:\\\/\\\/i0.wp.com\\\/zinn-giesserei-goehler.com\\\/wp-content\\\/uploads\\\/2022\\\/08\\\/C99-Staebe-zugeschnitten.jpg?fit=1849%2C1387&ssl=1\",\"datePublished\":\"2022-08-03T08:57:09+00:00\",\"dateModified\":\"2026-01-21T19:12:23+00:00\",\"breadcrumb\":{\"@id\":\"https:\\\/\\\/zinn-giesserei-goehler.com\\\/en\\\/produkt\\\/graphite-round-rods\\\/#breadcrumb\"},\"inLanguage\":\"en-US\",\"potentialAction\":[{\"@type\":\"ReadAction\",\"target\":[\"https:\\\/\\\/zinn-giesserei-goehler.com\\\/en\\\/produkt\\\/graphite-round-rods\\\/\"]}]},{\"@type\":\"ImageObject\",\"inLanguage\":\"en-US\",\"@id\":\"https:\\\/\\\/zinn-giesserei-goehler.com\\\/en\\\/produkt\\\/graphite-round-rods\\\/#primaryimage\",\"url\":\"https:\\\/\\\/i0.wp.com\\\/zinn-giesserei-goehler.com\\\/wp-content\\\/uploads\\\/2022\\\/08\\\/C99-Staebe-zugeschnitten.jpg?fit=1849%2C1387&ssl=1\",\"contentUrl\":\"https:\\\/\\\/i0.wp.com\\\/zinn-giesserei-goehler.com\\\/wp-content\\\/uploads\\\/2022\\\/08\\\/C99-Staebe-zugeschnitten.jpg?fit=1849%2C1387&ssl=1\",\"width\":1849,\"height\":1387},{\"@type\":\"BreadcrumbList\",\"@id\":\"https:\\\/\\\/zinn-giesserei-goehler.com\\\/en\\\/produkt\\\/graphite-round-rods\\\/#breadcrumb\",\"itemListElement\":[{\"@type\":\"ListItem\",\"position\":1,\"name\":\"Startseite\",\"item\":\"https:\\\/\\\/zinn-giesserei-goehler.com\\\/en\\\/\"},{\"@type\":\"ListItem\",\"position\":2,\"name\":\"Shop\",\"item\":\"https:\\\/\\\/zinn-giesserei-goehler.com\\\/en\\\/shop\\\/\"},{\"@type\":\"ListItem\",\"position\":3,\"name\":\"Graphite round Rods\"}]},{\"@type\":\"WebSite\",\"@id\":\"https:\\\/\\\/zinn-giesserei-goehler.com\\\/en\\\/#website\",\"url\":\"https:\\\/\\\/zinn-giesserei-goehler.com\\\/en\\\/\",\"name\":\"Zinn Gie\u00dferei G\u00f6hler\",\"description\":\"Ihr Zinnh\u00e4ndler aus Deutschland\",\"publisher\":{\"@id\":\"https:\\\/\\\/zinn-giesserei-goehler.com\\\/en\\\/#organization\"},\"potentialAction\":[{\"@type\":\"SearchAction\",\"target\":{\"@type\":\"EntryPoint\",\"urlTemplate\":\"https:\\\/\\\/zinn-giesserei-goehler.com\\\/en\\\/?s={search_term_string}\"},\"query-input\":{\"@type\":\"PropertyValueSpecification\",\"valueRequired\":true,\"valueName\":\"search_term_string\"}}],\"inLanguage\":\"en-US\"},{\"@type\":\"Organization\",\"@id\":\"https:\\\/\\\/zinn-giesserei-goehler.com\\\/en\\\/#organization\",\"name\":\"Zinn Gie\u00dferei G\u00f6hler\",\"url\":\"https:\\\/\\\/zinn-giesserei-goehler.com\\\/en\\\/\",\"logo\":{\"@type\":\"ImageObject\",\"inLanguage\":\"en-US\",\"@id\":\"https:\\\/\\\/zinn-giesserei-goehler.com\\\/en\\\/#\\\/schema\\\/logo\\\/image\\\/\",\"url\":\"https:\\\/\\\/zinn-giesserei-goehler.com\\\/wp-content\\\/uploads\\\/2022\\\/01\\\/LogoV02-zugeschnitten-e1646411454787.png\",\"contentUrl\":\"https:\\\/\\\/zinn-giesserei-goehler.com\\\/wp-content\\\/uploads\\\/2022\\\/01\\\/LogoV02-zugeschnitten-e1646411454787.png\",\"width\":500,\"height\":182,\"caption\":\"Zinn Gie\u00dferei G\u00f6hler\"},\"image\":{\"@id\":\"https:\\\/\\\/zinn-giesserei-goehler.com\\\/en\\\/#\\\/schema\\\/logo\\\/image\\\/\"}}]}<\/script>\n<!-- \/ Yoast SEO plugin. -->","yoast_head_json":{"title":"Graphite round Rods - Zinn Gie\u00dferei G\u00f6hler","robots":{"index":"index","follow":"follow","max-snippet":"max-snippet:-1","max-image-preview":"max-image-preview:large","max-video-preview":"max-video-preview:-1"},"canonical":"https:\/\/zinn-giesserei-goehler.com\/en\/produkt\/graphite-round-rods\/","og_locale":"en_US","og_type":"article","og_title":"Graphite round Rods - Zinn Gie\u00dferei G\u00f6hler","og_description":"C99 Graphite Carbon Rod","og_url":"https:\/\/zinn-giesserei-goehler.com\/en\/produkt\/graphite-round-rods\/","og_site_name":"Zinn Gie\u00dferei G\u00f6hler","article_modified_time":"2026-01-21T19:12:23+00:00","og_image":[{"width":1849,"height":1387,"url":"https:\/\/i0.wp.com\/zinn-giesserei-goehler.com\/wp-content\/uploads\/2022\/08\/C99-Staebe-zugeschnitten.jpg?fit=1849%2C1387&ssl=1","type":"image\/jpeg"}],"twitter_card":"summary_large_image","twitter_misc":{"Est. reading time":"1 minute"},"schema":{"@context":"https:\/\/schema.org","@graph":[{"@type":"WebPage","@id":"https:\/\/zinn-giesserei-goehler.com\/en\/produkt\/graphite-round-rods\/","url":"https:\/\/zinn-giesserei-goehler.com\/en\/produkt\/graphite-round-rods\/","name":"Graphite round Rods - Zinn Gie\u00dferei G\u00f6hler","isPartOf":{"@id":"https:\/\/zinn-giesserei-goehler.com\/en\/#website"},"primaryImageOfPage":{"@id":"https:\/\/zinn-giesserei-goehler.com\/en\/produkt\/graphite-round-rods\/#primaryimage"},"image":{"@id":"https:\/\/zinn-giesserei-goehler.com\/en\/produkt\/graphite-round-rods\/#primaryimage"},"thumbnailUrl":"https:\/\/i0.wp.com\/zinn-giesserei-goehler.com\/wp-content\/uploads\/2022\/08\/C99-Staebe-zugeschnitten.jpg?fit=1849%2C1387&ssl=1","datePublished":"2022-08-03T08:57:09+00:00","dateModified":"2026-01-21T19:12:23+00:00","breadcrumb":{"@id":"https:\/\/zinn-giesserei-goehler.com\/en\/produkt\/graphite-round-rods\/#breadcrumb"},"inLanguage":"en-US","potentialAction":[{"@type":"ReadAction","target":["https:\/\/zinn-giesserei-goehler.com\/en\/produkt\/graphite-round-rods\/"]}]},{"@type":"ImageObject","inLanguage":"en-US","@id":"https:\/\/zinn-giesserei-goehler.com\/en\/produkt\/graphite-round-rods\/#primaryimage","url":"https:\/\/i0.wp.com\/zinn-giesserei-goehler.com\/wp-content\/uploads\/2022\/08\/C99-Staebe-zugeschnitten.jpg?fit=1849%2C1387&ssl=1","contentUrl":"https:\/\/i0.wp.com\/zinn-giesserei-goehler.com\/wp-content\/uploads\/2022\/08\/C99-Staebe-zugeschnitten.jpg?fit=1849%2C1387&ssl=1","width":1849,"height":1387},{"@type":"BreadcrumbList","@id":"https:\/\/zinn-giesserei-goehler.com\/en\/produkt\/graphite-round-rods\/#breadcrumb","itemListElement":[{"@type":"ListItem","position":1,"name":"Startseite","item":"https:\/\/zinn-giesserei-goehler.com\/en\/"},{"@type":"ListItem","position":2,"name":"Shop","item":"https:\/\/zinn-giesserei-goehler.com\/en\/shop\/"},{"@type":"ListItem","position":3,"name":"Graphite round Rods"}]},{"@type":"WebSite","@id":"https:\/\/zinn-giesserei-goehler.com\/en\/#website","url":"https:\/\/zinn-giesserei-goehler.com\/en\/","name":"Zinn Gie\u00dferei G\u00f6hler","description":"Ihr Zinnh\u00e4ndler aus Deutschland","publisher":{"@id":"https:\/\/zinn-giesserei-goehler.com\/en\/#organization"},"potentialAction":[{"@type":"SearchAction","target":{"@type":"EntryPoint","urlTemplate":"https:\/\/zinn-giesserei-goehler.com\/en\/?s={search_term_string}"},"query-input":{"@type":"PropertyValueSpecification","valueRequired":true,"valueName":"search_term_string"}}],"inLanguage":"en-US"},{"@type":"Organization","@id":"https:\/\/zinn-giesserei-goehler.com\/en\/#organization","name":"Zinn Gie\u00dferei G\u00f6hler","url":"https:\/\/zinn-giesserei-goehler.com\/en\/","logo":{"@type":"ImageObject","inLanguage":"en-US","@id":"https:\/\/zinn-giesserei-goehler.com\/en\/#\/schema\/logo\/image\/","url":"https:\/\/zinn-giesserei-goehler.com\/wp-content\/uploads\/2022\/01\/LogoV02-zugeschnitten-e1646411454787.png","contentUrl":"https:\/\/zinn-giesserei-goehler.com\/wp-content\/uploads\/2022\/01\/LogoV02-zugeschnitten-e1646411454787.png","width":500,"height":182,"caption":"Zinn Gie\u00dferei G\u00f6hler"},"image":{"@id":"https:\/\/zinn-giesserei-goehler.com\/en\/#\/schema\/logo\/image\/"}}]}},"jetpack_sharing_enabled":true,"_links":{"self":[{"href":"https:\/\/zinn-giesserei-goehler.com\/en\/wp-json\/wp\/v2\/product\/32285","targetHints":{"allow":["GET"]}}],"collection":[{"href":"https:\/\/zinn-giesserei-goehler.com\/en\/wp-json\/wp\/v2\/product"}],"about":[{"href":"https:\/\/zinn-giesserei-goehler.com\/en\/wp-json\/wp\/v2\/types\/product"}],"wp:featuredmedia":[{"embeddable":true,"href":"https:\/\/zinn-giesserei-goehler.com\/en\/wp-json\/wp\/v2\/media\/34733"}],"wp:attachment":[{"href":"https:\/\/zinn-giesserei-goehler.com\/en\/wp-json\/wp\/v2\/media?parent=32285"}],"wp:term":[{"taxonomy":"product_brand","embeddable":true,"href":"https:\/\/zinn-giesserei-goehler.com\/en\/wp-json\/wp\/v2\/product_brand?post=32285"},{"taxonomy":"product_cat","embeddable":true,"href":"https:\/\/zinn-giesserei-goehler.com\/en\/wp-json\/wp\/v2\/product_cat?post=32285"},{"taxonomy":"product_tag","embeddable":true,"href":"https:\/\/zinn-giesserei-goehler.com\/en\/wp-json\/wp\/v2\/product_tag?post=32285"}],"curies":[{"name":"wp","href":"https:\/\/api.w.org\/{rel}","templated":true}]}}