{"id":32159,"date":"2022-12-06T07:34:19","date_gmt":"2022-12-06T06:34:19","guid":{"rendered":"https:\/\/zinn-giesserei-goehler.com\/produkt\/rakso-steel-wool-200g-pack\/"},"modified":"2026-03-04T13:17:54","modified_gmt":"2026-03-04T12:17:54","slug":"rakso-steel-wool-200g-pack","status":"publish","type":"product","link":"https:\/\/zinn-giesserei-goehler.com\/en\/produkt\/rakso-steel-wool-200g-pack\/","title":{"rendered":"RAKSO Steel Wool 200g Pack"},"content":{"rendered":"<p style=\"font-weight: 400\"><strong>RAKSO Steel Wool 200g<\/strong><\/p>\n<p style=\"font-weight: 400\"><strong>Brand: RAKSO<\/strong><br \/>\n<strong>Weight: 200g<\/strong><br \/>\n<strong>Grades: Fine-0000, Fine-000, Fine-00, Medium-0, Medium-1, Medium-2, Coarse-3, Coarse-4 and Coarse-5<\/strong><\/p>\n<p>RAKSO STEEL WOOL is available in 9 grades, which are categorized into a clear color-coding system:  <strong>YELLOW<\/strong>  represents the fine grades,  <strong>ORANGE<\/strong>  for the medium grades and  <strong>RED<\/strong>  for the coarser grades.<\/p>\n<p>With the <strong>fine grades No. 0000, 000, 00<\/strong>, you can, for example, smooth wood after staining, polish waxed wood with new wax, thoroughly and gently clean plastic blinds and garden furniture, and polish aluminum, copper, and brass.<\/p>\n<p>With the <strong>medium grades No. 0, 1, 2<\/strong>, you can, for example, smooth wood after priming, remove old varnishes with the help of solvents, sand drywall panels, remove dirt residue from tiles and stone floors, and polish copper pipes and fittings before soldering.<\/p>\n<p>With the <strong>coarser grades No. 3, 4, 5<\/strong>, you can, for example, enhance natural grain on softwoods (pine, spruce), clean glass and glass blocks scratch-free, and roughen old varnishes and paints.<\/p>\n<p>You can find which steel wool grade is best suited for your purpose in detail in the overviews in the images. For <a href=\"https:\/\/zinn-giesserei-goehler.com\/ueber-uns\/kontakt\/\">questions<\/a>, please feel free to contact us at any time. <\/p>\n<p>You can find RAKSO stainless steel wool in 150g packs here: <a href=\"https:\/\/zinn-giesserei-goehler.com\/produkt\/edelstahlwolle-rakso-150-g\/\"><strong>RAKSO Stainless Steel Wool 150g Packs<\/strong><\/a><br \/>\nYou can find RAKSO steel wool pads here: <strong><a href=\"https:\/\/zinn-giesserei-goehler.com\/produkt\/stahlwolle-rakso-pads-150g\/\">RAKSO Steel Wool Pads<\/a><\/strong><\/p>\n","protected":false},"excerpt":{"rendered":"<p>polishing, sanding, grinding<\/p>\n","protected":false},"featured_media":32168,"template":"","meta":[],"product_brand":[],"product_cat":[280,284,286,360],"product_tag":[357,356],"class_list":{"0":"post-32159","1":"product","2":"type-product","3":"status-publish","4":"has-post-thumbnail","6":"product_cat-casting-accessories","7":"product_cat-foundry-supplies","8":"product_cat-foundry-tools","9":"product_cat-steel-wool","10":"product_tag-rakso","11":"product_tag-steel-wool","12":"product_shipping_class-free","14":"first","15":"instock","16":"taxable","17":"shipping-taxable","18":"purchasable","19":"product-type-variable"},"yoast_head":"<!-- This site is optimized with the Yoast SEO plugin v27.5 - https:\/\/yoast.com\/product\/yoast-seo-wordpress\/ -->\n<title>RAKSO Steel Wool 200g Pack - Zinn Gie\u00dferei G\u00f6hler<\/title>\n<meta name=\"robots\" content=\"index, follow, max-snippet:-1, max-image-preview:large, max-video-preview:-1\" \/>\n<link rel=\"canonical\" href=\"https:\/\/zinn-giesserei-goehler.com\/en\/produkt\/rakso-steel-wool-200g-pack\/\" \/>\n<meta property=\"og:locale\" content=\"en_US\" \/>\n<meta property=\"og:type\" content=\"article\" \/>\n<meta property=\"og:title\" content=\"RAKSO Steel Wool 200g Pack - Zinn Gie\u00dferei G\u00f6hler\" \/>\n<meta property=\"og:description\" content=\"polishing, sanding, grinding\" \/>\n<meta property=\"og:url\" content=\"https:\/\/zinn-giesserei-goehler.com\/en\/produkt\/rakso-steel-wool-200g-pack\/\" \/>\n<meta property=\"og:site_name\" content=\"Zinn Gie\u00dferei G\u00f6hler\" \/>\n<meta property=\"article:modified_time\" content=\"2026-03-04T12:17:54+00:00\" \/>\n<meta property=\"og:image\" content=\"https:\/\/i0.wp.com\/zinn-giesserei-goehler.com\/wp-content\/uploads\/2025\/07\/Stahlwolle-Rakso-200-g-Bild-1.jpg?fit=2048%2C1537&ssl=1\" \/>\n\t<meta property=\"og:image:width\" content=\"2048\" \/>\n\t<meta property=\"og:image:height\" content=\"1537\" \/>\n\t<meta property=\"og:image:type\" content=\"image\/jpeg\" \/>\n<meta name=\"twitter:card\" content=\"summary_large_image\" \/>\n<meta name=\"twitter:label1\" content=\"Est. reading time\" \/>\n\t<meta name=\"twitter:data1\" content=\"1 minute\" \/>\n<script type=\"application\/ld+json\" class=\"yoast-schema-graph\">{\"@context\":\"https:\\\/\\\/schema.org\",\"@graph\":[{\"@type\":\"WebPage\",\"@id\":\"https:\\\/\\\/zinn-giesserei-goehler.com\\\/en\\\/produkt\\\/rakso-steel-wool-200g-pack\\\/\",\"url\":\"https:\\\/\\\/zinn-giesserei-goehler.com\\\/en\\\/produkt\\\/rakso-steel-wool-200g-pack\\\/\",\"name\":\"RAKSO Steel Wool 200g Pack - Zinn Gie\u00dferei G\u00f6hler\",\"isPartOf\":{\"@id\":\"https:\\\/\\\/zinn-giesserei-goehler.com\\\/en\\\/#website\"},\"primaryImageOfPage\":{\"@id\":\"https:\\\/\\\/zinn-giesserei-goehler.com\\\/en\\\/produkt\\\/rakso-steel-wool-200g-pack\\\/#primaryimage\"},\"image\":{\"@id\":\"https:\\\/\\\/zinn-giesserei-goehler.com\\\/en\\\/produkt\\\/rakso-steel-wool-200g-pack\\\/#primaryimage\"},\"thumbnailUrl\":\"https:\\\/\\\/i0.wp.com\\\/zinn-giesserei-goehler.com\\\/wp-content\\\/uploads\\\/2025\\\/07\\\/Stahlwolle-Rakso-200-g-Bild-1.jpg?fit=2048%2C1537&ssl=1\",\"datePublished\":\"2022-12-06T06:34:19+00:00\",\"dateModified\":\"2026-03-04T12:17:54+00:00\",\"breadcrumb\":{\"@id\":\"https:\\\/\\\/zinn-giesserei-goehler.com\\\/en\\\/produkt\\\/rakso-steel-wool-200g-pack\\\/#breadcrumb\"},\"inLanguage\":\"en-US\",\"potentialAction\":[{\"@type\":\"ReadAction\",\"target\":[\"https:\\\/\\\/zinn-giesserei-goehler.com\\\/en\\\/produkt\\\/rakso-steel-wool-200g-pack\\\/\"]}]},{\"@type\":\"ImageObject\",\"inLanguage\":\"en-US\",\"@id\":\"https:\\\/\\\/zinn-giesserei-goehler.com\\\/en\\\/produkt\\\/rakso-steel-wool-200g-pack\\\/#primaryimage\",\"url\":\"https:\\\/\\\/i0.wp.com\\\/zinn-giesserei-goehler.com\\\/wp-content\\\/uploads\\\/2025\\\/07\\\/Stahlwolle-Rakso-200-g-Bild-1.jpg?fit=2048%2C1537&ssl=1\",\"contentUrl\":\"https:\\\/\\\/i0.wp.com\\\/zinn-giesserei-goehler.com\\\/wp-content\\\/uploads\\\/2025\\\/07\\\/Stahlwolle-Rakso-200-g-Bild-1.jpg?fit=2048%2C1537&ssl=1\",\"width\":2048,\"height\":1537},{\"@type\":\"BreadcrumbList\",\"@id\":\"https:\\\/\\\/zinn-giesserei-goehler.com\\\/en\\\/produkt\\\/rakso-steel-wool-200g-pack\\\/#breadcrumb\",\"itemListElement\":[{\"@type\":\"ListItem\",\"position\":1,\"name\":\"Startseite\",\"item\":\"https:\\\/\\\/zinn-giesserei-goehler.com\\\/en\\\/\"},{\"@type\":\"ListItem\",\"position\":2,\"name\":\"Shop\",\"item\":\"https:\\\/\\\/zinn-giesserei-goehler.com\\\/en\\\/shop\\\/\"},{\"@type\":\"ListItem\",\"position\":3,\"name\":\"RAKSO Steel Wool 200g Pack\"}]},{\"@type\":\"WebSite\",\"@id\":\"https:\\\/\\\/zinn-giesserei-goehler.com\\\/en\\\/#website\",\"url\":\"https:\\\/\\\/zinn-giesserei-goehler.com\\\/en\\\/\",\"name\":\"Zinn Gie\u00dferei G\u00f6hler\",\"description\":\"Ihr Zinnh\u00e4ndler aus Deutschland\",\"publisher\":{\"@id\":\"https:\\\/\\\/zinn-giesserei-goehler.com\\\/en\\\/#organization\"},\"potentialAction\":[{\"@type\":\"SearchAction\",\"target\":{\"@type\":\"EntryPoint\",\"urlTemplate\":\"https:\\\/\\\/zinn-giesserei-goehler.com\\\/en\\\/?s={search_term_string}\"},\"query-input\":{\"@type\":\"PropertyValueSpecification\",\"valueRequired\":true,\"valueName\":\"search_term_string\"}}],\"inLanguage\":\"en-US\"},{\"@type\":\"Organization\",\"@id\":\"https:\\\/\\\/zinn-giesserei-goehler.com\\\/en\\\/#organization\",\"name\":\"Zinn Gie\u00dferei G\u00f6hler\",\"url\":\"https:\\\/\\\/zinn-giesserei-goehler.com\\\/en\\\/\",\"logo\":{\"@type\":\"ImageObject\",\"inLanguage\":\"en-US\",\"@id\":\"https:\\\/\\\/zinn-giesserei-goehler.com\\\/en\\\/#\\\/schema\\\/logo\\\/image\\\/\",\"url\":\"https:\\\/\\\/zinn-giesserei-goehler.com\\\/wp-content\\\/uploads\\\/2022\\\/01\\\/LogoV02-zugeschnitten-e1646411454787.png\",\"contentUrl\":\"https:\\\/\\\/zinn-giesserei-goehler.com\\\/wp-content\\\/uploads\\\/2022\\\/01\\\/LogoV02-zugeschnitten-e1646411454787.png\",\"width\":500,\"height\":182,\"caption\":\"Zinn Gie\u00dferei G\u00f6hler\"},\"image\":{\"@id\":\"https:\\\/\\\/zinn-giesserei-goehler.com\\\/en\\\/#\\\/schema\\\/logo\\\/image\\\/\"}}]}<\/script>\n<!-- \/ Yoast SEO plugin. -->","yoast_head_json":{"title":"RAKSO Steel Wool 200g Pack - Zinn Gie\u00dferei G\u00f6hler","robots":{"index":"index","follow":"follow","max-snippet":"max-snippet:-1","max-image-preview":"max-image-preview:large","max-video-preview":"max-video-preview:-1"},"canonical":"https:\/\/zinn-giesserei-goehler.com\/en\/produkt\/rakso-steel-wool-200g-pack\/","og_locale":"en_US","og_type":"article","og_title":"RAKSO Steel Wool 200g Pack - Zinn Gie\u00dferei G\u00f6hler","og_description":"polishing, sanding, grinding","og_url":"https:\/\/zinn-giesserei-goehler.com\/en\/produkt\/rakso-steel-wool-200g-pack\/","og_site_name":"Zinn Gie\u00dferei G\u00f6hler","article_modified_time":"2026-03-04T12:17:54+00:00","og_image":[{"width":2048,"height":1537,"url":"https:\/\/i0.wp.com\/zinn-giesserei-goehler.com\/wp-content\/uploads\/2025\/07\/Stahlwolle-Rakso-200-g-Bild-1.jpg?fit=2048%2C1537&ssl=1","type":"image\/jpeg"}],"twitter_card":"summary_large_image","twitter_misc":{"Est. reading time":"1 minute"},"schema":{"@context":"https:\/\/schema.org","@graph":[{"@type":"WebPage","@id":"https:\/\/zinn-giesserei-goehler.com\/en\/produkt\/rakso-steel-wool-200g-pack\/","url":"https:\/\/zinn-giesserei-goehler.com\/en\/produkt\/rakso-steel-wool-200g-pack\/","name":"RAKSO Steel Wool 200g Pack - Zinn Gie\u00dferei G\u00f6hler","isPartOf":{"@id":"https:\/\/zinn-giesserei-goehler.com\/en\/#website"},"primaryImageOfPage":{"@id":"https:\/\/zinn-giesserei-goehler.com\/en\/produkt\/rakso-steel-wool-200g-pack\/#primaryimage"},"image":{"@id":"https:\/\/zinn-giesserei-goehler.com\/en\/produkt\/rakso-steel-wool-200g-pack\/#primaryimage"},"thumbnailUrl":"https:\/\/i0.wp.com\/zinn-giesserei-goehler.com\/wp-content\/uploads\/2025\/07\/Stahlwolle-Rakso-200-g-Bild-1.jpg?fit=2048%2C1537&ssl=1","datePublished":"2022-12-06T06:34:19+00:00","dateModified":"2026-03-04T12:17:54+00:00","breadcrumb":{"@id":"https:\/\/zinn-giesserei-goehler.com\/en\/produkt\/rakso-steel-wool-200g-pack\/#breadcrumb"},"inLanguage":"en-US","potentialAction":[{"@type":"ReadAction","target":["https:\/\/zinn-giesserei-goehler.com\/en\/produkt\/rakso-steel-wool-200g-pack\/"]}]},{"@type":"ImageObject","inLanguage":"en-US","@id":"https:\/\/zinn-giesserei-goehler.com\/en\/produkt\/rakso-steel-wool-200g-pack\/#primaryimage","url":"https:\/\/i0.wp.com\/zinn-giesserei-goehler.com\/wp-content\/uploads\/2025\/07\/Stahlwolle-Rakso-200-g-Bild-1.jpg?fit=2048%2C1537&ssl=1","contentUrl":"https:\/\/i0.wp.com\/zinn-giesserei-goehler.com\/wp-content\/uploads\/2025\/07\/Stahlwolle-Rakso-200-g-Bild-1.jpg?fit=2048%2C1537&ssl=1","width":2048,"height":1537},{"@type":"BreadcrumbList","@id":"https:\/\/zinn-giesserei-goehler.com\/en\/produkt\/rakso-steel-wool-200g-pack\/#breadcrumb","itemListElement":[{"@type":"ListItem","position":1,"name":"Startseite","item":"https:\/\/zinn-giesserei-goehler.com\/en\/"},{"@type":"ListItem","position":2,"name":"Shop","item":"https:\/\/zinn-giesserei-goehler.com\/en\/shop\/"},{"@type":"ListItem","position":3,"name":"RAKSO Steel Wool 200g Pack"}]},{"@type":"WebSite","@id":"https:\/\/zinn-giesserei-goehler.com\/en\/#website","url":"https:\/\/zinn-giesserei-goehler.com\/en\/","name":"Zinn Gie\u00dferei G\u00f6hler","description":"Ihr Zinnh\u00e4ndler aus Deutschland","publisher":{"@id":"https:\/\/zinn-giesserei-goehler.com\/en\/#organization"},"potentialAction":[{"@type":"SearchAction","target":{"@type":"EntryPoint","urlTemplate":"https:\/\/zinn-giesserei-goehler.com\/en\/?s={search_term_string}"},"query-input":{"@type":"PropertyValueSpecification","valueRequired":true,"valueName":"search_term_string"}}],"inLanguage":"en-US"},{"@type":"Organization","@id":"https:\/\/zinn-giesserei-goehler.com\/en\/#organization","name":"Zinn Gie\u00dferei G\u00f6hler","url":"https:\/\/zinn-giesserei-goehler.com\/en\/","logo":{"@type":"ImageObject","inLanguage":"en-US","@id":"https:\/\/zinn-giesserei-goehler.com\/en\/#\/schema\/logo\/image\/","url":"https:\/\/zinn-giesserei-goehler.com\/wp-content\/uploads\/2022\/01\/LogoV02-zugeschnitten-e1646411454787.png","contentUrl":"https:\/\/zinn-giesserei-goehler.com\/wp-content\/uploads\/2022\/01\/LogoV02-zugeschnitten-e1646411454787.png","width":500,"height":182,"caption":"Zinn Gie\u00dferei G\u00f6hler"},"image":{"@id":"https:\/\/zinn-giesserei-goehler.com\/en\/#\/schema\/logo\/image\/"}}]}},"jetpack_sharing_enabled":true,"_links":{"self":[{"href":"https:\/\/zinn-giesserei-goehler.com\/en\/wp-json\/wp\/v2\/product\/32159","targetHints":{"allow":["GET"]}}],"collection":[{"href":"https:\/\/zinn-giesserei-goehler.com\/en\/wp-json\/wp\/v2\/product"}],"about":[{"href":"https:\/\/zinn-giesserei-goehler.com\/en\/wp-json\/wp\/v2\/types\/product"}],"wp:featuredmedia":[{"embeddable":true,"href":"https:\/\/zinn-giesserei-goehler.com\/en\/wp-json\/wp\/v2\/media\/32168"}],"wp:attachment":[{"href":"https:\/\/zinn-giesserei-goehler.com\/en\/wp-json\/wp\/v2\/media?parent=32159"}],"wp:term":[{"taxonomy":"product_brand","embeddable":true,"href":"https:\/\/zinn-giesserei-goehler.com\/en\/wp-json\/wp\/v2\/product_brand?post=32159"},{"taxonomy":"product_cat","embeddable":true,"href":"https:\/\/zinn-giesserei-goehler.com\/en\/wp-json\/wp\/v2\/product_cat?post=32159"},{"taxonomy":"product_tag","embeddable":true,"href":"https:\/\/zinn-giesserei-goehler.com\/en\/wp-json\/wp\/v2\/product_tag?post=32159"}],"curies":[{"name":"wp","href":"https:\/\/api.w.org\/{rel}","templated":true}]}}