{"id":31911,"date":"2022-09-16T17:33:25","date_gmt":"2022-09-16T15:33:25","guid":{"rendered":"https:\/\/zinn-giesserei-goehler.com\/produkt\/graphite-crucible-made-in-germany\/"},"modified":"2026-04-16T21:42:08","modified_gmt":"2026-04-16T19:42:08","slug":"graphite-crucible-made-in-germany","status":"publish","type":"product","link":"https:\/\/zinn-giesserei-goehler.com\/en\/produkt\/graphite-crucible-made-in-germany\/","title":{"rendered":"Graphite Crucible Made in Germany"},"content":{"rendered":"<p><strong>Graphite Crucibles for Gas Furnaces, MADE IN GERMANY<\/strong><\/p>\n<p>This offer includes German-made graphite crucibles for gas furnaces. These are of high quality and, with proper use, are very durable.<br \/>\nSuitable for almost all common metals and alloys such as aluminum, copper, bronze, brass, tin, and more. <\/p>\n<p>\u200b<\/p>\n<table style=\"height: 152px\" width=\"845\">\n<tbody>\n<tr>\n<td><b><strong>Crucible<\/strong><\/b><\/td>\n<td><b><strong>Volume<\/strong><\/b><\/td>\n<td><b><strong>max.<br \/>\nCu<\/strong><\/b><\/td>\n<td><b><strong>max.<br \/>\nAl<\/strong><\/b><\/td>\n<td><b><strong>Height<\/strong><\/b><\/td>\n<td><b><strong>upper diameter<br \/>\n<span style=\"font-size: large\">(outer)<\/span><br \/>\n<\/strong><\/b><\/td>\n<td><b><strong>lower diameter<br \/>\n<span style=\"font-size: large\">(outer)<\/span><br \/>\n<\/strong><\/b><\/td>\n<\/tr>\n<tr>\n<td><b><strong>A1<\/strong><\/b><\/td>\n<td><b><strong>130 cm\u00b3<\/strong><\/b><\/td>\n<td><b><strong>1.1 kg<\/strong><\/b><\/td>\n<td><b><strong>0.3 kg<\/strong><\/b><\/td>\n<td><b><strong>9 cm<\/strong><\/b><\/td>\n<td><b><strong>9 cm<\/strong><\/b><\/td>\n<td><b><strong>5.5 cm<\/strong><\/b><\/td>\n<\/tr>\n<tr>\n<td><b><strong>A5<\/strong><\/b><\/td>\n<td><b><strong>650 cm\u00b3<\/strong><\/b><\/td>\n<td><b><strong>5.8 kg<\/strong><\/b><\/td>\n<td><b><strong>1.7 kg<\/strong><\/b><\/td>\n<td><b><strong>15 cm<\/strong><\/b><\/td>\n<td><b><strong>12.5 cm<\/strong><\/b><\/td>\n<td><b><strong>8.5 cm<\/strong><\/b><\/td>\n<\/tr>\n<tr>\n<td><b><strong>A12<\/strong><\/b><\/td>\n<td><b><strong>2,000 cm\u00b3<\/strong><\/b><\/td>\n<td><b><strong>17.8 kg<\/strong><\/b><\/td>\n<td><b><strong>5.4 kg<\/strong><\/b><\/td>\n<td><b><strong>21 cm<\/strong><\/b><\/td>\n<td><b><strong>17 cm<\/strong><\/b><\/td>\n<td><b><strong>12 cm<\/strong><\/b><\/td>\n<\/tr>\n<\/tbody>\n<\/table>\n<p style=\"font-weight: 400\">*The columns &#8220;max. Cu&#8221; and &#8220;max. Al&#8221; refer to the maximum capacity in kg, with copper (8.92 g\/cm\u00b3) and aluminum (2.7 g\/cm\u00b3).<\/p>\n<p>&nbsp;<\/p>\n<p><strong>Our graphite crucibles have the following compositions:<\/strong><\/p>\n<p><strong>MIG graphite crucible with pouring spout:<\/strong> 36-46% graphite; 12-20% SiC + Si; 12-16% Al2O3; 20-28% SiO2 <strong>(this item)<\/strong><br \/>\n<strong>Graphite Crucibles without Spout:<\/strong> Graphite with SiC and SiO content<br \/>\n<strong>Graphite Crucible 600 cm<\/strong><strong><sup>3<\/sup> with Spout:<\/strong> Graphite with SiC and SiO components<br \/>\n<strong>Graphite Crucibles for Electric Furnaces:<\/strong> pure Graphite<\/p>\n<p>Due to the higher proportion of ceramic materials, the <a href=\"https:\/\/zinn-giesserei-goehler.com\/produkt\/grafit-tiegel-made-in-germany\/\">MIG Graphite Crucibles with Spout<\/a> are the most heat-resistant and durable, followed by the <a href=\"https:\/\/zinn-giesserei-goehler.com\/produkt\/grafit-tiegel-ohne-ausguss\/\">Graphite Crucibles without Spout<\/a> and the <a href=\"https:\/\/zinn-giesserei-goehler.com\/produkt\/grafit-tiegel-mit-ausguss-kopie\/\">Graphite Crucible 600cm<sup>3<\/sup> with Spout<\/a>. The <a href=\"https:\/\/zinn-giesserei-goehler.com\/produkt\/grafit-tiegel-fuer-elektrooefen\/\">Graphite Crucibles for Electric Furnaces<\/a> made of pure graphite wear out the fastest. <\/p>\n<p>All crucible types can be found in our product range.<\/p>\n","protected":false},"excerpt":{"rendered":"<p>Crucible Melting Pot Quality Germany<\/p>\n","protected":false},"featured_media":31912,"template":"","meta":[],"product_brand":[],"product_cat":[280,381,380,284,286,332],"product_tag":[377,379,378],"class_list":{"0":"post-31911","1":"product","2":"type-product","3":"status-publish","4":"has-post-thumbnail","6":"product_cat-casting-accessories","7":"product_cat-crucibles-2","8":"product_cat-crucibles","9":"product_cat-foundry-supplies","10":"product_cat-foundry-tools","11":"product_cat-graphite-products","12":"product_tag-crucible","13":"product_tag-crucibles","14":"product_tag-graphite-crucible","15":"product_shipping_class-free","17":"first","18":"instock","19":"taxable","20":"shipping-taxable","21":"purchasable","22":"product-type-variable"},"yoast_head":"<!-- This site is optimized with the Yoast SEO plugin v27.4 - https:\/\/yoast.com\/product\/yoast-seo-wordpress\/ -->\n<title>Graphite Crucible Made in Germany - Zinn Gie\u00dferei G\u00f6hler<\/title>\n<meta name=\"robots\" content=\"index, follow, max-snippet:-1, max-image-preview:large, max-video-preview:-1\" \/>\n<link rel=\"canonical\" href=\"https:\/\/zinn-giesserei-goehler.com\/en\/produkt\/graphite-crucible-made-in-germany\/\" \/>\n<meta property=\"og:locale\" content=\"en_US\" \/>\n<meta property=\"og:type\" content=\"article\" \/>\n<meta property=\"og:title\" content=\"Graphite Crucible Made in Germany - Zinn Gie\u00dferei G\u00f6hler\" \/>\n<meta property=\"og:description\" content=\"Crucible Melting Pot Quality Germany\" \/>\n<meta property=\"og:url\" content=\"https:\/\/zinn-giesserei-goehler.com\/en\/produkt\/graphite-crucible-made-in-germany\/\" \/>\n<meta property=\"og:site_name\" content=\"Zinn Gie\u00dferei G\u00f6hler\" \/>\n<meta property=\"article:modified_time\" content=\"2026-04-16T19:42:08+00:00\" \/>\n<meta property=\"og:image\" content=\"https:\/\/i0.wp.com\/zinn-giesserei-goehler.com\/wp-content\/uploads\/2022\/09\/Tiegel-MIG-1-scaled-jpeg.webp?fit=2560%2C1921&ssl=1\" \/>\n\t<meta property=\"og:image:width\" content=\"2560\" \/>\n\t<meta property=\"og:image:height\" content=\"1921\" \/>\n\t<meta property=\"og:image:type\" content=\"image\/jpeg\" \/>\n<meta name=\"twitter:card\" content=\"summary_large_image\" \/>\n<meta name=\"twitter:label1\" content=\"Est. reading time\" \/>\n\t<meta name=\"twitter:data1\" content=\"1 minute\" \/>\n<script type=\"application\/ld+json\" class=\"yoast-schema-graph\">{\"@context\":\"https:\\\/\\\/schema.org\",\"@graph\":[{\"@type\":\"WebPage\",\"@id\":\"https:\\\/\\\/zinn-giesserei-goehler.com\\\/en\\\/produkt\\\/graphite-crucible-made-in-germany\\\/\",\"url\":\"https:\\\/\\\/zinn-giesserei-goehler.com\\\/en\\\/produkt\\\/graphite-crucible-made-in-germany\\\/\",\"name\":\"Graphite Crucible Made in Germany - Zinn Gie\u00dferei G\u00f6hler\",\"isPartOf\":{\"@id\":\"https:\\\/\\\/zinn-giesserei-goehler.com\\\/en\\\/#website\"},\"primaryImageOfPage\":{\"@id\":\"https:\\\/\\\/zinn-giesserei-goehler.com\\\/en\\\/produkt\\\/graphite-crucible-made-in-germany\\\/#primaryimage\"},\"image\":{\"@id\":\"https:\\\/\\\/zinn-giesserei-goehler.com\\\/en\\\/produkt\\\/graphite-crucible-made-in-germany\\\/#primaryimage\"},\"thumbnailUrl\":\"https:\\\/\\\/i0.wp.com\\\/zinn-giesserei-goehler.com\\\/wp-content\\\/uploads\\\/2022\\\/09\\\/Tiegel-MIG-1-scaled-jpeg.webp?fit=2560%2C1921&ssl=1\",\"datePublished\":\"2022-09-16T15:33:25+00:00\",\"dateModified\":\"2026-04-16T19:42:08+00:00\",\"breadcrumb\":{\"@id\":\"https:\\\/\\\/zinn-giesserei-goehler.com\\\/en\\\/produkt\\\/graphite-crucible-made-in-germany\\\/#breadcrumb\"},\"inLanguage\":\"en-US\",\"potentialAction\":[{\"@type\":\"ReadAction\",\"target\":[\"https:\\\/\\\/zinn-giesserei-goehler.com\\\/en\\\/produkt\\\/graphite-crucible-made-in-germany\\\/\"]}]},{\"@type\":\"ImageObject\",\"inLanguage\":\"en-US\",\"@id\":\"https:\\\/\\\/zinn-giesserei-goehler.com\\\/en\\\/produkt\\\/graphite-crucible-made-in-germany\\\/#primaryimage\",\"url\":\"https:\\\/\\\/i0.wp.com\\\/zinn-giesserei-goehler.com\\\/wp-content\\\/uploads\\\/2022\\\/09\\\/Tiegel-MIG-1-scaled-jpeg.webp?fit=2560%2C1921&ssl=1\",\"contentUrl\":\"https:\\\/\\\/i0.wp.com\\\/zinn-giesserei-goehler.com\\\/wp-content\\\/uploads\\\/2022\\\/09\\\/Tiegel-MIG-1-scaled-jpeg.webp?fit=2560%2C1921&ssl=1\",\"width\":2560,\"height\":1921},{\"@type\":\"BreadcrumbList\",\"@id\":\"https:\\\/\\\/zinn-giesserei-goehler.com\\\/en\\\/produkt\\\/graphite-crucible-made-in-germany\\\/#breadcrumb\",\"itemListElement\":[{\"@type\":\"ListItem\",\"position\":1,\"name\":\"Startseite\",\"item\":\"https:\\\/\\\/zinn-giesserei-goehler.com\\\/en\\\/\"},{\"@type\":\"ListItem\",\"position\":2,\"name\":\"Shop\",\"item\":\"https:\\\/\\\/zinn-giesserei-goehler.com\\\/en\\\/shop\\\/\"},{\"@type\":\"ListItem\",\"position\":3,\"name\":\"Graphite Crucible Made in Germany\"}]},{\"@type\":\"WebSite\",\"@id\":\"https:\\\/\\\/zinn-giesserei-goehler.com\\\/en\\\/#website\",\"url\":\"https:\\\/\\\/zinn-giesserei-goehler.com\\\/en\\\/\",\"name\":\"Zinn Gie\u00dferei G\u00f6hler\",\"description\":\"Ihr Zinnh\u00e4ndler aus Deutschland\",\"publisher\":{\"@id\":\"https:\\\/\\\/zinn-giesserei-goehler.com\\\/en\\\/#organization\"},\"potentialAction\":[{\"@type\":\"SearchAction\",\"target\":{\"@type\":\"EntryPoint\",\"urlTemplate\":\"https:\\\/\\\/zinn-giesserei-goehler.com\\\/en\\\/?s={search_term_string}\"},\"query-input\":{\"@type\":\"PropertyValueSpecification\",\"valueRequired\":true,\"valueName\":\"search_term_string\"}}],\"inLanguage\":\"en-US\"},{\"@type\":\"Organization\",\"@id\":\"https:\\\/\\\/zinn-giesserei-goehler.com\\\/en\\\/#organization\",\"name\":\"Zinn Gie\u00dferei G\u00f6hler\",\"url\":\"https:\\\/\\\/zinn-giesserei-goehler.com\\\/en\\\/\",\"logo\":{\"@type\":\"ImageObject\",\"inLanguage\":\"en-US\",\"@id\":\"https:\\\/\\\/zinn-giesserei-goehler.com\\\/en\\\/#\\\/schema\\\/logo\\\/image\\\/\",\"url\":\"https:\\\/\\\/zinn-giesserei-goehler.com\\\/wp-content\\\/uploads\\\/2022\\\/01\\\/LogoV02-zugeschnitten-e1646411454787.png\",\"contentUrl\":\"https:\\\/\\\/zinn-giesserei-goehler.com\\\/wp-content\\\/uploads\\\/2022\\\/01\\\/LogoV02-zugeschnitten-e1646411454787.png\",\"width\":500,\"height\":182,\"caption\":\"Zinn Gie\u00dferei G\u00f6hler\"},\"image\":{\"@id\":\"https:\\\/\\\/zinn-giesserei-goehler.com\\\/en\\\/#\\\/schema\\\/logo\\\/image\\\/\"}}]}<\/script>\n<!-- \/ Yoast SEO plugin. -->","yoast_head_json":{"title":"Graphite Crucible Made in Germany - Zinn Gie\u00dferei G\u00f6hler","robots":{"index":"index","follow":"follow","max-snippet":"max-snippet:-1","max-image-preview":"max-image-preview:large","max-video-preview":"max-video-preview:-1"},"canonical":"https:\/\/zinn-giesserei-goehler.com\/en\/produkt\/graphite-crucible-made-in-germany\/","og_locale":"en_US","og_type":"article","og_title":"Graphite Crucible Made in Germany - Zinn Gie\u00dferei G\u00f6hler","og_description":"Crucible Melting Pot Quality Germany","og_url":"https:\/\/zinn-giesserei-goehler.com\/en\/produkt\/graphite-crucible-made-in-germany\/","og_site_name":"Zinn Gie\u00dferei G\u00f6hler","article_modified_time":"2026-04-16T19:42:08+00:00","og_image":[{"width":2560,"height":1921,"url":"https:\/\/i0.wp.com\/zinn-giesserei-goehler.com\/wp-content\/uploads\/2022\/09\/Tiegel-MIG-1-scaled-jpeg.webp?fit=2560%2C1921&ssl=1","type":"image\/jpeg"}],"twitter_card":"summary_large_image","twitter_misc":{"Est. reading time":"1 minute"},"schema":{"@context":"https:\/\/schema.org","@graph":[{"@type":"WebPage","@id":"https:\/\/zinn-giesserei-goehler.com\/en\/produkt\/graphite-crucible-made-in-germany\/","url":"https:\/\/zinn-giesserei-goehler.com\/en\/produkt\/graphite-crucible-made-in-germany\/","name":"Graphite Crucible Made in Germany - Zinn Gie\u00dferei G\u00f6hler","isPartOf":{"@id":"https:\/\/zinn-giesserei-goehler.com\/en\/#website"},"primaryImageOfPage":{"@id":"https:\/\/zinn-giesserei-goehler.com\/en\/produkt\/graphite-crucible-made-in-germany\/#primaryimage"},"image":{"@id":"https:\/\/zinn-giesserei-goehler.com\/en\/produkt\/graphite-crucible-made-in-germany\/#primaryimage"},"thumbnailUrl":"https:\/\/i0.wp.com\/zinn-giesserei-goehler.com\/wp-content\/uploads\/2022\/09\/Tiegel-MIG-1-scaled-jpeg.webp?fit=2560%2C1921&ssl=1","datePublished":"2022-09-16T15:33:25+00:00","dateModified":"2026-04-16T19:42:08+00:00","breadcrumb":{"@id":"https:\/\/zinn-giesserei-goehler.com\/en\/produkt\/graphite-crucible-made-in-germany\/#breadcrumb"},"inLanguage":"en-US","potentialAction":[{"@type":"ReadAction","target":["https:\/\/zinn-giesserei-goehler.com\/en\/produkt\/graphite-crucible-made-in-germany\/"]}]},{"@type":"ImageObject","inLanguage":"en-US","@id":"https:\/\/zinn-giesserei-goehler.com\/en\/produkt\/graphite-crucible-made-in-germany\/#primaryimage","url":"https:\/\/i0.wp.com\/zinn-giesserei-goehler.com\/wp-content\/uploads\/2022\/09\/Tiegel-MIG-1-scaled-jpeg.webp?fit=2560%2C1921&ssl=1","contentUrl":"https:\/\/i0.wp.com\/zinn-giesserei-goehler.com\/wp-content\/uploads\/2022\/09\/Tiegel-MIG-1-scaled-jpeg.webp?fit=2560%2C1921&ssl=1","width":2560,"height":1921},{"@type":"BreadcrumbList","@id":"https:\/\/zinn-giesserei-goehler.com\/en\/produkt\/graphite-crucible-made-in-germany\/#breadcrumb","itemListElement":[{"@type":"ListItem","position":1,"name":"Startseite","item":"https:\/\/zinn-giesserei-goehler.com\/en\/"},{"@type":"ListItem","position":2,"name":"Shop","item":"https:\/\/zinn-giesserei-goehler.com\/en\/shop\/"},{"@type":"ListItem","position":3,"name":"Graphite Crucible Made in Germany"}]},{"@type":"WebSite","@id":"https:\/\/zinn-giesserei-goehler.com\/en\/#website","url":"https:\/\/zinn-giesserei-goehler.com\/en\/","name":"Zinn Gie\u00dferei G\u00f6hler","description":"Ihr Zinnh\u00e4ndler aus Deutschland","publisher":{"@id":"https:\/\/zinn-giesserei-goehler.com\/en\/#organization"},"potentialAction":[{"@type":"SearchAction","target":{"@type":"EntryPoint","urlTemplate":"https:\/\/zinn-giesserei-goehler.com\/en\/?s={search_term_string}"},"query-input":{"@type":"PropertyValueSpecification","valueRequired":true,"valueName":"search_term_string"}}],"inLanguage":"en-US"},{"@type":"Organization","@id":"https:\/\/zinn-giesserei-goehler.com\/en\/#organization","name":"Zinn Gie\u00dferei G\u00f6hler","url":"https:\/\/zinn-giesserei-goehler.com\/en\/","logo":{"@type":"ImageObject","inLanguage":"en-US","@id":"https:\/\/zinn-giesserei-goehler.com\/en\/#\/schema\/logo\/image\/","url":"https:\/\/zinn-giesserei-goehler.com\/wp-content\/uploads\/2022\/01\/LogoV02-zugeschnitten-e1646411454787.png","contentUrl":"https:\/\/zinn-giesserei-goehler.com\/wp-content\/uploads\/2022\/01\/LogoV02-zugeschnitten-e1646411454787.png","width":500,"height":182,"caption":"Zinn Gie\u00dferei G\u00f6hler"},"image":{"@id":"https:\/\/zinn-giesserei-goehler.com\/en\/#\/schema\/logo\/image\/"}}]}},"jetpack_sharing_enabled":true,"_links":{"self":[{"href":"https:\/\/zinn-giesserei-goehler.com\/en\/wp-json\/wp\/v2\/product\/31911","targetHints":{"allow":["GET"]}}],"collection":[{"href":"https:\/\/zinn-giesserei-goehler.com\/en\/wp-json\/wp\/v2\/product"}],"about":[{"href":"https:\/\/zinn-giesserei-goehler.com\/en\/wp-json\/wp\/v2\/types\/product"}],"wp:featuredmedia":[{"embeddable":true,"href":"https:\/\/zinn-giesserei-goehler.com\/en\/wp-json\/wp\/v2\/media\/31912"}],"wp:attachment":[{"href":"https:\/\/zinn-giesserei-goehler.com\/en\/wp-json\/wp\/v2\/media?parent=31911"}],"wp:term":[{"taxonomy":"product_brand","embeddable":true,"href":"https:\/\/zinn-giesserei-goehler.com\/en\/wp-json\/wp\/v2\/product_brand?post=31911"},{"taxonomy":"product_cat","embeddable":true,"href":"https:\/\/zinn-giesserei-goehler.com\/en\/wp-json\/wp\/v2\/product_cat?post=31911"},{"taxonomy":"product_tag","embeddable":true,"href":"https:\/\/zinn-giesserei-goehler.com\/en\/wp-json\/wp\/v2\/product_tag?post=31911"}],"curies":[{"name":"wp","href":"https:\/\/api.w.org\/{rel}","templated":true}]}}