{"id":31043,"date":"2025-08-25T09:50:53","date_gmt":"2025-08-25T07:50:53","guid":{"rendered":"https:\/\/zinn-giesserei-goehler.com\/?post_type=product&#038;p=31043"},"modified":"2026-03-04T13:17:18","modified_gmt":"2026-03-04T12:17:18","slug":"brazing-alloy-l-cup6-according-to-din-en-1044","status":"publish","type":"product","link":"https:\/\/zinn-giesserei-goehler.com\/en\/produkt\/brazing-alloy-l-cup6-according-to-din-en-1044\/","title":{"rendered":"Brazing Alloy L-CuP6 According to DIN EN 1044"},"content":{"rendered":"<h3><strong>Brazing Alloy L-CuP6 According to DIN EN 1044\/DIN EN ISO 3677<\/strong><\/h3>\n<h4><strong><span style=\"font-size: large\">Composition: 94% Copper and 6% Phosphorus<\/span><\/strong><br \/>\n<strong><span style=\"font-size: large\">Form: Rods of 2x2x500 mm<\/span><\/strong><br \/>\n<strong><span style=\"font-size: large\">Piece weight: approx. 17.5 g<\/span><\/strong><br \/>\n<strong><span style=\"font-size: large\">Working Temperature: 760 \u00b0C<br \/>\n<\/span><\/strong><strong><span style=\"font-size: large\">Melting Range: 710 &#8211; 890 \u00b0C<br \/>\n<\/span><\/strong><strong><span style=\"font-size: large\">Density: 8.1 G<\/span><span style=\"font-size: large\">\/<\/span>Cm\u00b3<\/strong><br \/>\n<strong><span style=\"font-size: large\">Tensile Strength: 250 N<\/span><span style=\"font-size: large\">\/<\/span>Mm\u00b2<\/strong><br \/>\n<strong><span style=\"font-size: large\">Electrical Conductivity: 4.0 M\/(\u03a9\u00b7<\/span><\/strong><strong>Mm\u00b2)<\/strong><strong><span style=\"font-size: large\"><br \/>\nElongation at Break: 5%<\/span><\/strong><\/h4>\n<p>The L-CuP6 brazing alloy is very well suited for brazing copper alloys (e.g., tin bronzes or brass) as well as pure copper. It can be used without flux when brazing pure copper parts. The phosphorus is sufficient to create a reducing atmosphere. For all other applications, FH10 flux (silver solder paste) should be used. The FH10 flux is available together with a robust brush for application in combination with the brazing alloy rods.    <\/p>\n<p>L-CuP6 is particularly suitable for copper pipe installation according to DVGW worksheet GW 2.<\/p>\n<p>However, it is unsuitable for brazing Fe- and Ni-containing alloys.<\/p>\n<p>CuP6 is also very well suited as a master alloy to specifically introduce phosphorus into copper alloys. In small quantities (max. 0.5%), phosphorus improves the mold-filling capacity (castability) of the melt because it deoxidizes it. In addition, it increases strength. However, excessive amounts of phosphorus make the alloy brittle and should therefore be avoided. To still ensure good formability, the phosphorus content should not exceed 0.35%; for pure casting alloys, it can be up to 0.5%.    <\/p>\n<p>For quantities up to 5 pieces, we offer the rods divided in the middle to provide you with a more favorable price through shipping cost savings.<\/p>\n","protected":false},"excerpt":{"rendered":"<p>Copper Brazing Alloy, for Copper Pipe Installation<\/p>\n","protected":false},"featured_media":31044,"template":"","meta":[],"product_brand":[],"product_cat":[298,424],"product_tag":[421,423,422],"class_list":{"0":"post-31043","1":"product","2":"type-product","3":"status-publish","4":"has-post-thumbnail","6":"product_cat-alloys","7":"product_cat-brazing-alloys","8":"product_tag-brazing","9":"product_tag-copper-pipes","10":"product_tag-fh10","11":"product_shipping_class-free","13":"first","14":"instock","15":"taxable","16":"shipping-taxable","17":"purchasable","18":"product-type-variable"},"yoast_head":"<!-- This site is optimized with the Yoast SEO plugin v27.5 - https:\/\/yoast.com\/product\/yoast-seo-wordpress\/ -->\n<title>Brazing Alloy L-CuP6 According to DIN EN 1044 - Zinn Gie\u00dferei G\u00f6hler<\/title>\n<meta name=\"robots\" content=\"index, follow, max-snippet:-1, max-image-preview:large, max-video-preview:-1\" \/>\n<link rel=\"canonical\" href=\"https:\/\/zinn-giesserei-goehler.com\/en\/produkt\/brazing-alloy-l-cup6-according-to-din-en-1044\/\" \/>\n<meta property=\"og:locale\" content=\"en_US\" \/>\n<meta property=\"og:type\" content=\"article\" \/>\n<meta property=\"og:title\" content=\"Brazing Alloy L-CuP6 According to DIN EN 1044 - Zinn Gie\u00dferei G\u00f6hler\" \/>\n<meta property=\"og:description\" content=\"Copper Brazing Alloy, for Copper Pipe Installation\" \/>\n<meta property=\"og:url\" content=\"https:\/\/zinn-giesserei-goehler.com\/en\/produkt\/brazing-alloy-l-cup6-according-to-din-en-1044\/\" \/>\n<meta property=\"og:site_name\" content=\"Zinn Gie\u00dferei G\u00f6hler\" \/>\n<meta property=\"article:modified_time\" content=\"2026-03-04T12:17:18+00:00\" \/>\n<meta property=\"og:image\" content=\"https:\/\/i0.wp.com\/zinn-giesserei-goehler.com\/wp-content\/uploads\/2025\/08\/L-CuP6-1-zugeschnitten-3-zu-4.jpg?fit=1622%2C1217&ssl=1\" \/>\n\t<meta property=\"og:image:width\" content=\"1622\" \/>\n\t<meta property=\"og:image:height\" content=\"1217\" \/>\n\t<meta property=\"og:image:type\" content=\"image\/jpeg\" \/>\n<meta name=\"twitter:card\" content=\"summary_large_image\" \/>\n<meta name=\"twitter:label1\" content=\"Est. reading time\" \/>\n\t<meta name=\"twitter:data1\" content=\"1 minute\" \/>\n<script type=\"application\/ld+json\" class=\"yoast-schema-graph\">{\"@context\":\"https:\\\/\\\/schema.org\",\"@graph\":[{\"@type\":\"WebPage\",\"@id\":\"https:\\\/\\\/zinn-giesserei-goehler.com\\\/en\\\/produkt\\\/brazing-alloy-l-cup6-according-to-din-en-1044\\\/\",\"url\":\"https:\\\/\\\/zinn-giesserei-goehler.com\\\/en\\\/produkt\\\/brazing-alloy-l-cup6-according-to-din-en-1044\\\/\",\"name\":\"Brazing Alloy L-CuP6 According to DIN EN 1044 - Zinn Gie\u00dferei G\u00f6hler\",\"isPartOf\":{\"@id\":\"https:\\\/\\\/zinn-giesserei-goehler.com\\\/en\\\/#website\"},\"primaryImageOfPage\":{\"@id\":\"https:\\\/\\\/zinn-giesserei-goehler.com\\\/en\\\/produkt\\\/brazing-alloy-l-cup6-according-to-din-en-1044\\\/#primaryimage\"},\"image\":{\"@id\":\"https:\\\/\\\/zinn-giesserei-goehler.com\\\/en\\\/produkt\\\/brazing-alloy-l-cup6-according-to-din-en-1044\\\/#primaryimage\"},\"thumbnailUrl\":\"https:\\\/\\\/i0.wp.com\\\/zinn-giesserei-goehler.com\\\/wp-content\\\/uploads\\\/2025\\\/08\\\/L-CuP6-1-zugeschnitten-3-zu-4.jpg?fit=1622%2C1217&ssl=1\",\"datePublished\":\"2025-08-25T07:50:53+00:00\",\"dateModified\":\"2026-03-04T12:17:18+00:00\",\"breadcrumb\":{\"@id\":\"https:\\\/\\\/zinn-giesserei-goehler.com\\\/en\\\/produkt\\\/brazing-alloy-l-cup6-according-to-din-en-1044\\\/#breadcrumb\"},\"inLanguage\":\"en-US\",\"potentialAction\":[{\"@type\":\"ReadAction\",\"target\":[\"https:\\\/\\\/zinn-giesserei-goehler.com\\\/en\\\/produkt\\\/brazing-alloy-l-cup6-according-to-din-en-1044\\\/\"]}]},{\"@type\":\"ImageObject\",\"inLanguage\":\"en-US\",\"@id\":\"https:\\\/\\\/zinn-giesserei-goehler.com\\\/en\\\/produkt\\\/brazing-alloy-l-cup6-according-to-din-en-1044\\\/#primaryimage\",\"url\":\"https:\\\/\\\/i0.wp.com\\\/zinn-giesserei-goehler.com\\\/wp-content\\\/uploads\\\/2025\\\/08\\\/L-CuP6-1-zugeschnitten-3-zu-4.jpg?fit=1622%2C1217&ssl=1\",\"contentUrl\":\"https:\\\/\\\/i0.wp.com\\\/zinn-giesserei-goehler.com\\\/wp-content\\\/uploads\\\/2025\\\/08\\\/L-CuP6-1-zugeschnitten-3-zu-4.jpg?fit=1622%2C1217&ssl=1\",\"width\":1622,\"height\":1217},{\"@type\":\"BreadcrumbList\",\"@id\":\"https:\\\/\\\/zinn-giesserei-goehler.com\\\/en\\\/produkt\\\/brazing-alloy-l-cup6-according-to-din-en-1044\\\/#breadcrumb\",\"itemListElement\":[{\"@type\":\"ListItem\",\"position\":1,\"name\":\"Startseite\",\"item\":\"https:\\\/\\\/zinn-giesserei-goehler.com\\\/en\\\/\"},{\"@type\":\"ListItem\",\"position\":2,\"name\":\"Shop\",\"item\":\"https:\\\/\\\/zinn-giesserei-goehler.com\\\/en\\\/shop\\\/\"},{\"@type\":\"ListItem\",\"position\":3,\"name\":\"Brazing Alloy L-CuP6 According to DIN EN 1044\"}]},{\"@type\":\"WebSite\",\"@id\":\"https:\\\/\\\/zinn-giesserei-goehler.com\\\/en\\\/#website\",\"url\":\"https:\\\/\\\/zinn-giesserei-goehler.com\\\/en\\\/\",\"name\":\"Zinn Gie\u00dferei G\u00f6hler\",\"description\":\"Ihr Zinnh\u00e4ndler aus Deutschland\",\"publisher\":{\"@id\":\"https:\\\/\\\/zinn-giesserei-goehler.com\\\/en\\\/#organization\"},\"potentialAction\":[{\"@type\":\"SearchAction\",\"target\":{\"@type\":\"EntryPoint\",\"urlTemplate\":\"https:\\\/\\\/zinn-giesserei-goehler.com\\\/en\\\/?s={search_term_string}\"},\"query-input\":{\"@type\":\"PropertyValueSpecification\",\"valueRequired\":true,\"valueName\":\"search_term_string\"}}],\"inLanguage\":\"en-US\"},{\"@type\":\"Organization\",\"@id\":\"https:\\\/\\\/zinn-giesserei-goehler.com\\\/en\\\/#organization\",\"name\":\"Zinn Gie\u00dferei G\u00f6hler\",\"url\":\"https:\\\/\\\/zinn-giesserei-goehler.com\\\/en\\\/\",\"logo\":{\"@type\":\"ImageObject\",\"inLanguage\":\"en-US\",\"@id\":\"https:\\\/\\\/zinn-giesserei-goehler.com\\\/en\\\/#\\\/schema\\\/logo\\\/image\\\/\",\"url\":\"https:\\\/\\\/zinn-giesserei-goehler.com\\\/wp-content\\\/uploads\\\/2022\\\/01\\\/LogoV02-zugeschnitten-e1646411454787.png\",\"contentUrl\":\"https:\\\/\\\/zinn-giesserei-goehler.com\\\/wp-content\\\/uploads\\\/2022\\\/01\\\/LogoV02-zugeschnitten-e1646411454787.png\",\"width\":500,\"height\":182,\"caption\":\"Zinn Gie\u00dferei G\u00f6hler\"},\"image\":{\"@id\":\"https:\\\/\\\/zinn-giesserei-goehler.com\\\/en\\\/#\\\/schema\\\/logo\\\/image\\\/\"}}]}<\/script>\n<!-- \/ Yoast SEO plugin. -->","yoast_head_json":{"title":"Brazing Alloy L-CuP6 According to DIN EN 1044 - Zinn Gie\u00dferei G\u00f6hler","robots":{"index":"index","follow":"follow","max-snippet":"max-snippet:-1","max-image-preview":"max-image-preview:large","max-video-preview":"max-video-preview:-1"},"canonical":"https:\/\/zinn-giesserei-goehler.com\/en\/produkt\/brazing-alloy-l-cup6-according-to-din-en-1044\/","og_locale":"en_US","og_type":"article","og_title":"Brazing Alloy L-CuP6 According to DIN EN 1044 - Zinn Gie\u00dferei G\u00f6hler","og_description":"Copper Brazing Alloy, for Copper Pipe Installation","og_url":"https:\/\/zinn-giesserei-goehler.com\/en\/produkt\/brazing-alloy-l-cup6-according-to-din-en-1044\/","og_site_name":"Zinn Gie\u00dferei G\u00f6hler","article_modified_time":"2026-03-04T12:17:18+00:00","og_image":[{"width":1622,"height":1217,"url":"https:\/\/i0.wp.com\/zinn-giesserei-goehler.com\/wp-content\/uploads\/2025\/08\/L-CuP6-1-zugeschnitten-3-zu-4.jpg?fit=1622%2C1217&ssl=1","type":"image\/jpeg"}],"twitter_card":"summary_large_image","twitter_misc":{"Est. reading time":"1 minute"},"schema":{"@context":"https:\/\/schema.org","@graph":[{"@type":"WebPage","@id":"https:\/\/zinn-giesserei-goehler.com\/en\/produkt\/brazing-alloy-l-cup6-according-to-din-en-1044\/","url":"https:\/\/zinn-giesserei-goehler.com\/en\/produkt\/brazing-alloy-l-cup6-according-to-din-en-1044\/","name":"Brazing Alloy L-CuP6 According to DIN EN 1044 - Zinn Gie\u00dferei G\u00f6hler","isPartOf":{"@id":"https:\/\/zinn-giesserei-goehler.com\/en\/#website"},"primaryImageOfPage":{"@id":"https:\/\/zinn-giesserei-goehler.com\/en\/produkt\/brazing-alloy-l-cup6-according-to-din-en-1044\/#primaryimage"},"image":{"@id":"https:\/\/zinn-giesserei-goehler.com\/en\/produkt\/brazing-alloy-l-cup6-according-to-din-en-1044\/#primaryimage"},"thumbnailUrl":"https:\/\/i0.wp.com\/zinn-giesserei-goehler.com\/wp-content\/uploads\/2025\/08\/L-CuP6-1-zugeschnitten-3-zu-4.jpg?fit=1622%2C1217&ssl=1","datePublished":"2025-08-25T07:50:53+00:00","dateModified":"2026-03-04T12:17:18+00:00","breadcrumb":{"@id":"https:\/\/zinn-giesserei-goehler.com\/en\/produkt\/brazing-alloy-l-cup6-according-to-din-en-1044\/#breadcrumb"},"inLanguage":"en-US","potentialAction":[{"@type":"ReadAction","target":["https:\/\/zinn-giesserei-goehler.com\/en\/produkt\/brazing-alloy-l-cup6-according-to-din-en-1044\/"]}]},{"@type":"ImageObject","inLanguage":"en-US","@id":"https:\/\/zinn-giesserei-goehler.com\/en\/produkt\/brazing-alloy-l-cup6-according-to-din-en-1044\/#primaryimage","url":"https:\/\/i0.wp.com\/zinn-giesserei-goehler.com\/wp-content\/uploads\/2025\/08\/L-CuP6-1-zugeschnitten-3-zu-4.jpg?fit=1622%2C1217&ssl=1","contentUrl":"https:\/\/i0.wp.com\/zinn-giesserei-goehler.com\/wp-content\/uploads\/2025\/08\/L-CuP6-1-zugeschnitten-3-zu-4.jpg?fit=1622%2C1217&ssl=1","width":1622,"height":1217},{"@type":"BreadcrumbList","@id":"https:\/\/zinn-giesserei-goehler.com\/en\/produkt\/brazing-alloy-l-cup6-according-to-din-en-1044\/#breadcrumb","itemListElement":[{"@type":"ListItem","position":1,"name":"Startseite","item":"https:\/\/zinn-giesserei-goehler.com\/en\/"},{"@type":"ListItem","position":2,"name":"Shop","item":"https:\/\/zinn-giesserei-goehler.com\/en\/shop\/"},{"@type":"ListItem","position":3,"name":"Brazing Alloy L-CuP6 According to DIN EN 1044"}]},{"@type":"WebSite","@id":"https:\/\/zinn-giesserei-goehler.com\/en\/#website","url":"https:\/\/zinn-giesserei-goehler.com\/en\/","name":"Zinn Gie\u00dferei G\u00f6hler","description":"Ihr Zinnh\u00e4ndler aus Deutschland","publisher":{"@id":"https:\/\/zinn-giesserei-goehler.com\/en\/#organization"},"potentialAction":[{"@type":"SearchAction","target":{"@type":"EntryPoint","urlTemplate":"https:\/\/zinn-giesserei-goehler.com\/en\/?s={search_term_string}"},"query-input":{"@type":"PropertyValueSpecification","valueRequired":true,"valueName":"search_term_string"}}],"inLanguage":"en-US"},{"@type":"Organization","@id":"https:\/\/zinn-giesserei-goehler.com\/en\/#organization","name":"Zinn Gie\u00dferei G\u00f6hler","url":"https:\/\/zinn-giesserei-goehler.com\/en\/","logo":{"@type":"ImageObject","inLanguage":"en-US","@id":"https:\/\/zinn-giesserei-goehler.com\/en\/#\/schema\/logo\/image\/","url":"https:\/\/zinn-giesserei-goehler.com\/wp-content\/uploads\/2022\/01\/LogoV02-zugeschnitten-e1646411454787.png","contentUrl":"https:\/\/zinn-giesserei-goehler.com\/wp-content\/uploads\/2022\/01\/LogoV02-zugeschnitten-e1646411454787.png","width":500,"height":182,"caption":"Zinn Gie\u00dferei G\u00f6hler"},"image":{"@id":"https:\/\/zinn-giesserei-goehler.com\/en\/#\/schema\/logo\/image\/"}}]}},"jetpack_sharing_enabled":true,"_links":{"self":[{"href":"https:\/\/zinn-giesserei-goehler.com\/en\/wp-json\/wp\/v2\/product\/31043","targetHints":{"allow":["GET"]}}],"collection":[{"href":"https:\/\/zinn-giesserei-goehler.com\/en\/wp-json\/wp\/v2\/product"}],"about":[{"href":"https:\/\/zinn-giesserei-goehler.com\/en\/wp-json\/wp\/v2\/types\/product"}],"wp:featuredmedia":[{"embeddable":true,"href":"https:\/\/zinn-giesserei-goehler.com\/en\/wp-json\/wp\/v2\/media\/31044"}],"wp:attachment":[{"href":"https:\/\/zinn-giesserei-goehler.com\/en\/wp-json\/wp\/v2\/media?parent=31043"}],"wp:term":[{"taxonomy":"product_brand","embeddable":true,"href":"https:\/\/zinn-giesserei-goehler.com\/en\/wp-json\/wp\/v2\/product_brand?post=31043"},{"taxonomy":"product_cat","embeddable":true,"href":"https:\/\/zinn-giesserei-goehler.com\/en\/wp-json\/wp\/v2\/product_cat?post=31043"},{"taxonomy":"product_tag","embeddable":true,"href":"https:\/\/zinn-giesserei-goehler.com\/en\/wp-json\/wp\/v2\/product_tag?post=31043"}],"curies":[{"name":"wp","href":"https:\/\/api.w.org\/{rel}","templated":true}]}}