{"id":30963,"date":"2021-07-21T10:36:33","date_gmt":"2021-07-21T08:36:33","guid":{"rendered":"https:\/\/zinn-giesserei-goehler.com\/produkt\/copper-pieces-cu99-9\/"},"modified":"2026-01-21T20:25:37","modified_gmt":"2026-01-21T19:25:37","slug":"copper-pieces-cu99-9","status":"publish","type":"product","link":"https:\/\/zinn-giesserei-goehler.com\/en\/produkt\/copper-pieces-cu99-9\/","title":{"rendered":"Copper Pieces Cu99.9"},"content":{"rendered":"<p><strong>Pure Copper<\/strong><\/p>\n<p><strong>Purity: 99.9%<\/strong><br \/>\n<strong>Form: Cut Wire<\/strong><br \/>\n<strong>Melting point: 1084.62\u00b0C<\/strong><br \/>\n<strong>Density: 8.9 g\/cm\u00b3<\/strong><\/p>\n<p>This listing includes pure copper (Cu99.9) in the form of small wire sections.<\/p>\n<p>The pieces have a very thin tin strip on the front. This makes the copper ideal for tin-containing copper alloys, but it can also be used for non-tin-containing alloys.<br \/>\nApplication examples include alloying bronzes, brasses, gunmetal alloys, and as an admixture in food-grade tin alloys. <\/p>\n<p>We can supply you with the copper wire sections in 25kg buckets upon request.<br \/>\nIf needed, <a href=\"https:\/\/zinn-giesserei-goehler.com\/ueber-uns\/1870-2\/\">please contact<\/a> us.<\/p>\n","protected":false},"excerpt":{"rendered":"<p>Kupfer Copper Coper Pieces Rods Sticks Pure Metal Pieces Cu<\/p>\n","protected":false},"featured_media":30969,"template":"","meta":[],"product_brand":[],"product_cat":[344,291],"product_tag":[],"class_list":{"0":"post-30963","1":"product","2":"type-product","3":"status-publish","4":"has-post-thumbnail","6":"product_cat-copper","7":"product_cat-pure-metals","8":"product_shipping_class-free","10":"first","11":"instock","12":"taxable","13":"shipping-taxable","14":"purchasable","15":"product-type-variable"},"yoast_head":"<!-- This site is optimized with the Yoast SEO plugin v27.4 - https:\/\/yoast.com\/product\/yoast-seo-wordpress\/ -->\n<title>Copper Pieces Cu99.9 - Zinn Gie\u00dferei G\u00f6hler<\/title>\n<meta name=\"robots\" content=\"index, follow, max-snippet:-1, max-image-preview:large, max-video-preview:-1\" \/>\n<link rel=\"canonical\" href=\"https:\/\/zinn-giesserei-goehler.com\/en\/produkt\/copper-pieces-cu99-9\/\" \/>\n<meta property=\"og:locale\" content=\"en_US\" \/>\n<meta property=\"og:type\" content=\"article\" \/>\n<meta property=\"og:title\" content=\"Copper Pieces Cu99.9 - Zinn Gie\u00dferei G\u00f6hler\" \/>\n<meta property=\"og:description\" content=\"Kupfer Copper Coper Pieces Rods Sticks Pure Metal Pieces Cu\" \/>\n<meta property=\"og:url\" content=\"https:\/\/zinn-giesserei-goehler.com\/en\/produkt\/copper-pieces-cu99-9\/\" \/>\n<meta property=\"og:site_name\" content=\"Zinn Gie\u00dferei G\u00f6hler\" \/>\n<meta property=\"article:modified_time\" content=\"2026-01-21T19:25:37+00:00\" \/>\n<meta property=\"og:image\" content=\"https:\/\/i0.wp.com\/zinn-giesserei-goehler.com\/wp-content\/uploads\/2021\/07\/Kupfer-chips-1-scaled-jpg.webp?fit=2560%2C1920&ssl=1\" \/>\n\t<meta property=\"og:image:width\" content=\"2560\" \/>\n\t<meta property=\"og:image:height\" content=\"1920\" \/>\n\t<meta property=\"og:image:type\" content=\"image\/jpeg\" \/>\n<meta name=\"twitter:card\" content=\"summary_large_image\" \/>\n<script type=\"application\/ld+json\" class=\"yoast-schema-graph\">{\"@context\":\"https:\\\/\\\/schema.org\",\"@graph\":[{\"@type\":\"WebPage\",\"@id\":\"https:\\\/\\\/zinn-giesserei-goehler.com\\\/en\\\/produkt\\\/copper-pieces-cu99-9\\\/\",\"url\":\"https:\\\/\\\/zinn-giesserei-goehler.com\\\/en\\\/produkt\\\/copper-pieces-cu99-9\\\/\",\"name\":\"Copper Pieces Cu99.9 - Zinn Gie\u00dferei G\u00f6hler\",\"isPartOf\":{\"@id\":\"https:\\\/\\\/zinn-giesserei-goehler.com\\\/en\\\/#website\"},\"primaryImageOfPage\":{\"@id\":\"https:\\\/\\\/zinn-giesserei-goehler.com\\\/en\\\/produkt\\\/copper-pieces-cu99-9\\\/#primaryimage\"},\"image\":{\"@id\":\"https:\\\/\\\/zinn-giesserei-goehler.com\\\/en\\\/produkt\\\/copper-pieces-cu99-9\\\/#primaryimage\"},\"thumbnailUrl\":\"https:\\\/\\\/i0.wp.com\\\/zinn-giesserei-goehler.com\\\/wp-content\\\/uploads\\\/2021\\\/07\\\/Kupfer-chips-1-scaled-jpg.webp?fit=2560%2C1920&ssl=1\",\"datePublished\":\"2021-07-21T08:36:33+00:00\",\"dateModified\":\"2026-01-21T19:25:37+00:00\",\"breadcrumb\":{\"@id\":\"https:\\\/\\\/zinn-giesserei-goehler.com\\\/en\\\/produkt\\\/copper-pieces-cu99-9\\\/#breadcrumb\"},\"inLanguage\":\"en-US\",\"potentialAction\":[{\"@type\":\"ReadAction\",\"target\":[\"https:\\\/\\\/zinn-giesserei-goehler.com\\\/en\\\/produkt\\\/copper-pieces-cu99-9\\\/\"]}]},{\"@type\":\"ImageObject\",\"inLanguage\":\"en-US\",\"@id\":\"https:\\\/\\\/zinn-giesserei-goehler.com\\\/en\\\/produkt\\\/copper-pieces-cu99-9\\\/#primaryimage\",\"url\":\"https:\\\/\\\/i0.wp.com\\\/zinn-giesserei-goehler.com\\\/wp-content\\\/uploads\\\/2021\\\/07\\\/Kupfer-chips-1-scaled-jpg.webp?fit=2560%2C1920&ssl=1\",\"contentUrl\":\"https:\\\/\\\/i0.wp.com\\\/zinn-giesserei-goehler.com\\\/wp-content\\\/uploads\\\/2021\\\/07\\\/Kupfer-chips-1-scaled-jpg.webp?fit=2560%2C1920&ssl=1\",\"width\":2560,\"height\":1920},{\"@type\":\"BreadcrumbList\",\"@id\":\"https:\\\/\\\/zinn-giesserei-goehler.com\\\/en\\\/produkt\\\/copper-pieces-cu99-9\\\/#breadcrumb\",\"itemListElement\":[{\"@type\":\"ListItem\",\"position\":1,\"name\":\"Startseite\",\"item\":\"https:\\\/\\\/zinn-giesserei-goehler.com\\\/en\\\/\"},{\"@type\":\"ListItem\",\"position\":2,\"name\":\"Shop\",\"item\":\"https:\\\/\\\/zinn-giesserei-goehler.com\\\/en\\\/shop\\\/\"},{\"@type\":\"ListItem\",\"position\":3,\"name\":\"Copper Pieces Cu99.9\"}]},{\"@type\":\"WebSite\",\"@id\":\"https:\\\/\\\/zinn-giesserei-goehler.com\\\/en\\\/#website\",\"url\":\"https:\\\/\\\/zinn-giesserei-goehler.com\\\/en\\\/\",\"name\":\"Zinn Gie\u00dferei G\u00f6hler\",\"description\":\"Ihr Zinnh\u00e4ndler aus Deutschland\",\"publisher\":{\"@id\":\"https:\\\/\\\/zinn-giesserei-goehler.com\\\/en\\\/#organization\"},\"potentialAction\":[{\"@type\":\"SearchAction\",\"target\":{\"@type\":\"EntryPoint\",\"urlTemplate\":\"https:\\\/\\\/zinn-giesserei-goehler.com\\\/en\\\/?s={search_term_string}\"},\"query-input\":{\"@type\":\"PropertyValueSpecification\",\"valueRequired\":true,\"valueName\":\"search_term_string\"}}],\"inLanguage\":\"en-US\"},{\"@type\":\"Organization\",\"@id\":\"https:\\\/\\\/zinn-giesserei-goehler.com\\\/en\\\/#organization\",\"name\":\"Zinn Gie\u00dferei G\u00f6hler\",\"url\":\"https:\\\/\\\/zinn-giesserei-goehler.com\\\/en\\\/\",\"logo\":{\"@type\":\"ImageObject\",\"inLanguage\":\"en-US\",\"@id\":\"https:\\\/\\\/zinn-giesserei-goehler.com\\\/en\\\/#\\\/schema\\\/logo\\\/image\\\/\",\"url\":\"https:\\\/\\\/zinn-giesserei-goehler.com\\\/wp-content\\\/uploads\\\/2022\\\/01\\\/LogoV02-zugeschnitten-e1646411454787.png\",\"contentUrl\":\"https:\\\/\\\/zinn-giesserei-goehler.com\\\/wp-content\\\/uploads\\\/2022\\\/01\\\/LogoV02-zugeschnitten-e1646411454787.png\",\"width\":500,\"height\":182,\"caption\":\"Zinn Gie\u00dferei G\u00f6hler\"},\"image\":{\"@id\":\"https:\\\/\\\/zinn-giesserei-goehler.com\\\/en\\\/#\\\/schema\\\/logo\\\/image\\\/\"}}]}<\/script>\n<!-- \/ Yoast SEO plugin. -->","yoast_head_json":{"title":"Copper Pieces Cu99.9 - Zinn Gie\u00dferei G\u00f6hler","robots":{"index":"index","follow":"follow","max-snippet":"max-snippet:-1","max-image-preview":"max-image-preview:large","max-video-preview":"max-video-preview:-1"},"canonical":"https:\/\/zinn-giesserei-goehler.com\/en\/produkt\/copper-pieces-cu99-9\/","og_locale":"en_US","og_type":"article","og_title":"Copper Pieces Cu99.9 - Zinn Gie\u00dferei G\u00f6hler","og_description":"Kupfer Copper Coper Pieces Rods Sticks Pure Metal Pieces Cu","og_url":"https:\/\/zinn-giesserei-goehler.com\/en\/produkt\/copper-pieces-cu99-9\/","og_site_name":"Zinn Gie\u00dferei G\u00f6hler","article_modified_time":"2026-01-21T19:25:37+00:00","og_image":[{"width":2560,"height":1920,"url":"https:\/\/i0.wp.com\/zinn-giesserei-goehler.com\/wp-content\/uploads\/2021\/07\/Kupfer-chips-1-scaled-jpg.webp?fit=2560%2C1920&ssl=1","type":"image\/jpeg"}],"twitter_card":"summary_large_image","schema":{"@context":"https:\/\/schema.org","@graph":[{"@type":"WebPage","@id":"https:\/\/zinn-giesserei-goehler.com\/en\/produkt\/copper-pieces-cu99-9\/","url":"https:\/\/zinn-giesserei-goehler.com\/en\/produkt\/copper-pieces-cu99-9\/","name":"Copper Pieces Cu99.9 - Zinn Gie\u00dferei G\u00f6hler","isPartOf":{"@id":"https:\/\/zinn-giesserei-goehler.com\/en\/#website"},"primaryImageOfPage":{"@id":"https:\/\/zinn-giesserei-goehler.com\/en\/produkt\/copper-pieces-cu99-9\/#primaryimage"},"image":{"@id":"https:\/\/zinn-giesserei-goehler.com\/en\/produkt\/copper-pieces-cu99-9\/#primaryimage"},"thumbnailUrl":"https:\/\/i0.wp.com\/zinn-giesserei-goehler.com\/wp-content\/uploads\/2021\/07\/Kupfer-chips-1-scaled-jpg.webp?fit=2560%2C1920&ssl=1","datePublished":"2021-07-21T08:36:33+00:00","dateModified":"2026-01-21T19:25:37+00:00","breadcrumb":{"@id":"https:\/\/zinn-giesserei-goehler.com\/en\/produkt\/copper-pieces-cu99-9\/#breadcrumb"},"inLanguage":"en-US","potentialAction":[{"@type":"ReadAction","target":["https:\/\/zinn-giesserei-goehler.com\/en\/produkt\/copper-pieces-cu99-9\/"]}]},{"@type":"ImageObject","inLanguage":"en-US","@id":"https:\/\/zinn-giesserei-goehler.com\/en\/produkt\/copper-pieces-cu99-9\/#primaryimage","url":"https:\/\/i0.wp.com\/zinn-giesserei-goehler.com\/wp-content\/uploads\/2021\/07\/Kupfer-chips-1-scaled-jpg.webp?fit=2560%2C1920&ssl=1","contentUrl":"https:\/\/i0.wp.com\/zinn-giesserei-goehler.com\/wp-content\/uploads\/2021\/07\/Kupfer-chips-1-scaled-jpg.webp?fit=2560%2C1920&ssl=1","width":2560,"height":1920},{"@type":"BreadcrumbList","@id":"https:\/\/zinn-giesserei-goehler.com\/en\/produkt\/copper-pieces-cu99-9\/#breadcrumb","itemListElement":[{"@type":"ListItem","position":1,"name":"Startseite","item":"https:\/\/zinn-giesserei-goehler.com\/en\/"},{"@type":"ListItem","position":2,"name":"Shop","item":"https:\/\/zinn-giesserei-goehler.com\/en\/shop\/"},{"@type":"ListItem","position":3,"name":"Copper Pieces Cu99.9"}]},{"@type":"WebSite","@id":"https:\/\/zinn-giesserei-goehler.com\/en\/#website","url":"https:\/\/zinn-giesserei-goehler.com\/en\/","name":"Zinn Gie\u00dferei G\u00f6hler","description":"Ihr Zinnh\u00e4ndler aus Deutschland","publisher":{"@id":"https:\/\/zinn-giesserei-goehler.com\/en\/#organization"},"potentialAction":[{"@type":"SearchAction","target":{"@type":"EntryPoint","urlTemplate":"https:\/\/zinn-giesserei-goehler.com\/en\/?s={search_term_string}"},"query-input":{"@type":"PropertyValueSpecification","valueRequired":true,"valueName":"search_term_string"}}],"inLanguage":"en-US"},{"@type":"Organization","@id":"https:\/\/zinn-giesserei-goehler.com\/en\/#organization","name":"Zinn Gie\u00dferei G\u00f6hler","url":"https:\/\/zinn-giesserei-goehler.com\/en\/","logo":{"@type":"ImageObject","inLanguage":"en-US","@id":"https:\/\/zinn-giesserei-goehler.com\/en\/#\/schema\/logo\/image\/","url":"https:\/\/zinn-giesserei-goehler.com\/wp-content\/uploads\/2022\/01\/LogoV02-zugeschnitten-e1646411454787.png","contentUrl":"https:\/\/zinn-giesserei-goehler.com\/wp-content\/uploads\/2022\/01\/LogoV02-zugeschnitten-e1646411454787.png","width":500,"height":182,"caption":"Zinn Gie\u00dferei G\u00f6hler"},"image":{"@id":"https:\/\/zinn-giesserei-goehler.com\/en\/#\/schema\/logo\/image\/"}}]}},"jetpack_sharing_enabled":true,"_links":{"self":[{"href":"https:\/\/zinn-giesserei-goehler.com\/en\/wp-json\/wp\/v2\/product\/30963","targetHints":{"allow":["GET"]}}],"collection":[{"href":"https:\/\/zinn-giesserei-goehler.com\/en\/wp-json\/wp\/v2\/product"}],"about":[{"href":"https:\/\/zinn-giesserei-goehler.com\/en\/wp-json\/wp\/v2\/types\/product"}],"wp:featuredmedia":[{"embeddable":true,"href":"https:\/\/zinn-giesserei-goehler.com\/en\/wp-json\/wp\/v2\/media\/30969"}],"wp:attachment":[{"href":"https:\/\/zinn-giesserei-goehler.com\/en\/wp-json\/wp\/v2\/media?parent=30963"}],"wp:term":[{"taxonomy":"product_brand","embeddable":true,"href":"https:\/\/zinn-giesserei-goehler.com\/en\/wp-json\/wp\/v2\/product_brand?post=30963"},{"taxonomy":"product_cat","embeddable":true,"href":"https:\/\/zinn-giesserei-goehler.com\/en\/wp-json\/wp\/v2\/product_cat?post=30963"},{"taxonomy":"product_tag","embeddable":true,"href":"https:\/\/zinn-giesserei-goehler.com\/en\/wp-json\/wp\/v2\/product_tag?post=30963"}],"curies":[{"name":"wp","href":"https:\/\/api.w.org\/{rel}","templated":true}]}}