{"id":30736,"date":"2024-02-07T15:54:04","date_gmt":"2024-02-07T14:54:04","guid":{"rendered":"https:\/\/zinn-giesserei-goehler.com\/produkt\/mold-release-vaseline-silicone\/"},"modified":"2026-03-04T13:16:36","modified_gmt":"2026-03-04T12:16:36","slug":"mold-release-vaseline-silicone","status":"publish","type":"product","link":"https:\/\/zinn-giesserei-goehler.com\/en\/produkt\/mold-release-vaseline-silicone\/","title":{"rendered":"Mold Release Vaseline, Silicone"},"content":{"rendered":"<h3><strong>Mold Release Vaseline, Silicone<\/strong><\/h3>\n<p>Release vaseline serves as a <span class=\"modal_lexicon\">release agent<\/span> when making multi-part silicone molds, separating silicone from silicone as well as silicone rubber from other materials and surfaces when <span class=\"modal_lexicon\">molding<\/span> original models.<\/p>\n<p>Silicone mold release vaseline is thinly applied during mold making to the already fully cured first half of the <span class=\"modal_lexicon\">silicone mold<\/span>, and then the newly mixed silicone for the second mold half is poured onto it.<br \/>\nThis prevents the two mold halves from sticking together.<\/p>\n<p>Release vaseline is also ideally suited to protect the original model when molding with silicone rubber, to enable easy demolding of the finished silicone impression and to avoid damage, e.g., adhesion and detachment of an existing paint layer on the original model. If high detail accuracy is important, it is more advisable to use our mold release spray for the masters. However, the silicone mold halves should always be treated with release vaseline.  <\/p>\n<p>Release vaseline is also important when molding still open-pored materials such as plaster models without a closed surface or unsealed wood surfaces.<br \/>\nHere, release vaseline closes the still open-pored surface, thus preventing applied silicone rubber from flowing into the pores and not being cleanly detached after curing.<\/p>\n<p>Release vaseline is thinly applied with a brush.<br \/>\nApplication is easier if the release vaseline is slightly warmed before application.<\/p>\n<p>The release vaseline is pollutant-free.<\/p>\n","protected":false},"excerpt":{"rendered":"<p>Tin Casting, Mold Making, Silicone Mold, Silicone Rubber, Release Agent<\/p>\n<p>50 ml Release Vaseline (Release Agent for Silicone). Creates a thin release layer, separating the master from the molds.<\/p>\n","protected":false},"featured_media":30628,"template":"","meta":[],"product_brand":[],"product_cat":[284,288,328],"product_tag":[393,410],"class_list":{"0":"post-30736","1":"product","2":"type-product","3":"status-publish","4":"has-post-thumbnail","6":"product_cat-foundry-supplies","7":"product_cat-release-agent","8":"product_cat-silicone-mold-making-accessories","9":"product_tag-release-spray","10":"product_tag-silicone-mold","11":"product_shipping_class-free","13":"first","14":"instock","15":"taxable","16":"shipping-taxable","17":"purchasable","18":"product-type-simple"},"yoast_head":"<!-- This site is optimized with the Yoast SEO plugin v27.2 - https:\/\/yoast.com\/product\/yoast-seo-wordpress\/ -->\n<title>Mold Release Vaseline, Silicone - Zinn Gie\u00dferei G\u00f6hler<\/title>\n<meta name=\"robots\" content=\"index, follow, max-snippet:-1, max-image-preview:large, max-video-preview:-1\" \/>\n<link rel=\"canonical\" href=\"https:\/\/zinn-giesserei-goehler.com\/en\/produkt\/mold-release-vaseline-silicone\/\" \/>\n<meta property=\"og:locale\" content=\"en_US\" \/>\n<meta property=\"og:type\" content=\"article\" \/>\n<meta property=\"og:title\" content=\"Mold Release Vaseline, Silicone - Zinn Gie\u00dferei G\u00f6hler\" \/>\n<meta property=\"og:description\" content=\"Tin Casting, Mold Making, Silicone Mold, Silicone Rubber, Release Agent 50 ml Release Vaseline (Release Agent for Silicone). Creates a thin release layer, separating the master from the molds.\" \/>\n<meta property=\"og:url\" content=\"https:\/\/zinn-giesserei-goehler.com\/en\/produkt\/mold-release-vaseline-silicone\/\" \/>\n<meta property=\"og:site_name\" content=\"Zinn Gie\u00dferei G\u00f6hler\" \/>\n<meta property=\"article:modified_time\" content=\"2026-03-04T12:16:36+00:00\" \/>\n<meta property=\"og:image\" content=\"https:\/\/i0.wp.com\/zinn-giesserei-goehler.com\/wp-content\/uploads\/2024\/02\/Trennvaseline-herunterskalliert.jpg?fit=1200%2C1020&ssl=1\" \/>\n\t<meta property=\"og:image:width\" content=\"1200\" \/>\n\t<meta property=\"og:image:height\" content=\"1020\" \/>\n\t<meta property=\"og:image:type\" content=\"image\/jpeg\" \/>\n<meta name=\"twitter:card\" content=\"summary_large_image\" \/>\n<meta name=\"twitter:label1\" content=\"Est. reading time\" \/>\n\t<meta name=\"twitter:data1\" content=\"1 minute\" \/>\n<script type=\"application\/ld+json\" class=\"yoast-schema-graph\">{\"@context\":\"https:\/\/schema.org\",\"@graph\":[{\"@type\":\"WebPage\",\"@id\":\"https:\/\/zinn-giesserei-goehler.com\/en\/produkt\/mold-release-vaseline-silicone\/\",\"url\":\"https:\/\/zinn-giesserei-goehler.com\/en\/produkt\/mold-release-vaseline-silicone\/\",\"name\":\"Mold Release Vaseline, Silicone - Zinn Gie\u00dferei G\u00f6hler\",\"isPartOf\":{\"@id\":\"https:\/\/zinn-giesserei-goehler.com\/en\/#website\"},\"primaryImageOfPage\":{\"@id\":\"https:\/\/zinn-giesserei-goehler.com\/en\/produkt\/mold-release-vaseline-silicone\/#primaryimage\"},\"image\":{\"@id\":\"https:\/\/zinn-giesserei-goehler.com\/en\/produkt\/mold-release-vaseline-silicone\/#primaryimage\"},\"thumbnailUrl\":\"https:\/\/i0.wp.com\/zinn-giesserei-goehler.com\/wp-content\/uploads\/2024\/02\/Trennvaseline-herunterskalliert.jpg?fit=1200%2C1020&ssl=1\",\"datePublished\":\"2024-02-07T14:54:04+00:00\",\"dateModified\":\"2026-03-04T12:16:36+00:00\",\"breadcrumb\":{\"@id\":\"https:\/\/zinn-giesserei-goehler.com\/en\/produkt\/mold-release-vaseline-silicone\/#breadcrumb\"},\"inLanguage\":\"en-US\",\"potentialAction\":[{\"@type\":\"ReadAction\",\"target\":[\"https:\/\/zinn-giesserei-goehler.com\/en\/produkt\/mold-release-vaseline-silicone\/\"]}]},{\"@type\":\"ImageObject\",\"inLanguage\":\"en-US\",\"@id\":\"https:\/\/zinn-giesserei-goehler.com\/en\/produkt\/mold-release-vaseline-silicone\/#primaryimage\",\"url\":\"https:\/\/i0.wp.com\/zinn-giesserei-goehler.com\/wp-content\/uploads\/2024\/02\/Trennvaseline-herunterskalliert.jpg?fit=1200%2C1020&ssl=1\",\"contentUrl\":\"https:\/\/i0.wp.com\/zinn-giesserei-goehler.com\/wp-content\/uploads\/2024\/02\/Trennvaseline-herunterskalliert.jpg?fit=1200%2C1020&ssl=1\",\"width\":1200,\"height\":1020,\"caption\":\"binary comment\"},{\"@type\":\"BreadcrumbList\",\"@id\":\"https:\/\/zinn-giesserei-goehler.com\/en\/produkt\/mold-release-vaseline-silicone\/#breadcrumb\",\"itemListElement\":[{\"@type\":\"ListItem\",\"position\":1,\"name\":\"Startseite\",\"item\":\"https:\/\/zinn-giesserei-goehler.com\/en\/\"},{\"@type\":\"ListItem\",\"position\":2,\"name\":\"Shop\",\"item\":\"https:\/\/zinn-giesserei-goehler.com\/en\/shop\/\"},{\"@type\":\"ListItem\",\"position\":3,\"name\":\"Mold Release Vaseline, Silicone\"}]},{\"@type\":\"WebSite\",\"@id\":\"https:\/\/zinn-giesserei-goehler.com\/en\/#website\",\"url\":\"https:\/\/zinn-giesserei-goehler.com\/en\/\",\"name\":\"Zinn Gie\u00dferei G\u00f6hler\",\"description\":\"Ihr Zinnh\u00e4ndler aus Deutschland\",\"publisher\":{\"@id\":\"https:\/\/zinn-giesserei-goehler.com\/en\/#organization\"},\"potentialAction\":[{\"@type\":\"SearchAction\",\"target\":{\"@type\":\"EntryPoint\",\"urlTemplate\":\"https:\/\/zinn-giesserei-goehler.com\/en\/?s={search_term_string}\"},\"query-input\":{\"@type\":\"PropertyValueSpecification\",\"valueRequired\":true,\"valueName\":\"search_term_string\"}}],\"inLanguage\":\"en-US\"},{\"@type\":\"Organization\",\"@id\":\"https:\/\/zinn-giesserei-goehler.com\/en\/#organization\",\"name\":\"Zinn Gie\u00dferei G\u00f6hler\",\"url\":\"https:\/\/zinn-giesserei-goehler.com\/en\/\",\"logo\":{\"@type\":\"ImageObject\",\"inLanguage\":\"en-US\",\"@id\":\"https:\/\/zinn-giesserei-goehler.com\/en\/#\/schema\/logo\/image\/\",\"url\":\"https:\/\/zinn-giesserei-goehler.com\/wp-content\/uploads\/2022\/01\/LogoV02-zugeschnitten-e1646411454787.png\",\"contentUrl\":\"https:\/\/zinn-giesserei-goehler.com\/wp-content\/uploads\/2022\/01\/LogoV02-zugeschnitten-e1646411454787.png\",\"width\":500,\"height\":182,\"caption\":\"Zinn Gie\u00dferei G\u00f6hler\"},\"image\":{\"@id\":\"https:\/\/zinn-giesserei-goehler.com\/en\/#\/schema\/logo\/image\/\"}}]}<\/script>\n<!-- \/ Yoast SEO plugin. -->","yoast_head_json":{"title":"Mold Release Vaseline, Silicone - Zinn Gie\u00dferei G\u00f6hler","robots":{"index":"index","follow":"follow","max-snippet":"max-snippet:-1","max-image-preview":"max-image-preview:large","max-video-preview":"max-video-preview:-1"},"canonical":"https:\/\/zinn-giesserei-goehler.com\/en\/produkt\/mold-release-vaseline-silicone\/","og_locale":"en_US","og_type":"article","og_title":"Mold Release Vaseline, Silicone - Zinn Gie\u00dferei G\u00f6hler","og_description":"Tin Casting, Mold Making, Silicone Mold, Silicone Rubber, Release Agent 50 ml Release Vaseline (Release Agent for Silicone). Creates a thin release layer, separating the master from the molds.","og_url":"https:\/\/zinn-giesserei-goehler.com\/en\/produkt\/mold-release-vaseline-silicone\/","og_site_name":"Zinn Gie\u00dferei G\u00f6hler","article_modified_time":"2026-03-04T12:16:36+00:00","og_image":[{"width":1200,"height":1020,"url":"https:\/\/i0.wp.com\/zinn-giesserei-goehler.com\/wp-content\/uploads\/2024\/02\/Trennvaseline-herunterskalliert.jpg?fit=1200%2C1020&ssl=1","type":"image\/jpeg"}],"twitter_card":"summary_large_image","twitter_misc":{"Est. reading time":"1 minute"},"schema":{"@context":"https:\/\/schema.org","@graph":[{"@type":"WebPage","@id":"https:\/\/zinn-giesserei-goehler.com\/en\/produkt\/mold-release-vaseline-silicone\/","url":"https:\/\/zinn-giesserei-goehler.com\/en\/produkt\/mold-release-vaseline-silicone\/","name":"Mold Release Vaseline, Silicone - Zinn Gie\u00dferei G\u00f6hler","isPartOf":{"@id":"https:\/\/zinn-giesserei-goehler.com\/en\/#website"},"primaryImageOfPage":{"@id":"https:\/\/zinn-giesserei-goehler.com\/en\/produkt\/mold-release-vaseline-silicone\/#primaryimage"},"image":{"@id":"https:\/\/zinn-giesserei-goehler.com\/en\/produkt\/mold-release-vaseline-silicone\/#primaryimage"},"thumbnailUrl":"https:\/\/i0.wp.com\/zinn-giesserei-goehler.com\/wp-content\/uploads\/2024\/02\/Trennvaseline-herunterskalliert.jpg?fit=1200%2C1020&ssl=1","datePublished":"2024-02-07T14:54:04+00:00","dateModified":"2026-03-04T12:16:36+00:00","breadcrumb":{"@id":"https:\/\/zinn-giesserei-goehler.com\/en\/produkt\/mold-release-vaseline-silicone\/#breadcrumb"},"inLanguage":"en-US","potentialAction":[{"@type":"ReadAction","target":["https:\/\/zinn-giesserei-goehler.com\/en\/produkt\/mold-release-vaseline-silicone\/"]}]},{"@type":"ImageObject","inLanguage":"en-US","@id":"https:\/\/zinn-giesserei-goehler.com\/en\/produkt\/mold-release-vaseline-silicone\/#primaryimage","url":"https:\/\/i0.wp.com\/zinn-giesserei-goehler.com\/wp-content\/uploads\/2024\/02\/Trennvaseline-herunterskalliert.jpg?fit=1200%2C1020&ssl=1","contentUrl":"https:\/\/i0.wp.com\/zinn-giesserei-goehler.com\/wp-content\/uploads\/2024\/02\/Trennvaseline-herunterskalliert.jpg?fit=1200%2C1020&ssl=1","width":1200,"height":1020,"caption":"binary comment"},{"@type":"BreadcrumbList","@id":"https:\/\/zinn-giesserei-goehler.com\/en\/produkt\/mold-release-vaseline-silicone\/#breadcrumb","itemListElement":[{"@type":"ListItem","position":1,"name":"Startseite","item":"https:\/\/zinn-giesserei-goehler.com\/en\/"},{"@type":"ListItem","position":2,"name":"Shop","item":"https:\/\/zinn-giesserei-goehler.com\/en\/shop\/"},{"@type":"ListItem","position":3,"name":"Mold Release Vaseline, Silicone"}]},{"@type":"WebSite","@id":"https:\/\/zinn-giesserei-goehler.com\/en\/#website","url":"https:\/\/zinn-giesserei-goehler.com\/en\/","name":"Zinn Gie\u00dferei G\u00f6hler","description":"Ihr Zinnh\u00e4ndler aus Deutschland","publisher":{"@id":"https:\/\/zinn-giesserei-goehler.com\/en\/#organization"},"potentialAction":[{"@type":"SearchAction","target":{"@type":"EntryPoint","urlTemplate":"https:\/\/zinn-giesserei-goehler.com\/en\/?s={search_term_string}"},"query-input":{"@type":"PropertyValueSpecification","valueRequired":true,"valueName":"search_term_string"}}],"inLanguage":"en-US"},{"@type":"Organization","@id":"https:\/\/zinn-giesserei-goehler.com\/en\/#organization","name":"Zinn Gie\u00dferei G\u00f6hler","url":"https:\/\/zinn-giesserei-goehler.com\/en\/","logo":{"@type":"ImageObject","inLanguage":"en-US","@id":"https:\/\/zinn-giesserei-goehler.com\/en\/#\/schema\/logo\/image\/","url":"https:\/\/zinn-giesserei-goehler.com\/wp-content\/uploads\/2022\/01\/LogoV02-zugeschnitten-e1646411454787.png","contentUrl":"https:\/\/zinn-giesserei-goehler.com\/wp-content\/uploads\/2022\/01\/LogoV02-zugeschnitten-e1646411454787.png","width":500,"height":182,"caption":"Zinn Gie\u00dferei G\u00f6hler"},"image":{"@id":"https:\/\/zinn-giesserei-goehler.com\/en\/#\/schema\/logo\/image\/"}}]}},"jetpack_sharing_enabled":true,"_links":{"self":[{"href":"https:\/\/zinn-giesserei-goehler.com\/en\/wp-json\/wp\/v2\/product\/30736","targetHints":{"allow":["GET"]}}],"collection":[{"href":"https:\/\/zinn-giesserei-goehler.com\/en\/wp-json\/wp\/v2\/product"}],"about":[{"href":"https:\/\/zinn-giesserei-goehler.com\/en\/wp-json\/wp\/v2\/types\/product"}],"wp:featuredmedia":[{"embeddable":true,"href":"https:\/\/zinn-giesserei-goehler.com\/en\/wp-json\/wp\/v2\/media\/30628"}],"wp:attachment":[{"href":"https:\/\/zinn-giesserei-goehler.com\/en\/wp-json\/wp\/v2\/media?parent=30736"}],"wp:term":[{"taxonomy":"product_brand","embeddable":true,"href":"https:\/\/zinn-giesserei-goehler.com\/en\/wp-json\/wp\/v2\/product_brand?post=30736"},{"taxonomy":"product_cat","embeddable":true,"href":"https:\/\/zinn-giesserei-goehler.com\/en\/wp-json\/wp\/v2\/product_cat?post=30736"},{"taxonomy":"product_tag","embeddable":true,"href":"https:\/\/zinn-giesserei-goehler.com\/en\/wp-json\/wp\/v2\/product_tag?post=30736"}],"curies":[{"name":"wp","href":"https:\/\/api.w.org\/{rel}","templated":true}]}}