{"id":30723,"date":"2024-01-24T13:58:30","date_gmt":"2024-01-24T12:58:30","guid":{"rendered":"https:\/\/zinn-giesserei-goehler.com\/produkt\/heat-resistant-silicone-rubber\/"},"modified":"2026-03-04T13:16:57","modified_gmt":"2026-03-04T12:16:57","slug":"heat-resistant-silicone-rubber","status":"publish","type":"product","link":"https:\/\/zinn-giesserei-goehler.com\/en\/produkt\/heat-resistant-silicone-rubber\/","title":{"rendered":"Heat-resistant Silicone Rubber"},"content":{"rendered":"<p><strong>Silicone rubber for making heat-resistant molds for casting low-melting point metals like tin.<\/strong><\/p>\n<p><strong>Properties and Application:<\/strong><\/p>\n<p><strong>&#8211; Easy to process<\/strong><br \/>\n<strong>&#8211; Easy mixing of components 1:1 by weight<\/strong><br \/>\n<strong>&#8211; Very good flowability, mixture is easily pourable<\/strong><br \/>\n<strong>&#8211; <span class=\"modal_lexicon\">Cross-linking<\/span> into a resilient, rubber-elastic vulcanizate without heat of reaction<\/strong><br \/>\n<strong>&#8211; Temporarily temperature resistant up to 450 degrees Celsius<\/strong><br \/>\n<strong>&#8211; High <span class=\"modal_lexicon\">tear strength<\/span> and high flexibility<\/strong><br \/>\n<strong>&#8211; Very high reproduction fidelity<\/strong><br \/>\n<strong>&#8211; For making molds for casting with low-melting point metals (tin, lead) and bismuth alloys<\/strong><\/p>\n<p>The Silicone Rubber HB is very well suited for making heat-resistant molds (short-term, at the time of pouring, no continuous temperature resistance) for casting with low-melting point metals.<br \/>\nAt the same time, the molds are elastic, durable, and also suitable for reproducing undercuts.<\/p>\n<p>When casting with low-melting point metals, ensure the mold is absolutely dry, and the mold should be treated with talcum powder as a release and flow agent before each casting.<br \/>\nThis will result in better casting results and protect the mold from burns.<\/p>\n<p>With Silicone Rubber HB, single- or <span class=\"modal_lexicon\">multi-part molds<\/span> can be made,<br \/>\nfor <span class=\"modal_lexicon\">replicating<\/span> original models made of wood, glass, metal, plastic, wax, ceramic casting compounds.<br \/>\nYou can also cast all water-soluble casting materials in the molds you make, such as<br \/>\nrelief casting compounds like Stewalin, Keraflott or plaster, Keramin, Alabit, modeling and model-building plaster, casting clay, cement, concrete, etc.<\/p>\n<p>The silicone has not been tested for <span class=\"modal_lexicon\">skin<\/span> and mucous membrane compatibility, nor for use in connection with food.<br \/>\nIf you are looking for silicones that you want to use in connection with food or body molding, please ask us.<br \/>\nWe also have suitable materials for this in our range.<\/p>\n<p><strong>Further product information:<\/strong><\/p>\n<p>&#8211; Color: red (component A) and white (component B)<br \/>\n&#8211; Mixture: 1:1 by weight<br \/>\n&#8211; Specific gravity: 1.17<br \/>\n<span class=\"modal_lexicon\">&#8211; Viscosity<\/span> 6000 \u00b1 300 mPas<br \/>\n-Mixing time at 23 degrees Celsius 1 minute<br \/>\n<span class=\"modal_lexicon\">&#8211; Processing time<\/span> (<span class=\"modal_lexicon\">Pot life<\/span>) at 23 degrees Celsius 10 minutes<br \/>\n&#8211; Curing time at 23 degrees Celsius 90 minutes<br \/>\n&#8211; Hardness <span class=\"modal_lexicon\">Shore A<\/span> after 24 hours 33 \u00b1 2<br \/>\n&#8211; Breaking load 4.5 \u00b1 0.2 N\/mm\u00b2<br \/>\n&#8211; Elongation at break 370 \u00b1 20%<br \/>\n<span class=\"modal_lexicon\">&#8211; Tear strength<\/span> 10 \u00b1 1 N\/mm\u00b2<br \/>\n&#8211; Reproduction detail accuracy: 2 micron<br \/>\n&#8211; Dimensional change after 24 hours 0.02%<\/p>\n","protected":false},"excerpt":{"rendered":"<p>Mold Making Silicone Mold Making Heat-Resistant Tin Casting Tin Casting Heat-Resistant<\/p>\n","protected":false},"featured_media":30731,"template":"","meta":[],"product_brand":[],"product_cat":[280,284,328],"product_tag":[314],"class_list":{"0":"post-30723","1":"product","2":"type-product","3":"status-publish","4":"has-post-thumbnail","6":"product_cat-casting-accessories","7":"product_cat-foundry-supplies","8":"product_cat-silicone-mold-making-accessories","9":"product_tag-mold-making","10":"product_shipping_class-free","12":"first","13":"instock","14":"taxable","15":"shipping-taxable","16":"purchasable","17":"product-type-variable"},"yoast_head":"<!-- This site is optimized with the Yoast SEO plugin v27.5 - https:\/\/yoast.com\/product\/yoast-seo-wordpress\/ -->\n<title>Heat-resistant Silicone Rubber - Zinn Gie\u00dferei G\u00f6hler<\/title>\n<meta name=\"robots\" content=\"index, follow, max-snippet:-1, max-image-preview:large, max-video-preview:-1\" \/>\n<link rel=\"canonical\" href=\"https:\/\/zinn-giesserei-goehler.com\/en\/produkt\/heat-resistant-silicone-rubber\/\" \/>\n<meta property=\"og:locale\" content=\"en_US\" \/>\n<meta property=\"og:type\" content=\"article\" \/>\n<meta property=\"og:title\" content=\"Heat-resistant Silicone Rubber - Zinn Gie\u00dferei G\u00f6hler\" \/>\n<meta property=\"og:description\" content=\"Mold Making Silicone Mold Making Heat-Resistant Tin Casting Tin Casting Heat-Resistant\" \/>\n<meta property=\"og:url\" content=\"https:\/\/zinn-giesserei-goehler.com\/en\/produkt\/heat-resistant-silicone-rubber\/\" \/>\n<meta property=\"og:site_name\" content=\"Zinn Gie\u00dferei G\u00f6hler\" \/>\n<meta property=\"article:modified_time\" content=\"2026-03-04T12:16:57+00:00\" \/>\n<meta property=\"og:image\" content=\"https:\/\/i0.wp.com\/zinn-giesserei-goehler.com\/wp-content\/uploads\/2024\/01\/Silikonkautschuk-1.jpg?fit=1066%2C1066&ssl=1\" \/>\n\t<meta property=\"og:image:width\" content=\"1066\" \/>\n\t<meta property=\"og:image:height\" content=\"1066\" \/>\n\t<meta property=\"og:image:type\" content=\"image\/jpeg\" \/>\n<meta name=\"twitter:card\" content=\"summary_large_image\" \/>\n<meta name=\"twitter:label1\" content=\"Est. reading time\" \/>\n\t<meta name=\"twitter:data1\" content=\"2 minutes\" \/>\n<script type=\"application\/ld+json\" class=\"yoast-schema-graph\">{\"@context\":\"https:\\\/\\\/schema.org\",\"@graph\":[{\"@type\":\"WebPage\",\"@id\":\"https:\\\/\\\/zinn-giesserei-goehler.com\\\/en\\\/produkt\\\/heat-resistant-silicone-rubber\\\/\",\"url\":\"https:\\\/\\\/zinn-giesserei-goehler.com\\\/en\\\/produkt\\\/heat-resistant-silicone-rubber\\\/\",\"name\":\"Heat-resistant Silicone Rubber - Zinn Gie\u00dferei G\u00f6hler\",\"isPartOf\":{\"@id\":\"https:\\\/\\\/zinn-giesserei-goehler.com\\\/en\\\/#website\"},\"primaryImageOfPage\":{\"@id\":\"https:\\\/\\\/zinn-giesserei-goehler.com\\\/en\\\/produkt\\\/heat-resistant-silicone-rubber\\\/#primaryimage\"},\"image\":{\"@id\":\"https:\\\/\\\/zinn-giesserei-goehler.com\\\/en\\\/produkt\\\/heat-resistant-silicone-rubber\\\/#primaryimage\"},\"thumbnailUrl\":\"https:\\\/\\\/i0.wp.com\\\/zinn-giesserei-goehler.com\\\/wp-content\\\/uploads\\\/2024\\\/01\\\/Silikonkautschuk-1.jpg?fit=1066%2C1066&ssl=1\",\"datePublished\":\"2024-01-24T12:58:30+00:00\",\"dateModified\":\"2026-03-04T12:16:57+00:00\",\"breadcrumb\":{\"@id\":\"https:\\\/\\\/zinn-giesserei-goehler.com\\\/en\\\/produkt\\\/heat-resistant-silicone-rubber\\\/#breadcrumb\"},\"inLanguage\":\"en-US\",\"potentialAction\":[{\"@type\":\"ReadAction\",\"target\":[\"https:\\\/\\\/zinn-giesserei-goehler.com\\\/en\\\/produkt\\\/heat-resistant-silicone-rubber\\\/\"]}]},{\"@type\":\"ImageObject\",\"inLanguage\":\"en-US\",\"@id\":\"https:\\\/\\\/zinn-giesserei-goehler.com\\\/en\\\/produkt\\\/heat-resistant-silicone-rubber\\\/#primaryimage\",\"url\":\"https:\\\/\\\/i0.wp.com\\\/zinn-giesserei-goehler.com\\\/wp-content\\\/uploads\\\/2024\\\/01\\\/Silikonkautschuk-1.jpg?fit=1066%2C1066&ssl=1\",\"contentUrl\":\"https:\\\/\\\/i0.wp.com\\\/zinn-giesserei-goehler.com\\\/wp-content\\\/uploads\\\/2024\\\/01\\\/Silikonkautschuk-1.jpg?fit=1066%2C1066&ssl=1\",\"width\":1066,\"height\":1066},{\"@type\":\"BreadcrumbList\",\"@id\":\"https:\\\/\\\/zinn-giesserei-goehler.com\\\/en\\\/produkt\\\/heat-resistant-silicone-rubber\\\/#breadcrumb\",\"itemListElement\":[{\"@type\":\"ListItem\",\"position\":1,\"name\":\"Startseite\",\"item\":\"https:\\\/\\\/zinn-giesserei-goehler.com\\\/en\\\/\"},{\"@type\":\"ListItem\",\"position\":2,\"name\":\"Shop\",\"item\":\"https:\\\/\\\/zinn-giesserei-goehler.com\\\/en\\\/shop\\\/\"},{\"@type\":\"ListItem\",\"position\":3,\"name\":\"Heat-resistant Silicone Rubber\"}]},{\"@type\":\"WebSite\",\"@id\":\"https:\\\/\\\/zinn-giesserei-goehler.com\\\/en\\\/#website\",\"url\":\"https:\\\/\\\/zinn-giesserei-goehler.com\\\/en\\\/\",\"name\":\"Zinn Gie\u00dferei G\u00f6hler\",\"description\":\"Ihr Zinnh\u00e4ndler aus Deutschland\",\"publisher\":{\"@id\":\"https:\\\/\\\/zinn-giesserei-goehler.com\\\/en\\\/#organization\"},\"potentialAction\":[{\"@type\":\"SearchAction\",\"target\":{\"@type\":\"EntryPoint\",\"urlTemplate\":\"https:\\\/\\\/zinn-giesserei-goehler.com\\\/en\\\/?s={search_term_string}\"},\"query-input\":{\"@type\":\"PropertyValueSpecification\",\"valueRequired\":true,\"valueName\":\"search_term_string\"}}],\"inLanguage\":\"en-US\"},{\"@type\":\"Organization\",\"@id\":\"https:\\\/\\\/zinn-giesserei-goehler.com\\\/en\\\/#organization\",\"name\":\"Zinn Gie\u00dferei G\u00f6hler\",\"url\":\"https:\\\/\\\/zinn-giesserei-goehler.com\\\/en\\\/\",\"logo\":{\"@type\":\"ImageObject\",\"inLanguage\":\"en-US\",\"@id\":\"https:\\\/\\\/zinn-giesserei-goehler.com\\\/en\\\/#\\\/schema\\\/logo\\\/image\\\/\",\"url\":\"https:\\\/\\\/zinn-giesserei-goehler.com\\\/wp-content\\\/uploads\\\/2022\\\/01\\\/LogoV02-zugeschnitten-e1646411454787.png\",\"contentUrl\":\"https:\\\/\\\/zinn-giesserei-goehler.com\\\/wp-content\\\/uploads\\\/2022\\\/01\\\/LogoV02-zugeschnitten-e1646411454787.png\",\"width\":500,\"height\":182,\"caption\":\"Zinn Gie\u00dferei G\u00f6hler\"},\"image\":{\"@id\":\"https:\\\/\\\/zinn-giesserei-goehler.com\\\/en\\\/#\\\/schema\\\/logo\\\/image\\\/\"}}]}<\/script>\n<!-- \/ Yoast SEO plugin. -->","yoast_head_json":{"title":"Heat-resistant Silicone Rubber - Zinn Gie\u00dferei G\u00f6hler","robots":{"index":"index","follow":"follow","max-snippet":"max-snippet:-1","max-image-preview":"max-image-preview:large","max-video-preview":"max-video-preview:-1"},"canonical":"https:\/\/zinn-giesserei-goehler.com\/en\/produkt\/heat-resistant-silicone-rubber\/","og_locale":"en_US","og_type":"article","og_title":"Heat-resistant Silicone Rubber - Zinn Gie\u00dferei G\u00f6hler","og_description":"Mold Making Silicone Mold Making Heat-Resistant Tin Casting Tin Casting Heat-Resistant","og_url":"https:\/\/zinn-giesserei-goehler.com\/en\/produkt\/heat-resistant-silicone-rubber\/","og_site_name":"Zinn Gie\u00dferei G\u00f6hler","article_modified_time":"2026-03-04T12:16:57+00:00","og_image":[{"width":1066,"height":1066,"url":"https:\/\/i0.wp.com\/zinn-giesserei-goehler.com\/wp-content\/uploads\/2024\/01\/Silikonkautschuk-1.jpg?fit=1066%2C1066&ssl=1","type":"image\/jpeg"}],"twitter_card":"summary_large_image","twitter_misc":{"Est. reading time":"2 minutes"},"schema":{"@context":"https:\/\/schema.org","@graph":[{"@type":"WebPage","@id":"https:\/\/zinn-giesserei-goehler.com\/en\/produkt\/heat-resistant-silicone-rubber\/","url":"https:\/\/zinn-giesserei-goehler.com\/en\/produkt\/heat-resistant-silicone-rubber\/","name":"Heat-resistant Silicone Rubber - Zinn Gie\u00dferei G\u00f6hler","isPartOf":{"@id":"https:\/\/zinn-giesserei-goehler.com\/en\/#website"},"primaryImageOfPage":{"@id":"https:\/\/zinn-giesserei-goehler.com\/en\/produkt\/heat-resistant-silicone-rubber\/#primaryimage"},"image":{"@id":"https:\/\/zinn-giesserei-goehler.com\/en\/produkt\/heat-resistant-silicone-rubber\/#primaryimage"},"thumbnailUrl":"https:\/\/i0.wp.com\/zinn-giesserei-goehler.com\/wp-content\/uploads\/2024\/01\/Silikonkautschuk-1.jpg?fit=1066%2C1066&ssl=1","datePublished":"2024-01-24T12:58:30+00:00","dateModified":"2026-03-04T12:16:57+00:00","breadcrumb":{"@id":"https:\/\/zinn-giesserei-goehler.com\/en\/produkt\/heat-resistant-silicone-rubber\/#breadcrumb"},"inLanguage":"en-US","potentialAction":[{"@type":"ReadAction","target":["https:\/\/zinn-giesserei-goehler.com\/en\/produkt\/heat-resistant-silicone-rubber\/"]}]},{"@type":"ImageObject","inLanguage":"en-US","@id":"https:\/\/zinn-giesserei-goehler.com\/en\/produkt\/heat-resistant-silicone-rubber\/#primaryimage","url":"https:\/\/i0.wp.com\/zinn-giesserei-goehler.com\/wp-content\/uploads\/2024\/01\/Silikonkautschuk-1.jpg?fit=1066%2C1066&ssl=1","contentUrl":"https:\/\/i0.wp.com\/zinn-giesserei-goehler.com\/wp-content\/uploads\/2024\/01\/Silikonkautschuk-1.jpg?fit=1066%2C1066&ssl=1","width":1066,"height":1066},{"@type":"BreadcrumbList","@id":"https:\/\/zinn-giesserei-goehler.com\/en\/produkt\/heat-resistant-silicone-rubber\/#breadcrumb","itemListElement":[{"@type":"ListItem","position":1,"name":"Startseite","item":"https:\/\/zinn-giesserei-goehler.com\/en\/"},{"@type":"ListItem","position":2,"name":"Shop","item":"https:\/\/zinn-giesserei-goehler.com\/en\/shop\/"},{"@type":"ListItem","position":3,"name":"Heat-resistant Silicone Rubber"}]},{"@type":"WebSite","@id":"https:\/\/zinn-giesserei-goehler.com\/en\/#website","url":"https:\/\/zinn-giesserei-goehler.com\/en\/","name":"Zinn Gie\u00dferei G\u00f6hler","description":"Ihr Zinnh\u00e4ndler aus Deutschland","publisher":{"@id":"https:\/\/zinn-giesserei-goehler.com\/en\/#organization"},"potentialAction":[{"@type":"SearchAction","target":{"@type":"EntryPoint","urlTemplate":"https:\/\/zinn-giesserei-goehler.com\/en\/?s={search_term_string}"},"query-input":{"@type":"PropertyValueSpecification","valueRequired":true,"valueName":"search_term_string"}}],"inLanguage":"en-US"},{"@type":"Organization","@id":"https:\/\/zinn-giesserei-goehler.com\/en\/#organization","name":"Zinn Gie\u00dferei G\u00f6hler","url":"https:\/\/zinn-giesserei-goehler.com\/en\/","logo":{"@type":"ImageObject","inLanguage":"en-US","@id":"https:\/\/zinn-giesserei-goehler.com\/en\/#\/schema\/logo\/image\/","url":"https:\/\/zinn-giesserei-goehler.com\/wp-content\/uploads\/2022\/01\/LogoV02-zugeschnitten-e1646411454787.png","contentUrl":"https:\/\/zinn-giesserei-goehler.com\/wp-content\/uploads\/2022\/01\/LogoV02-zugeschnitten-e1646411454787.png","width":500,"height":182,"caption":"Zinn Gie\u00dferei G\u00f6hler"},"image":{"@id":"https:\/\/zinn-giesserei-goehler.com\/en\/#\/schema\/logo\/image\/"}}]}},"jetpack_sharing_enabled":true,"_links":{"self":[{"href":"https:\/\/zinn-giesserei-goehler.com\/en\/wp-json\/wp\/v2\/product\/30723","targetHints":{"allow":["GET"]}}],"collection":[{"href":"https:\/\/zinn-giesserei-goehler.com\/en\/wp-json\/wp\/v2\/product"}],"about":[{"href":"https:\/\/zinn-giesserei-goehler.com\/en\/wp-json\/wp\/v2\/types\/product"}],"wp:featuredmedia":[{"embeddable":true,"href":"https:\/\/zinn-giesserei-goehler.com\/en\/wp-json\/wp\/v2\/media\/30731"}],"wp:attachment":[{"href":"https:\/\/zinn-giesserei-goehler.com\/en\/wp-json\/wp\/v2\/media?parent=30723"}],"wp:term":[{"taxonomy":"product_brand","embeddable":true,"href":"https:\/\/zinn-giesserei-goehler.com\/en\/wp-json\/wp\/v2\/product_brand?post=30723"},{"taxonomy":"product_cat","embeddable":true,"href":"https:\/\/zinn-giesserei-goehler.com\/en\/wp-json\/wp\/v2\/product_cat?post=30723"},{"taxonomy":"product_tag","embeddable":true,"href":"https:\/\/zinn-giesserei-goehler.com\/en\/wp-json\/wp\/v2\/product_tag?post=30723"}],"curies":[{"name":"wp","href":"https:\/\/api.w.org\/{rel}","templated":true}]}}