{"id":30696,"date":"2024-01-10T11:39:24","date_gmt":"2024-01-10T10:39:24","guid":{"rendered":"https:\/\/zinn-giesserei-goehler.com\/produkt\/ecobrass-round-bars-lead-free-brass\/"},"modified":"2026-01-21T20:09:34","modified_gmt":"2026-01-21T19:09:34","slug":"ecobrass-round-bars-lead-free-brass","status":"publish","type":"product","link":"https:\/\/zinn-giesserei-goehler.com\/en\/produkt\/ecobrass-round-bars-lead-free-brass\/","title":{"rendered":"Ecobrass round Bars, Lead-Free Brass"},"content":{"rendered":"<p><strong>Lead-Free Brass, Ecobrass CuZn21Si3P (CW724R) in Round Bars with 250g Piece Weight<\/strong><\/p>\n<p><strong>Material: CuZn21Si3P (CW724R)<\/strong><br \/>\n<strong>Diameter: 18 mm<br \/>\nLength: 120 mm<br \/>\n<\/strong><strong>Melting Temperature: approx. 930\u00b0C (Liquidus Temperature)<\/strong><br \/>\n<strong>Casting Temperature: 1000-1050\u00b0C<\/strong><br \/>\n<strong>Density: 8.28 g\/cm\u00b3<\/strong><\/p>\n<p>Ecobrass is a term for brass alloys that contain less than 0.1% lead. Thus, they comply with current standards for use in contact with drinking water. <\/p>\n<p>The alloy exhibits similar mechanical properties to other lead-containing brass grades. It is suitable for both casting and forming processes. Its notable properties include good machinability, corrosion resistance, resistance to stress corrosion cracking, polishability, and good hard and soft solderability.  <\/p>\n<p>These properties result from the significantly lower zinc content compared to Ms58 and the additions of silicon and phosphorus. This combination largely compensates for the absence of lead for machinability and the softer \u03b1-structure, compared to the harder \u03b1-\u03b2-structure of Ms58. <\/p>\n<p>The silicon in the alloy leads to increased hardness and good machinability. The low phosphorus content deoxidizes the melt and makes it more fluid. Silicon and phosphorus also counteract zinc evaporation during melting. Nevertheless, the use of slag binders for copper alloys during the melting process is recommended.   <\/p>\n<p>Therefore, if it is important to produce lead-free castings or if you want to cold or hot form the casting later, this alloy is preferable to Ms58.<\/p>\n","protected":false},"excerpt":{"rendered":"<p>Lead-Free Brass Castings <strong>CW724R Bars<\/strong><\/p>\n","protected":false},"featured_media":30700,"template":"","meta":[],"product_brand":[],"product_cat":[298,336],"product_tag":[337,281,409],"class_list":{"0":"post-30696","1":"product","2":"type-product","3":"status-publish","4":"has-post-thumbnail","6":"product_cat-alloys","7":"product_cat-brass","8":"product_tag-brass","9":"product_tag-ingots","10":"product_tag-lead-free","11":"product_shipping_class-free","13":"first","14":"instock","15":"taxable","16":"shipping-taxable","17":"purchasable","18":"product-type-variable"},"yoast_head":"<!-- This site is optimized with the Yoast SEO plugin v27.4 - https:\/\/yoast.com\/product\/yoast-seo-wordpress\/ -->\n<title>Ecobrass round Bars, Lead-Free Brass - Zinn Gie\u00dferei G\u00f6hler<\/title>\n<meta name=\"robots\" content=\"index, follow, max-snippet:-1, max-image-preview:large, max-video-preview:-1\" \/>\n<link rel=\"canonical\" href=\"https:\/\/zinn-giesserei-goehler.com\/en\/produkt\/ecobrass-round-bars-lead-free-brass\/\" \/>\n<meta property=\"og:locale\" content=\"en_US\" \/>\n<meta property=\"og:type\" content=\"article\" \/>\n<meta property=\"og:title\" content=\"Ecobrass round Bars, Lead-Free Brass - Zinn Gie\u00dferei G\u00f6hler\" \/>\n<meta property=\"og:description\" content=\"Lead-Free Brass Castings CW724R Bars\" \/>\n<meta property=\"og:url\" content=\"https:\/\/zinn-giesserei-goehler.com\/en\/produkt\/ecobrass-round-bars-lead-free-brass\/\" \/>\n<meta property=\"og:site_name\" content=\"Zinn Gie\u00dferei G\u00f6hler\" \/>\n<meta property=\"article:modified_time\" content=\"2026-01-21T19:09:34+00:00\" \/>\n<meta property=\"og:image\" content=\"https:\/\/zinn-giesserei-goehler.com\/wp-content\/uploads\/2024\/01\/CuZn21Si3P-1-1.jpg\" \/>\n\t<meta property=\"og:image:width\" content=\"1200\" \/>\n\t<meta property=\"og:image:height\" content=\"900\" \/>\n\t<meta property=\"og:image:type\" content=\"image\/jpeg\" \/>\n<meta name=\"twitter:card\" content=\"summary_large_image\" \/>\n<meta name=\"twitter:label1\" content=\"Est. reading time\" \/>\n\t<meta name=\"twitter:data1\" content=\"1 minute\" \/>\n<script type=\"application\/ld+json\" class=\"yoast-schema-graph\">{\"@context\":\"https:\\\/\\\/schema.org\",\"@graph\":[{\"@type\":\"WebPage\",\"@id\":\"https:\\\/\\\/zinn-giesserei-goehler.com\\\/en\\\/produkt\\\/ecobrass-round-bars-lead-free-brass\\\/\",\"url\":\"https:\\\/\\\/zinn-giesserei-goehler.com\\\/en\\\/produkt\\\/ecobrass-round-bars-lead-free-brass\\\/\",\"name\":\"Ecobrass round Bars, Lead-Free Brass - Zinn Gie\u00dferei G\u00f6hler\",\"isPartOf\":{\"@id\":\"https:\\\/\\\/zinn-giesserei-goehler.com\\\/en\\\/#website\"},\"primaryImageOfPage\":{\"@id\":\"https:\\\/\\\/zinn-giesserei-goehler.com\\\/en\\\/produkt\\\/ecobrass-round-bars-lead-free-brass\\\/#primaryimage\"},\"image\":{\"@id\":\"https:\\\/\\\/zinn-giesserei-goehler.com\\\/en\\\/produkt\\\/ecobrass-round-bars-lead-free-brass\\\/#primaryimage\"},\"thumbnailUrl\":\"https:\\\/\\\/i0.wp.com\\\/zinn-giesserei-goehler.com\\\/wp-content\\\/uploads\\\/2024\\\/01\\\/CuZn21Si3P-1-1.jpg?fit=1200%2C900&ssl=1\",\"datePublished\":\"2024-01-10T10:39:24+00:00\",\"dateModified\":\"2026-01-21T19:09:34+00:00\",\"breadcrumb\":{\"@id\":\"https:\\\/\\\/zinn-giesserei-goehler.com\\\/en\\\/produkt\\\/ecobrass-round-bars-lead-free-brass\\\/#breadcrumb\"},\"inLanguage\":\"en-US\",\"potentialAction\":[{\"@type\":\"ReadAction\",\"target\":[\"https:\\\/\\\/zinn-giesserei-goehler.com\\\/en\\\/produkt\\\/ecobrass-round-bars-lead-free-brass\\\/\"]}]},{\"@type\":\"ImageObject\",\"inLanguage\":\"en-US\",\"@id\":\"https:\\\/\\\/zinn-giesserei-goehler.com\\\/en\\\/produkt\\\/ecobrass-round-bars-lead-free-brass\\\/#primaryimage\",\"url\":\"https:\\\/\\\/i0.wp.com\\\/zinn-giesserei-goehler.com\\\/wp-content\\\/uploads\\\/2024\\\/01\\\/CuZn21Si3P-1-1.jpg?fit=1200%2C900&ssl=1\",\"contentUrl\":\"https:\\\/\\\/i0.wp.com\\\/zinn-giesserei-goehler.com\\\/wp-content\\\/uploads\\\/2024\\\/01\\\/CuZn21Si3P-1-1.jpg?fit=1200%2C900&ssl=1\",\"width\":1200,\"height\":900},{\"@type\":\"BreadcrumbList\",\"@id\":\"https:\\\/\\\/zinn-giesserei-goehler.com\\\/en\\\/produkt\\\/ecobrass-round-bars-lead-free-brass\\\/#breadcrumb\",\"itemListElement\":[{\"@type\":\"ListItem\",\"position\":1,\"name\":\"Startseite\",\"item\":\"https:\\\/\\\/zinn-giesserei-goehler.com\\\/en\\\/\"},{\"@type\":\"ListItem\",\"position\":2,\"name\":\"Shop\",\"item\":\"https:\\\/\\\/zinn-giesserei-goehler.com\\\/en\\\/shop\\\/\"},{\"@type\":\"ListItem\",\"position\":3,\"name\":\"Ecobrass round Bars, Lead-Free Brass\"}]},{\"@type\":\"WebSite\",\"@id\":\"https:\\\/\\\/zinn-giesserei-goehler.com\\\/en\\\/#website\",\"url\":\"https:\\\/\\\/zinn-giesserei-goehler.com\\\/en\\\/\",\"name\":\"Zinn Gie\u00dferei G\u00f6hler\",\"description\":\"Ihr Zinnh\u00e4ndler aus Deutschland\",\"publisher\":{\"@id\":\"https:\\\/\\\/zinn-giesserei-goehler.com\\\/en\\\/#organization\"},\"potentialAction\":[{\"@type\":\"SearchAction\",\"target\":{\"@type\":\"EntryPoint\",\"urlTemplate\":\"https:\\\/\\\/zinn-giesserei-goehler.com\\\/en\\\/?s={search_term_string}\"},\"query-input\":{\"@type\":\"PropertyValueSpecification\",\"valueRequired\":true,\"valueName\":\"search_term_string\"}}],\"inLanguage\":\"en-US\"},{\"@type\":\"Organization\",\"@id\":\"https:\\\/\\\/zinn-giesserei-goehler.com\\\/en\\\/#organization\",\"name\":\"Zinn Gie\u00dferei G\u00f6hler\",\"url\":\"https:\\\/\\\/zinn-giesserei-goehler.com\\\/en\\\/\",\"logo\":{\"@type\":\"ImageObject\",\"inLanguage\":\"en-US\",\"@id\":\"https:\\\/\\\/zinn-giesserei-goehler.com\\\/en\\\/#\\\/schema\\\/logo\\\/image\\\/\",\"url\":\"https:\\\/\\\/zinn-giesserei-goehler.com\\\/wp-content\\\/uploads\\\/2022\\\/01\\\/LogoV02-zugeschnitten-e1646411454787.png\",\"contentUrl\":\"https:\\\/\\\/zinn-giesserei-goehler.com\\\/wp-content\\\/uploads\\\/2022\\\/01\\\/LogoV02-zugeschnitten-e1646411454787.png\",\"width\":500,\"height\":182,\"caption\":\"Zinn Gie\u00dferei G\u00f6hler\"},\"image\":{\"@id\":\"https:\\\/\\\/zinn-giesserei-goehler.com\\\/en\\\/#\\\/schema\\\/logo\\\/image\\\/\"}}]}<\/script>\n<!-- \/ Yoast SEO plugin. -->","yoast_head_json":{"title":"Ecobrass round Bars, Lead-Free Brass - Zinn Gie\u00dferei G\u00f6hler","robots":{"index":"index","follow":"follow","max-snippet":"max-snippet:-1","max-image-preview":"max-image-preview:large","max-video-preview":"max-video-preview:-1"},"canonical":"https:\/\/zinn-giesserei-goehler.com\/en\/produkt\/ecobrass-round-bars-lead-free-brass\/","og_locale":"en_US","og_type":"article","og_title":"Ecobrass round Bars, Lead-Free Brass - Zinn Gie\u00dferei G\u00f6hler","og_description":"Lead-Free Brass Castings CW724R Bars","og_url":"https:\/\/zinn-giesserei-goehler.com\/en\/produkt\/ecobrass-round-bars-lead-free-brass\/","og_site_name":"Zinn Gie\u00dferei G\u00f6hler","article_modified_time":"2026-01-21T19:09:34+00:00","og_image":[{"width":1200,"height":900,"url":"https:\/\/zinn-giesserei-goehler.com\/wp-content\/uploads\/2024\/01\/CuZn21Si3P-1-1.jpg","type":"image\/jpeg"}],"twitter_card":"summary_large_image","twitter_misc":{"Est. reading time":"1 minute"},"schema":{"@context":"https:\/\/schema.org","@graph":[{"@type":"WebPage","@id":"https:\/\/zinn-giesserei-goehler.com\/en\/produkt\/ecobrass-round-bars-lead-free-brass\/","url":"https:\/\/zinn-giesserei-goehler.com\/en\/produkt\/ecobrass-round-bars-lead-free-brass\/","name":"Ecobrass round Bars, Lead-Free Brass - Zinn Gie\u00dferei G\u00f6hler","isPartOf":{"@id":"https:\/\/zinn-giesserei-goehler.com\/en\/#website"},"primaryImageOfPage":{"@id":"https:\/\/zinn-giesserei-goehler.com\/en\/produkt\/ecobrass-round-bars-lead-free-brass\/#primaryimage"},"image":{"@id":"https:\/\/zinn-giesserei-goehler.com\/en\/produkt\/ecobrass-round-bars-lead-free-brass\/#primaryimage"},"thumbnailUrl":"https:\/\/i0.wp.com\/zinn-giesserei-goehler.com\/wp-content\/uploads\/2024\/01\/CuZn21Si3P-1-1.jpg?fit=1200%2C900&ssl=1","datePublished":"2024-01-10T10:39:24+00:00","dateModified":"2026-01-21T19:09:34+00:00","breadcrumb":{"@id":"https:\/\/zinn-giesserei-goehler.com\/en\/produkt\/ecobrass-round-bars-lead-free-brass\/#breadcrumb"},"inLanguage":"en-US","potentialAction":[{"@type":"ReadAction","target":["https:\/\/zinn-giesserei-goehler.com\/en\/produkt\/ecobrass-round-bars-lead-free-brass\/"]}]},{"@type":"ImageObject","inLanguage":"en-US","@id":"https:\/\/zinn-giesserei-goehler.com\/en\/produkt\/ecobrass-round-bars-lead-free-brass\/#primaryimage","url":"https:\/\/i0.wp.com\/zinn-giesserei-goehler.com\/wp-content\/uploads\/2024\/01\/CuZn21Si3P-1-1.jpg?fit=1200%2C900&ssl=1","contentUrl":"https:\/\/i0.wp.com\/zinn-giesserei-goehler.com\/wp-content\/uploads\/2024\/01\/CuZn21Si3P-1-1.jpg?fit=1200%2C900&ssl=1","width":1200,"height":900},{"@type":"BreadcrumbList","@id":"https:\/\/zinn-giesserei-goehler.com\/en\/produkt\/ecobrass-round-bars-lead-free-brass\/#breadcrumb","itemListElement":[{"@type":"ListItem","position":1,"name":"Startseite","item":"https:\/\/zinn-giesserei-goehler.com\/en\/"},{"@type":"ListItem","position":2,"name":"Shop","item":"https:\/\/zinn-giesserei-goehler.com\/en\/shop\/"},{"@type":"ListItem","position":3,"name":"Ecobrass round Bars, Lead-Free Brass"}]},{"@type":"WebSite","@id":"https:\/\/zinn-giesserei-goehler.com\/en\/#website","url":"https:\/\/zinn-giesserei-goehler.com\/en\/","name":"Zinn Gie\u00dferei G\u00f6hler","description":"Ihr Zinnh\u00e4ndler aus Deutschland","publisher":{"@id":"https:\/\/zinn-giesserei-goehler.com\/en\/#organization"},"potentialAction":[{"@type":"SearchAction","target":{"@type":"EntryPoint","urlTemplate":"https:\/\/zinn-giesserei-goehler.com\/en\/?s={search_term_string}"},"query-input":{"@type":"PropertyValueSpecification","valueRequired":true,"valueName":"search_term_string"}}],"inLanguage":"en-US"},{"@type":"Organization","@id":"https:\/\/zinn-giesserei-goehler.com\/en\/#organization","name":"Zinn Gie\u00dferei G\u00f6hler","url":"https:\/\/zinn-giesserei-goehler.com\/en\/","logo":{"@type":"ImageObject","inLanguage":"en-US","@id":"https:\/\/zinn-giesserei-goehler.com\/en\/#\/schema\/logo\/image\/","url":"https:\/\/zinn-giesserei-goehler.com\/wp-content\/uploads\/2022\/01\/LogoV02-zugeschnitten-e1646411454787.png","contentUrl":"https:\/\/zinn-giesserei-goehler.com\/wp-content\/uploads\/2022\/01\/LogoV02-zugeschnitten-e1646411454787.png","width":500,"height":182,"caption":"Zinn Gie\u00dferei G\u00f6hler"},"image":{"@id":"https:\/\/zinn-giesserei-goehler.com\/en\/#\/schema\/logo\/image\/"}}]}},"jetpack_sharing_enabled":true,"_links":{"self":[{"href":"https:\/\/zinn-giesserei-goehler.com\/en\/wp-json\/wp\/v2\/product\/30696","targetHints":{"allow":["GET"]}}],"collection":[{"href":"https:\/\/zinn-giesserei-goehler.com\/en\/wp-json\/wp\/v2\/product"}],"about":[{"href":"https:\/\/zinn-giesserei-goehler.com\/en\/wp-json\/wp\/v2\/types\/product"}],"wp:featuredmedia":[{"embeddable":true,"href":"https:\/\/zinn-giesserei-goehler.com\/en\/wp-json\/wp\/v2\/media\/30700"}],"wp:attachment":[{"href":"https:\/\/zinn-giesserei-goehler.com\/en\/wp-json\/wp\/v2\/media?parent=30696"}],"wp:term":[{"taxonomy":"product_brand","embeddable":true,"href":"https:\/\/zinn-giesserei-goehler.com\/en\/wp-json\/wp\/v2\/product_brand?post=30696"},{"taxonomy":"product_cat","embeddable":true,"href":"https:\/\/zinn-giesserei-goehler.com\/en\/wp-json\/wp\/v2\/product_cat?post=30696"},{"taxonomy":"product_tag","embeddable":true,"href":"https:\/\/zinn-giesserei-goehler.com\/en\/wp-json\/wp\/v2\/product_tag?post=30696"}],"curies":[{"name":"wp","href":"https:\/\/api.w.org\/{rel}","templated":true}]}}