{"id":30668,"date":"2024-06-25T17:37:56","date_gmt":"2024-06-25T15:37:56","guid":{"rendered":"https:\/\/zinn-giesserei-goehler.com\/produkt\/large-silicone-rubber-mold-making-kit\/"},"modified":"2026-03-04T13:17:12","modified_gmt":"2026-03-04T12:17:12","slug":"large-silicone-rubber-mold-making-kit","status":"publish","type":"product","link":"https:\/\/zinn-giesserei-goehler.com\/en\/produkt\/large-silicone-rubber-mold-making-kit\/","title":{"rendered":"Large Silicone Rubber Mold Making Kit"},"content":{"rendered":"<p><strong>Large Mold Box for Silicone Rubber<\/strong><\/p>\n<ul>\n<li>Comprehensive set with everything needed to get started in silicone mold making.<\/li>\n<li>Contents: Large mold making box, 1 kg Silicone Rubber HB, release spray, release petroleum jelly, measuring cup, and stirring stick<\/li>\n<li>The silicone rubber is very well suited for tin casting, heat-resistant up to 450\u00b0C.<\/li>\n<li>The set is also suitable for processing other silicone rubbers.<\/li>\n<li>Free Instructions for Download<\/li>\n<\/ul>\n<p>The set includes everything you need to get started with silicone rubber mold making. The exact contents are listed below. You can download a free guide on the right under &#8220;Additional Information.&#8221; This describes how to build a silicone mold using the box. The <a href=\"https:\/\/zinn-giesserei-goehler.com\/produkt\/formbau-set-fuer-silikonkautschuk-klein\/\">small mold-making kit<\/a> contains a 5 cm high mold-making box and 500 g of silicone rubber HB.<\/p>\n<p><strong>Contents:<\/strong><\/p>\n<p><strong>Large Mold Making Box:<\/strong><br \/>\n<strong>4x aluminum angle sheets, dimensions 10 cm x 20 cm x 10 cm (1 mm wall thickness)<\/strong><br \/>\n<strong>1x aluminum base plate, dimensions 25 cm x 25 cm (2 mm wall thickness)<\/strong><br \/>\n<strong>6x clamps (2 spare)<\/strong><br \/>\n<strong>1x 250g orange Plasticine<\/strong><br \/>\n<strong>1x 1 kg Silicone Rubber HB<\/strong><br \/>\n<strong>1x 1l Measuring Cup<\/strong><br \/>\n<strong>1x Robust Aluminum Stirring Rod 10&#215;10 mm with 300 mm Length<\/strong><br \/>\n<strong>1x Mold Release Spray<\/strong><br \/>\n<strong>1x Release Agent Vaseline<\/strong><\/p>\n<p><strong>Plasticine:<\/strong> For modeling the positive and partially sealing the mold box<br \/>\n<strong>Large Mold Making Box:<\/strong> Sliding angle plates with a stable base plate. Internal dimensions: max. 20&#215;20 cm and 10 cm height<br \/>\n<strong>Silicone Rubber HB:<\/strong> Silicone rubber with heat resistance up to 450\u00b0C<br \/>\n<strong>Mold Release Spray:<\/strong> For treating the positive and applying a thin release layer<br \/>\n<strong>Release Agent Vaseline:<\/strong> For separating silicone rubber from each other and treating positives with cracked or porous surfaces<br \/>\n<strong>1 l Measuring Cup with Stirring Rod:<\/strong> For mixing the silicone rubber<\/p>\n<p>&nbsp;<\/p>\n","protected":false},"excerpt":{"rendered":"<p>Flexible Silicone Rubber Mold Making Box<\/p>\n","protected":false},"featured_media":30631,"template":"","meta":[],"product_brand":[],"product_cat":[284,286,329,328],"product_tag":[314,396,392,393,395,394],"class_list":{"0":"post-30668","1":"product","2":"type-product","3":"status-publish","4":"has-post-thumbnail","6":"product_cat-foundry-supplies","7":"product_cat-foundry-tools","8":"product_cat-mold-making-accessories","9":"product_cat-silicone-mold-making-accessories","10":"product_tag-mold-making","11":"product_tag-plasticine","12":"product_tag-release-agent-vaseline","13":"product_tag-release-spray","14":"product_tag-silicone","15":"product_tag-silicone-rubber","16":"product_shipping_class-free","18":"first","19":"instock","20":"taxable","21":"shipping-taxable","22":"purchasable","23":"product-type-simple"},"yoast_head":"<!-- This site is optimized with the Yoast SEO plugin v27.3 - https:\/\/yoast.com\/product\/yoast-seo-wordpress\/ -->\n<title>Large Silicone Rubber Mold Making Kit - Zinn Gie\u00dferei G\u00f6hler<\/title>\n<meta name=\"robots\" content=\"index, follow, max-snippet:-1, max-image-preview:large, max-video-preview:-1\" \/>\n<link rel=\"canonical\" href=\"https:\/\/zinn-giesserei-goehler.com\/en\/produkt\/large-silicone-rubber-mold-making-kit\/\" \/>\n<meta property=\"og:locale\" content=\"en_US\" \/>\n<meta property=\"og:type\" content=\"article\" \/>\n<meta property=\"og:title\" content=\"Large Silicone Rubber Mold Making Kit - Zinn Gie\u00dferei G\u00f6hler\" \/>\n<meta property=\"og:description\" content=\"Flexible Silicone Rubber Mold Making Box\" \/>\n<meta property=\"og:url\" content=\"https:\/\/zinn-giesserei-goehler.com\/en\/produkt\/large-silicone-rubber-mold-making-kit\/\" \/>\n<meta property=\"og:site_name\" content=\"Zinn Gie\u00dferei G\u00f6hler\" \/>\n<meta property=\"article:modified_time\" content=\"2026-03-04T12:17:12+00:00\" \/>\n<meta property=\"og:image\" content=\"https:\/\/i0.wp.com\/zinn-giesserei-goehler.com\/wp-content\/uploads\/2024\/06\/Formbauset-gross.jpg?fit=1200%2C900&ssl=1\" \/>\n\t<meta property=\"og:image:width\" content=\"1200\" \/>\n\t<meta property=\"og:image:height\" content=\"900\" \/>\n\t<meta property=\"og:image:type\" content=\"image\/jpeg\" \/>\n<meta name=\"twitter:card\" content=\"summary_large_image\" \/>\n<meta name=\"twitter:label1\" content=\"Est. reading time\" \/>\n\t<meta name=\"twitter:data1\" content=\"1 minute\" \/>\n<script type=\"application\/ld+json\" class=\"yoast-schema-graph\">{\"@context\":\"https:\\\/\\\/schema.org\",\"@graph\":[{\"@type\":\"WebPage\",\"@id\":\"https:\\\/\\\/zinn-giesserei-goehler.com\\\/en\\\/produkt\\\/large-silicone-rubber-mold-making-kit\\\/\",\"url\":\"https:\\\/\\\/zinn-giesserei-goehler.com\\\/en\\\/produkt\\\/large-silicone-rubber-mold-making-kit\\\/\",\"name\":\"Large Silicone Rubber Mold Making Kit - Zinn Gie\u00dferei G\u00f6hler\",\"isPartOf\":{\"@id\":\"https:\\\/\\\/zinn-giesserei-goehler.com\\\/en\\\/#website\"},\"primaryImageOfPage\":{\"@id\":\"https:\\\/\\\/zinn-giesserei-goehler.com\\\/en\\\/produkt\\\/large-silicone-rubber-mold-making-kit\\\/#primaryimage\"},\"image\":{\"@id\":\"https:\\\/\\\/zinn-giesserei-goehler.com\\\/en\\\/produkt\\\/large-silicone-rubber-mold-making-kit\\\/#primaryimage\"},\"thumbnailUrl\":\"https:\\\/\\\/i0.wp.com\\\/zinn-giesserei-goehler.com\\\/wp-content\\\/uploads\\\/2024\\\/06\\\/Formbauset-gross.jpg?fit=1200%2C900&ssl=1\",\"datePublished\":\"2024-06-25T15:37:56+00:00\",\"dateModified\":\"2026-03-04T12:17:12+00:00\",\"breadcrumb\":{\"@id\":\"https:\\\/\\\/zinn-giesserei-goehler.com\\\/en\\\/produkt\\\/large-silicone-rubber-mold-making-kit\\\/#breadcrumb\"},\"inLanguage\":\"en-US\",\"potentialAction\":[{\"@type\":\"ReadAction\",\"target\":[\"https:\\\/\\\/zinn-giesserei-goehler.com\\\/en\\\/produkt\\\/large-silicone-rubber-mold-making-kit\\\/\"]}]},{\"@type\":\"ImageObject\",\"inLanguage\":\"en-US\",\"@id\":\"https:\\\/\\\/zinn-giesserei-goehler.com\\\/en\\\/produkt\\\/large-silicone-rubber-mold-making-kit\\\/#primaryimage\",\"url\":\"https:\\\/\\\/i0.wp.com\\\/zinn-giesserei-goehler.com\\\/wp-content\\\/uploads\\\/2024\\\/06\\\/Formbauset-gross.jpg?fit=1200%2C900&ssl=1\",\"contentUrl\":\"https:\\\/\\\/i0.wp.com\\\/zinn-giesserei-goehler.com\\\/wp-content\\\/uploads\\\/2024\\\/06\\\/Formbauset-gross.jpg?fit=1200%2C900&ssl=1\",\"width\":1200,\"height\":900},{\"@type\":\"BreadcrumbList\",\"@id\":\"https:\\\/\\\/zinn-giesserei-goehler.com\\\/en\\\/produkt\\\/large-silicone-rubber-mold-making-kit\\\/#breadcrumb\",\"itemListElement\":[{\"@type\":\"ListItem\",\"position\":1,\"name\":\"Startseite\",\"item\":\"https:\\\/\\\/zinn-giesserei-goehler.com\\\/en\\\/\"},{\"@type\":\"ListItem\",\"position\":2,\"name\":\"Shop\",\"item\":\"https:\\\/\\\/zinn-giesserei-goehler.com\\\/en\\\/shop\\\/\"},{\"@type\":\"ListItem\",\"position\":3,\"name\":\"Large Silicone Rubber Mold Making Kit\"}]},{\"@type\":\"WebSite\",\"@id\":\"https:\\\/\\\/zinn-giesserei-goehler.com\\\/en\\\/#website\",\"url\":\"https:\\\/\\\/zinn-giesserei-goehler.com\\\/en\\\/\",\"name\":\"Zinn Gie\u00dferei G\u00f6hler\",\"description\":\"Ihr Zinnh\u00e4ndler aus Deutschland\",\"publisher\":{\"@id\":\"https:\\\/\\\/zinn-giesserei-goehler.com\\\/en\\\/#organization\"},\"potentialAction\":[{\"@type\":\"SearchAction\",\"target\":{\"@type\":\"EntryPoint\",\"urlTemplate\":\"https:\\\/\\\/zinn-giesserei-goehler.com\\\/en\\\/?s={search_term_string}\"},\"query-input\":{\"@type\":\"PropertyValueSpecification\",\"valueRequired\":true,\"valueName\":\"search_term_string\"}}],\"inLanguage\":\"en-US\"},{\"@type\":\"Organization\",\"@id\":\"https:\\\/\\\/zinn-giesserei-goehler.com\\\/en\\\/#organization\",\"name\":\"Zinn Gie\u00dferei G\u00f6hler\",\"url\":\"https:\\\/\\\/zinn-giesserei-goehler.com\\\/en\\\/\",\"logo\":{\"@type\":\"ImageObject\",\"inLanguage\":\"en-US\",\"@id\":\"https:\\\/\\\/zinn-giesserei-goehler.com\\\/en\\\/#\\\/schema\\\/logo\\\/image\\\/\",\"url\":\"https:\\\/\\\/zinn-giesserei-goehler.com\\\/wp-content\\\/uploads\\\/2022\\\/01\\\/LogoV02-zugeschnitten-e1646411454787.png\",\"contentUrl\":\"https:\\\/\\\/zinn-giesserei-goehler.com\\\/wp-content\\\/uploads\\\/2022\\\/01\\\/LogoV02-zugeschnitten-e1646411454787.png\",\"width\":500,\"height\":182,\"caption\":\"Zinn Gie\u00dferei G\u00f6hler\"},\"image\":{\"@id\":\"https:\\\/\\\/zinn-giesserei-goehler.com\\\/en\\\/#\\\/schema\\\/logo\\\/image\\\/\"}}]}<\/script>\n<!-- \/ Yoast SEO plugin. -->","yoast_head_json":{"title":"Large Silicone Rubber Mold Making Kit - Zinn Gie\u00dferei G\u00f6hler","robots":{"index":"index","follow":"follow","max-snippet":"max-snippet:-1","max-image-preview":"max-image-preview:large","max-video-preview":"max-video-preview:-1"},"canonical":"https:\/\/zinn-giesserei-goehler.com\/en\/produkt\/large-silicone-rubber-mold-making-kit\/","og_locale":"en_US","og_type":"article","og_title":"Large Silicone Rubber Mold Making Kit - Zinn Gie\u00dferei G\u00f6hler","og_description":"Flexible Silicone Rubber Mold Making Box","og_url":"https:\/\/zinn-giesserei-goehler.com\/en\/produkt\/large-silicone-rubber-mold-making-kit\/","og_site_name":"Zinn Gie\u00dferei G\u00f6hler","article_modified_time":"2026-03-04T12:17:12+00:00","og_image":[{"width":1200,"height":900,"url":"https:\/\/i0.wp.com\/zinn-giesserei-goehler.com\/wp-content\/uploads\/2024\/06\/Formbauset-gross.jpg?fit=1200%2C900&ssl=1","type":"image\/jpeg"}],"twitter_card":"summary_large_image","twitter_misc":{"Est. reading time":"1 minute"},"schema":{"@context":"https:\/\/schema.org","@graph":[{"@type":"WebPage","@id":"https:\/\/zinn-giesserei-goehler.com\/en\/produkt\/large-silicone-rubber-mold-making-kit\/","url":"https:\/\/zinn-giesserei-goehler.com\/en\/produkt\/large-silicone-rubber-mold-making-kit\/","name":"Large Silicone Rubber Mold Making Kit - Zinn Gie\u00dferei G\u00f6hler","isPartOf":{"@id":"https:\/\/zinn-giesserei-goehler.com\/en\/#website"},"primaryImageOfPage":{"@id":"https:\/\/zinn-giesserei-goehler.com\/en\/produkt\/large-silicone-rubber-mold-making-kit\/#primaryimage"},"image":{"@id":"https:\/\/zinn-giesserei-goehler.com\/en\/produkt\/large-silicone-rubber-mold-making-kit\/#primaryimage"},"thumbnailUrl":"https:\/\/i0.wp.com\/zinn-giesserei-goehler.com\/wp-content\/uploads\/2024\/06\/Formbauset-gross.jpg?fit=1200%2C900&ssl=1","datePublished":"2024-06-25T15:37:56+00:00","dateModified":"2026-03-04T12:17:12+00:00","breadcrumb":{"@id":"https:\/\/zinn-giesserei-goehler.com\/en\/produkt\/large-silicone-rubber-mold-making-kit\/#breadcrumb"},"inLanguage":"en-US","potentialAction":[{"@type":"ReadAction","target":["https:\/\/zinn-giesserei-goehler.com\/en\/produkt\/large-silicone-rubber-mold-making-kit\/"]}]},{"@type":"ImageObject","inLanguage":"en-US","@id":"https:\/\/zinn-giesserei-goehler.com\/en\/produkt\/large-silicone-rubber-mold-making-kit\/#primaryimage","url":"https:\/\/i0.wp.com\/zinn-giesserei-goehler.com\/wp-content\/uploads\/2024\/06\/Formbauset-gross.jpg?fit=1200%2C900&ssl=1","contentUrl":"https:\/\/i0.wp.com\/zinn-giesserei-goehler.com\/wp-content\/uploads\/2024\/06\/Formbauset-gross.jpg?fit=1200%2C900&ssl=1","width":1200,"height":900},{"@type":"BreadcrumbList","@id":"https:\/\/zinn-giesserei-goehler.com\/en\/produkt\/large-silicone-rubber-mold-making-kit\/#breadcrumb","itemListElement":[{"@type":"ListItem","position":1,"name":"Startseite","item":"https:\/\/zinn-giesserei-goehler.com\/en\/"},{"@type":"ListItem","position":2,"name":"Shop","item":"https:\/\/zinn-giesserei-goehler.com\/en\/shop\/"},{"@type":"ListItem","position":3,"name":"Large Silicone Rubber Mold Making Kit"}]},{"@type":"WebSite","@id":"https:\/\/zinn-giesserei-goehler.com\/en\/#website","url":"https:\/\/zinn-giesserei-goehler.com\/en\/","name":"Zinn Gie\u00dferei G\u00f6hler","description":"Ihr Zinnh\u00e4ndler aus Deutschland","publisher":{"@id":"https:\/\/zinn-giesserei-goehler.com\/en\/#organization"},"potentialAction":[{"@type":"SearchAction","target":{"@type":"EntryPoint","urlTemplate":"https:\/\/zinn-giesserei-goehler.com\/en\/?s={search_term_string}"},"query-input":{"@type":"PropertyValueSpecification","valueRequired":true,"valueName":"search_term_string"}}],"inLanguage":"en-US"},{"@type":"Organization","@id":"https:\/\/zinn-giesserei-goehler.com\/en\/#organization","name":"Zinn Gie\u00dferei G\u00f6hler","url":"https:\/\/zinn-giesserei-goehler.com\/en\/","logo":{"@type":"ImageObject","inLanguage":"en-US","@id":"https:\/\/zinn-giesserei-goehler.com\/en\/#\/schema\/logo\/image\/","url":"https:\/\/zinn-giesserei-goehler.com\/wp-content\/uploads\/2022\/01\/LogoV02-zugeschnitten-e1646411454787.png","contentUrl":"https:\/\/zinn-giesserei-goehler.com\/wp-content\/uploads\/2022\/01\/LogoV02-zugeschnitten-e1646411454787.png","width":500,"height":182,"caption":"Zinn Gie\u00dferei G\u00f6hler"},"image":{"@id":"https:\/\/zinn-giesserei-goehler.com\/en\/#\/schema\/logo\/image\/"}}]}},"jetpack_sharing_enabled":true,"_links":{"self":[{"href":"https:\/\/zinn-giesserei-goehler.com\/en\/wp-json\/wp\/v2\/product\/30668","targetHints":{"allow":["GET"]}}],"collection":[{"href":"https:\/\/zinn-giesserei-goehler.com\/en\/wp-json\/wp\/v2\/product"}],"about":[{"href":"https:\/\/zinn-giesserei-goehler.com\/en\/wp-json\/wp\/v2\/types\/product"}],"wp:featuredmedia":[{"embeddable":true,"href":"https:\/\/zinn-giesserei-goehler.com\/en\/wp-json\/wp\/v2\/media\/30631"}],"wp:attachment":[{"href":"https:\/\/zinn-giesserei-goehler.com\/en\/wp-json\/wp\/v2\/media?parent=30668"}],"wp:term":[{"taxonomy":"product_brand","embeddable":true,"href":"https:\/\/zinn-giesserei-goehler.com\/en\/wp-json\/wp\/v2\/product_brand?post=30668"},{"taxonomy":"product_cat","embeddable":true,"href":"https:\/\/zinn-giesserei-goehler.com\/en\/wp-json\/wp\/v2\/product_cat?post=30668"},{"taxonomy":"product_tag","embeddable":true,"href":"https:\/\/zinn-giesserei-goehler.com\/en\/wp-json\/wp\/v2\/product_tag?post=30668"}],"curies":[{"name":"wp","href":"https:\/\/api.w.org\/{rel}","templated":true}]}}