{"id":30204,"date":"2022-09-20T10:39:09","date_gmt":"2022-09-20T08:39:09","guid":{"rendered":"https:\/\/zinn-giesserei-goehler.com\/produkt\/graphite-crucible-with-spout\/"},"modified":"2026-04-16T21:42:43","modified_gmt":"2026-04-16T19:42:43","slug":"graphite-crucible-with-spout","status":"publish","type":"product","link":"https:\/\/zinn-giesserei-goehler.com\/en\/produkt\/graphite-crucible-with-spout\/","title":{"rendered":"Graphite Crucible with Spout"},"content":{"rendered":"<p style=\"font-weight: 400\"><strong>Graphite Crucibles for Gas Furnaces with Spout<\/strong><\/p>\n<p style=\"font-weight: 400\">This offer includes graphite crucibles for gas furnaces with pouring spout.<br \/>\nThey are suitable for almost all common metals and alloys such as aluminium, copper, bronze, brass, tin and others.<\/p>\n<table>\n<tbody>\n<tr>\n<td width=\"84\"><strong>Volume<\/strong><\/td>\n<td width=\"81\"><strong>Max. Cu* <\/strong><\/td>\n<td width=\"81\"><strong>Max Al.*<\/strong><\/td>\n<td width=\"82\"><strong>Height<\/strong><\/td>\n<td width=\"94\"><strong>Upper Diameter<\/strong><\/td>\n<td width=\"94\"><strong>Lower Diameter<\/strong><\/td>\n<td width=\"87\"><strong>Wall Thickness<\/strong><\/td>\n<\/tr>\n<tr>\n<td width=\"84\">600 cm<sup>3<\/sup><\/td>\n<td width=\"81\">5.3 kg<\/td>\n<td width=\"81\">1.6 kg<\/td>\n<td width=\"82\">15.5 cm<\/td>\n<td width=\"94\">12 cm<\/td>\n<td width=\"94\">9 cm<\/td>\n<td width=\"87\">1.7 cm<\/td>\n<\/tr>\n<\/tbody>\n<\/table>\n<p style=\"font-weight: 400\">It holds up to 5.3 kg copper (8.92g\/cm\u00b3) and up to 1.6 kg aluminium (2.7g\/cm\u00b3).<\/p>\n<p style=\"font-weight: 400\">This crucible offers excellent value for money. This makes it particularly suitable for beginners and spontaneous casters.<br \/>\nShould you require more durable crucibles with a spout, we recommend our graphite crucibles Made in Germany. <\/p>\n<p>&nbsp;<\/p>\n<p><strong>Our graphite crucibles have the following compositions:<\/strong><\/p>\n<p><strong>MIG Graphite Crucibles with Spout:<\/strong> 36-46% Graphite, 12-20% SiC + Si, 12-16% Al2O3, 20-28% SiO2<br \/>\n<strong>Graphite Crucibles without Spout:<\/strong> Graphite with SiC and SiO content<br \/>\n<strong>Graphite Crucible 600 cm<\/strong><strong><sup>3<\/sup> with Spout:<\/strong> Graphite with SiC and SiO content <strong>(this item)<\/strong><br \/>\n<strong>Graphite Crucibles for Electric Furnaces:<\/strong> pure Graphite<\/p>\n<p>Due to the higher proportion of ceramic materials, the <a href=\"https:\/\/zinn-giesserei-goehler.com\/produkt\/grafit-tiegel-made-in-germany\/\">MIG Graphite Crucibles with Spout<\/a> are the most heat-resistant and durable, followed by the <a href=\"https:\/\/zinn-giesserei-goehler.com\/produkt\/grafit-tiegel-ohne-ausguss\/\">Graphite Crucibles without Spout<\/a> and the <a href=\"https:\/\/zinn-giesserei-goehler.com\/produkt\/grafit-tiegel-mit-ausguss-kopie\/\">Graphite Crucible 600cm<sup>3<\/sup> with Spout<\/a>. The <a href=\"https:\/\/zinn-giesserei-goehler.com\/produkt\/grafit-tiegel-fuer-elektrooefen\/\">Graphite Crucibles for Electric Furnaces<\/a> made of pure graphite wear out the fastest. <\/p>\n<p>All crucible types can be found in our product range.<\/p>\n","protected":false},"excerpt":{"rendered":"<p>Crucible melting crucible<\/p>\n","protected":false},"featured_media":30207,"template":"","meta":[],"product_brand":[],"product_cat":[280,380,381,284,286,332],"product_tag":[377,379,378],"class_list":{"0":"post-30204","1":"product","2":"type-product","3":"status-publish","4":"has-post-thumbnail","6":"product_cat-casting-accessories","7":"product_cat-crucibles","8":"product_cat-crucibles-2","9":"product_cat-foundry-supplies","10":"product_cat-foundry-tools","11":"product_cat-graphite-products","12":"product_tag-crucible","13":"product_tag-crucibles","14":"product_tag-graphite-crucible","15":"product_shipping_class-free","17":"first","18":"instock","19":"taxable","20":"shipping-taxable","21":"purchasable","22":"product-type-simple"},"yoast_head":"<!-- This site is optimized with the Yoast SEO plugin v27.4 - https:\/\/yoast.com\/product\/yoast-seo-wordpress\/ -->\n<title>Graphite Crucible with Spout - Zinn Gie\u00dferei G\u00f6hler<\/title>\n<meta name=\"robots\" content=\"index, follow, max-snippet:-1, max-image-preview:large, max-video-preview:-1\" \/>\n<link rel=\"canonical\" href=\"https:\/\/zinn-giesserei-goehler.com\/en\/produkt\/graphite-crucible-with-spout\/\" \/>\n<meta property=\"og:locale\" content=\"en_US\" \/>\n<meta property=\"og:type\" content=\"article\" \/>\n<meta property=\"og:title\" content=\"Graphite Crucible with Spout - Zinn Gie\u00dferei G\u00f6hler\" \/>\n<meta property=\"og:description\" content=\"Crucible melting crucible\" \/>\n<meta property=\"og:url\" content=\"https:\/\/zinn-giesserei-goehler.com\/en\/produkt\/graphite-crucible-with-spout\/\" \/>\n<meta property=\"og:site_name\" content=\"Zinn Gie\u00dferei G\u00f6hler\" \/>\n<meta property=\"article:modified_time\" content=\"2026-04-16T19:42:43+00:00\" \/>\n<meta property=\"og:image\" content=\"https:\/\/i0.wp.com\/zinn-giesserei-goehler.com\/wp-content\/uploads\/2022\/09\/C-Tiegel-mit-Ausguss-Cn-jpeg.webp?fit=2048%2C1537&ssl=1\" \/>\n\t<meta property=\"og:image:width\" content=\"2048\" \/>\n\t<meta property=\"og:image:height\" content=\"1537\" \/>\n\t<meta property=\"og:image:type\" content=\"image\/jpeg\" \/>\n<meta name=\"twitter:card\" content=\"summary_large_image\" \/>\n<meta name=\"twitter:label1\" content=\"Est. reading time\" \/>\n\t<meta name=\"twitter:data1\" content=\"1 minute\" \/>\n<script type=\"application\/ld+json\" class=\"yoast-schema-graph\">{\"@context\":\"https:\\\/\\\/schema.org\",\"@graph\":[{\"@type\":\"WebPage\",\"@id\":\"https:\\\/\\\/zinn-giesserei-goehler.com\\\/en\\\/produkt\\\/graphite-crucible-with-spout\\\/\",\"url\":\"https:\\\/\\\/zinn-giesserei-goehler.com\\\/en\\\/produkt\\\/graphite-crucible-with-spout\\\/\",\"name\":\"Graphite Crucible with Spout - Zinn Gie\u00dferei G\u00f6hler\",\"isPartOf\":{\"@id\":\"https:\\\/\\\/zinn-giesserei-goehler.com\\\/en\\\/#website\"},\"primaryImageOfPage\":{\"@id\":\"https:\\\/\\\/zinn-giesserei-goehler.com\\\/en\\\/produkt\\\/graphite-crucible-with-spout\\\/#primaryimage\"},\"image\":{\"@id\":\"https:\\\/\\\/zinn-giesserei-goehler.com\\\/en\\\/produkt\\\/graphite-crucible-with-spout\\\/#primaryimage\"},\"thumbnailUrl\":\"https:\\\/\\\/i0.wp.com\\\/zinn-giesserei-goehler.com\\\/wp-content\\\/uploads\\\/2022\\\/09\\\/C-Tiegel-mit-Ausguss-Cn-jpeg.webp?fit=2048%2C1537&ssl=1\",\"datePublished\":\"2022-09-20T08:39:09+00:00\",\"dateModified\":\"2026-04-16T19:42:43+00:00\",\"breadcrumb\":{\"@id\":\"https:\\\/\\\/zinn-giesserei-goehler.com\\\/en\\\/produkt\\\/graphite-crucible-with-spout\\\/#breadcrumb\"},\"inLanguage\":\"en-US\",\"potentialAction\":[{\"@type\":\"ReadAction\",\"target\":[\"https:\\\/\\\/zinn-giesserei-goehler.com\\\/en\\\/produkt\\\/graphite-crucible-with-spout\\\/\"]}]},{\"@type\":\"ImageObject\",\"inLanguage\":\"en-US\",\"@id\":\"https:\\\/\\\/zinn-giesserei-goehler.com\\\/en\\\/produkt\\\/graphite-crucible-with-spout\\\/#primaryimage\",\"url\":\"https:\\\/\\\/i0.wp.com\\\/zinn-giesserei-goehler.com\\\/wp-content\\\/uploads\\\/2022\\\/09\\\/C-Tiegel-mit-Ausguss-Cn-jpeg.webp?fit=2048%2C1537&ssl=1\",\"contentUrl\":\"https:\\\/\\\/i0.wp.com\\\/zinn-giesserei-goehler.com\\\/wp-content\\\/uploads\\\/2022\\\/09\\\/C-Tiegel-mit-Ausguss-Cn-jpeg.webp?fit=2048%2C1537&ssl=1\",\"width\":2048,\"height\":1537},{\"@type\":\"BreadcrumbList\",\"@id\":\"https:\\\/\\\/zinn-giesserei-goehler.com\\\/en\\\/produkt\\\/graphite-crucible-with-spout\\\/#breadcrumb\",\"itemListElement\":[{\"@type\":\"ListItem\",\"position\":1,\"name\":\"Startseite\",\"item\":\"https:\\\/\\\/zinn-giesserei-goehler.com\\\/en\\\/\"},{\"@type\":\"ListItem\",\"position\":2,\"name\":\"Shop\",\"item\":\"https:\\\/\\\/zinn-giesserei-goehler.com\\\/en\\\/shop\\\/\"},{\"@type\":\"ListItem\",\"position\":3,\"name\":\"Graphite Crucible with Spout\"}]},{\"@type\":\"WebSite\",\"@id\":\"https:\\\/\\\/zinn-giesserei-goehler.com\\\/en\\\/#website\",\"url\":\"https:\\\/\\\/zinn-giesserei-goehler.com\\\/en\\\/\",\"name\":\"Zinn Gie\u00dferei G\u00f6hler\",\"description\":\"Ihr Zinnh\u00e4ndler aus Deutschland\",\"publisher\":{\"@id\":\"https:\\\/\\\/zinn-giesserei-goehler.com\\\/en\\\/#organization\"},\"potentialAction\":[{\"@type\":\"SearchAction\",\"target\":{\"@type\":\"EntryPoint\",\"urlTemplate\":\"https:\\\/\\\/zinn-giesserei-goehler.com\\\/en\\\/?s={search_term_string}\"},\"query-input\":{\"@type\":\"PropertyValueSpecification\",\"valueRequired\":true,\"valueName\":\"search_term_string\"}}],\"inLanguage\":\"en-US\"},{\"@type\":\"Organization\",\"@id\":\"https:\\\/\\\/zinn-giesserei-goehler.com\\\/en\\\/#organization\",\"name\":\"Zinn Gie\u00dferei G\u00f6hler\",\"url\":\"https:\\\/\\\/zinn-giesserei-goehler.com\\\/en\\\/\",\"logo\":{\"@type\":\"ImageObject\",\"inLanguage\":\"en-US\",\"@id\":\"https:\\\/\\\/zinn-giesserei-goehler.com\\\/en\\\/#\\\/schema\\\/logo\\\/image\\\/\",\"url\":\"https:\\\/\\\/zinn-giesserei-goehler.com\\\/wp-content\\\/uploads\\\/2022\\\/01\\\/LogoV02-zugeschnitten-e1646411454787.png\",\"contentUrl\":\"https:\\\/\\\/zinn-giesserei-goehler.com\\\/wp-content\\\/uploads\\\/2022\\\/01\\\/LogoV02-zugeschnitten-e1646411454787.png\",\"width\":500,\"height\":182,\"caption\":\"Zinn Gie\u00dferei G\u00f6hler\"},\"image\":{\"@id\":\"https:\\\/\\\/zinn-giesserei-goehler.com\\\/en\\\/#\\\/schema\\\/logo\\\/image\\\/\"}}]}<\/script>\n<!-- \/ Yoast SEO plugin. -->","yoast_head_json":{"title":"Graphite Crucible with Spout - Zinn Gie\u00dferei G\u00f6hler","robots":{"index":"index","follow":"follow","max-snippet":"max-snippet:-1","max-image-preview":"max-image-preview:large","max-video-preview":"max-video-preview:-1"},"canonical":"https:\/\/zinn-giesserei-goehler.com\/en\/produkt\/graphite-crucible-with-spout\/","og_locale":"en_US","og_type":"article","og_title":"Graphite Crucible with Spout - Zinn Gie\u00dferei G\u00f6hler","og_description":"Crucible melting crucible","og_url":"https:\/\/zinn-giesserei-goehler.com\/en\/produkt\/graphite-crucible-with-spout\/","og_site_name":"Zinn Gie\u00dferei G\u00f6hler","article_modified_time":"2026-04-16T19:42:43+00:00","og_image":[{"width":2048,"height":1537,"url":"https:\/\/i0.wp.com\/zinn-giesserei-goehler.com\/wp-content\/uploads\/2022\/09\/C-Tiegel-mit-Ausguss-Cn-jpeg.webp?fit=2048%2C1537&ssl=1","type":"image\/jpeg"}],"twitter_card":"summary_large_image","twitter_misc":{"Est. reading time":"1 minute"},"schema":{"@context":"https:\/\/schema.org","@graph":[{"@type":"WebPage","@id":"https:\/\/zinn-giesserei-goehler.com\/en\/produkt\/graphite-crucible-with-spout\/","url":"https:\/\/zinn-giesserei-goehler.com\/en\/produkt\/graphite-crucible-with-spout\/","name":"Graphite Crucible with Spout - Zinn Gie\u00dferei G\u00f6hler","isPartOf":{"@id":"https:\/\/zinn-giesserei-goehler.com\/en\/#website"},"primaryImageOfPage":{"@id":"https:\/\/zinn-giesserei-goehler.com\/en\/produkt\/graphite-crucible-with-spout\/#primaryimage"},"image":{"@id":"https:\/\/zinn-giesserei-goehler.com\/en\/produkt\/graphite-crucible-with-spout\/#primaryimage"},"thumbnailUrl":"https:\/\/i0.wp.com\/zinn-giesserei-goehler.com\/wp-content\/uploads\/2022\/09\/C-Tiegel-mit-Ausguss-Cn-jpeg.webp?fit=2048%2C1537&ssl=1","datePublished":"2022-09-20T08:39:09+00:00","dateModified":"2026-04-16T19:42:43+00:00","breadcrumb":{"@id":"https:\/\/zinn-giesserei-goehler.com\/en\/produkt\/graphite-crucible-with-spout\/#breadcrumb"},"inLanguage":"en-US","potentialAction":[{"@type":"ReadAction","target":["https:\/\/zinn-giesserei-goehler.com\/en\/produkt\/graphite-crucible-with-spout\/"]}]},{"@type":"ImageObject","inLanguage":"en-US","@id":"https:\/\/zinn-giesserei-goehler.com\/en\/produkt\/graphite-crucible-with-spout\/#primaryimage","url":"https:\/\/i0.wp.com\/zinn-giesserei-goehler.com\/wp-content\/uploads\/2022\/09\/C-Tiegel-mit-Ausguss-Cn-jpeg.webp?fit=2048%2C1537&ssl=1","contentUrl":"https:\/\/i0.wp.com\/zinn-giesserei-goehler.com\/wp-content\/uploads\/2022\/09\/C-Tiegel-mit-Ausguss-Cn-jpeg.webp?fit=2048%2C1537&ssl=1","width":2048,"height":1537},{"@type":"BreadcrumbList","@id":"https:\/\/zinn-giesserei-goehler.com\/en\/produkt\/graphite-crucible-with-spout\/#breadcrumb","itemListElement":[{"@type":"ListItem","position":1,"name":"Startseite","item":"https:\/\/zinn-giesserei-goehler.com\/en\/"},{"@type":"ListItem","position":2,"name":"Shop","item":"https:\/\/zinn-giesserei-goehler.com\/en\/shop\/"},{"@type":"ListItem","position":3,"name":"Graphite Crucible with Spout"}]},{"@type":"WebSite","@id":"https:\/\/zinn-giesserei-goehler.com\/en\/#website","url":"https:\/\/zinn-giesserei-goehler.com\/en\/","name":"Zinn Gie\u00dferei G\u00f6hler","description":"Ihr Zinnh\u00e4ndler aus Deutschland","publisher":{"@id":"https:\/\/zinn-giesserei-goehler.com\/en\/#organization"},"potentialAction":[{"@type":"SearchAction","target":{"@type":"EntryPoint","urlTemplate":"https:\/\/zinn-giesserei-goehler.com\/en\/?s={search_term_string}"},"query-input":{"@type":"PropertyValueSpecification","valueRequired":true,"valueName":"search_term_string"}}],"inLanguage":"en-US"},{"@type":"Organization","@id":"https:\/\/zinn-giesserei-goehler.com\/en\/#organization","name":"Zinn Gie\u00dferei G\u00f6hler","url":"https:\/\/zinn-giesserei-goehler.com\/en\/","logo":{"@type":"ImageObject","inLanguage":"en-US","@id":"https:\/\/zinn-giesserei-goehler.com\/en\/#\/schema\/logo\/image\/","url":"https:\/\/zinn-giesserei-goehler.com\/wp-content\/uploads\/2022\/01\/LogoV02-zugeschnitten-e1646411454787.png","contentUrl":"https:\/\/zinn-giesserei-goehler.com\/wp-content\/uploads\/2022\/01\/LogoV02-zugeschnitten-e1646411454787.png","width":500,"height":182,"caption":"Zinn Gie\u00dferei G\u00f6hler"},"image":{"@id":"https:\/\/zinn-giesserei-goehler.com\/en\/#\/schema\/logo\/image\/"}}]}},"jetpack_sharing_enabled":true,"_links":{"self":[{"href":"https:\/\/zinn-giesserei-goehler.com\/en\/wp-json\/wp\/v2\/product\/30204","targetHints":{"allow":["GET"]}}],"collection":[{"href":"https:\/\/zinn-giesserei-goehler.com\/en\/wp-json\/wp\/v2\/product"}],"about":[{"href":"https:\/\/zinn-giesserei-goehler.com\/en\/wp-json\/wp\/v2\/types\/product"}],"wp:featuredmedia":[{"embeddable":true,"href":"https:\/\/zinn-giesserei-goehler.com\/en\/wp-json\/wp\/v2\/media\/30207"}],"wp:attachment":[{"href":"https:\/\/zinn-giesserei-goehler.com\/en\/wp-json\/wp\/v2\/media?parent=30204"}],"wp:term":[{"taxonomy":"product_brand","embeddable":true,"href":"https:\/\/zinn-giesserei-goehler.com\/en\/wp-json\/wp\/v2\/product_brand?post=30204"},{"taxonomy":"product_cat","embeddable":true,"href":"https:\/\/zinn-giesserei-goehler.com\/en\/wp-json\/wp\/v2\/product_cat?post=30204"},{"taxonomy":"product_tag","embeddable":true,"href":"https:\/\/zinn-giesserei-goehler.com\/en\/wp-json\/wp\/v2\/product_tag?post=30204"}],"curies":[{"name":"wp","href":"https:\/\/api.w.org\/{rel}","templated":true}]}}