{"id":28938,"date":"2025-08-18T09:57:51","date_gmt":"2025-08-18T07:57:51","guid":{"rendered":"https:\/\/zinn-giesserei-goehler.com\/?post_type=product&#038;p=28938"},"modified":"2026-05-01T17:22:33","modified_gmt":"2026-05-01T15:22:33","slug":"quartz-sand-for-sodium-silicate-process","status":"publish","type":"product","link":"https:\/\/zinn-giesserei-goehler.com\/en\/produkt\/quartz-sand-for-sodium-silicate-process\/","title":{"rendered":"Quartz Sand for Sodium Silicate Process"},"content":{"rendered":"<p><strong>Fine Quartz Sand for Water Glass Process<\/strong><\/p>\n<p>The sand is suitable for building molds and cores for metals and alloys with melting points up to 1200\u00b0C. Its fine grain size enables a relatively smooth surface quality. <\/p>\n<p>We recommend using the water glass process primarily for building cores. These can be easily used in combination with oil sand or water-bentonite bonded sand. With oil sand and water-bentonite sand, you achieve higher surface qualities than with the water glass process. Additionally, the materials used and reusability are significantly more cost-effective with oil sand and water-bentonite sand, or even possible at all. As a core process, however, the water glass process is generally better suited because no mechanical compaction of the sand is required to ensure strength. Light compaction is sufficient, as the main strength is achieved through chemical hardening.     <\/p>\n<p>For the hardening process, the sodium silicate binder TZ19 is required in any case. For this to work subsequently, either CO2 gassing must be applied or hardener W20 must be used. A combination of both hardening agents is also possible but not actually necessary.  <\/p>\n<p><strong>Technical data for our oil-bonded molding sand:<\/strong><\/p>\n<p><strong>Compressive strength:<\/strong> 8.0 N\/cm\u00b2<br \/>\n<strong>Transverse strength:<\/strong> 2.2 N\/cm\u00b2<br \/>\n<strong>Gas permeability:<\/strong> 30-35<br \/>\n<strong>Compactability:<\/strong> 64%<br \/>\n<strong>Fineness (AFS): <\/strong>140<br \/>\n<strong>Mean grain size: <\/strong> 0.09 mm<\/p>\n<p>&nbsp;<\/p>\n<p><strong>For use:<\/strong><\/p>\n<p>Measure the required sand volume and fill the quartz sand into a mixing container.<\/p>\n<p>Next, add 3-4% of the sand mass of sodium silicate binder TZ19. Stir this in for approximately 2-3 min. so that it distributes well in the sand.  <\/p>\n<p>If you are working with CO<sub>2<\/sub>, now form the sand into the desired shape and optionally pierce small, thin holes into the sand. These facilitate CO<sub>2<\/sub> absorption and ensure better through-hardening. Now expose the core or mold half to CO<sub>2<\/sub> gassing and ensure that the gas does not escape, e.g. by flooding a closed container with CO<sub>2<\/sub> and then covering it. CO<sub>2<\/sub> is denser than air at room temperature. The hardening process takes approximately 20-30 min, depending on the thickness of the core, possibly less or somewhat longer.    <\/p>\n<p>If you wish to use hardener W20 for hardening, mix this into the sand after mixing in the sodium silicate binder TZ19. For this, use approximately 0.5-1% hardener W20, measured by sand mass. Ideally, mix already during addition or immediately thereafter. This prevents clumping and ensures the best possible hardener distribution. Mixing should also take approximately 2-3 min.     <\/p>\n<p>After mixing, place the sand directly into the desired and already prepared mold, distribute it, and press it down lightly. Here too, CO<sub>2<\/sub> gassing can optionally be applied to achieve optimal strength, but this is not necessary in principle. Hardening now takes 20-30 min, after which the core or mold half should be sufficiently firm.  <\/p>\n<p>For very thick cores and molds, it may be sensible to use both hardener W20 and CO<sub>2<\/sub> for hardening to ensure optimal through-hardening.<\/p>\n<p>Avoid further shape changes after CO<sub>2<\/sub> gassing or after bringing into shape following mixing with hardener W20. This destroys the chemically built bonds between the sand grains and thus reduces the strength of the sand. <\/p>\n<p>After casting and demolding, the sand unfortunately cannot be reused without further processing. Thermochemical processes are required to remove the sodium silicate bond, which typically cannot be implemented on a small scale. <\/p>\n<p>You can also obtain the following necessary auxiliary materials from us:<\/p>\n<p>&nbsp;<\/p>\n<p>&nbsp;<\/p>\n","protected":false},"excerpt":{"rendered":"<p>Mold Making Sand Casting<\/p>\n","protected":false},"featured_media":34962,"template":"","meta":[],"product_brand":[],"product_cat":[284,514],"product_tag":[314,313,515],"class_list":{"0":"post-28938","1":"product","2":"type-product","3":"status-publish","4":"has-post-thumbnail","6":"product_cat-foundry-supplies","7":"product_cat-water-glass-process","8":"product_tag-mold-making","9":"product_tag-molding-sand","10":"product_tag-water-glass-process","11":"product_shipping_class-free","13":"first","14":"instock","15":"taxable","16":"shipping-taxable","17":"purchasable","18":"product-type-variable"},"yoast_head":"<!-- This site is optimized with the Yoast SEO plugin v27.5 - https:\/\/yoast.com\/product\/yoast-seo-wordpress\/ -->\n<title>Quartz Sand for Sodium Silicate Process - Zinn Gie\u00dferei G\u00f6hler<\/title>\n<meta name=\"robots\" content=\"index, follow, max-snippet:-1, max-image-preview:large, max-video-preview:-1\" \/>\n<link rel=\"canonical\" href=\"https:\/\/zinn-giesserei-goehler.com\/en\/produkt\/quartz-sand-for-sodium-silicate-process\/\" \/>\n<meta property=\"og:locale\" content=\"en_US\" \/>\n<meta property=\"og:type\" content=\"article\" \/>\n<meta property=\"og:title\" content=\"Quartz Sand for Sodium Silicate Process - Zinn Gie\u00dferei G\u00f6hler\" \/>\n<meta property=\"og:description\" content=\"Mold Making Sand Casting\" \/>\n<meta property=\"og:url\" content=\"https:\/\/zinn-giesserei-goehler.com\/en\/produkt\/quartz-sand-for-sodium-silicate-process\/\" \/>\n<meta property=\"og:site_name\" content=\"Zinn Gie\u00dferei G\u00f6hler\" \/>\n<meta property=\"article:modified_time\" content=\"2026-05-01T15:22:33+00:00\" \/>\n<meta property=\"og:image\" content=\"https:\/\/zinn-giesserei-goehler.com\/wp-content\/uploads\/2025\/08\/Quarzsand.jpg\" \/>\n\t<meta property=\"og:image:width\" content=\"2048\" \/>\n\t<meta property=\"og:image:height\" content=\"1536\" \/>\n\t<meta property=\"og:image:type\" content=\"image\/jpeg\" \/>\n<meta name=\"twitter:card\" content=\"summary_large_image\" \/>\n<meta name=\"twitter:label1\" content=\"Est. reading time\" \/>\n\t<meta name=\"twitter:data1\" content=\"3 minutes\" \/>\n<script type=\"application\/ld+json\" class=\"yoast-schema-graph\">{\"@context\":\"https:\\\/\\\/schema.org\",\"@graph\":[{\"@type\":\"WebPage\",\"@id\":\"https:\\\/\\\/zinn-giesserei-goehler.com\\\/en\\\/produkt\\\/quartz-sand-for-sodium-silicate-process\\\/\",\"url\":\"https:\\\/\\\/zinn-giesserei-goehler.com\\\/en\\\/produkt\\\/quartz-sand-for-sodium-silicate-process\\\/\",\"name\":\"Quartz Sand for Sodium Silicate Process - Zinn Gie\u00dferei G\u00f6hler\",\"isPartOf\":{\"@id\":\"https:\\\/\\\/zinn-giesserei-goehler.com\\\/en\\\/#website\"},\"primaryImageOfPage\":{\"@id\":\"https:\\\/\\\/zinn-giesserei-goehler.com\\\/en\\\/produkt\\\/quartz-sand-for-sodium-silicate-process\\\/#primaryimage\"},\"image\":{\"@id\":\"https:\\\/\\\/zinn-giesserei-goehler.com\\\/en\\\/produkt\\\/quartz-sand-for-sodium-silicate-process\\\/#primaryimage\"},\"thumbnailUrl\":\"https:\\\/\\\/zinn-giesserei-goehler.com\\\/wp-content\\\/uploads\\\/2025\\\/08\\\/Quarzsand.jpg\",\"datePublished\":\"2025-08-18T07:57:51+00:00\",\"dateModified\":\"2026-05-01T15:22:33+00:00\",\"breadcrumb\":{\"@id\":\"https:\\\/\\\/zinn-giesserei-goehler.com\\\/en\\\/produkt\\\/quartz-sand-for-sodium-silicate-process\\\/#breadcrumb\"},\"inLanguage\":\"en-US\",\"potentialAction\":[{\"@type\":\"ReadAction\",\"target\":[\"https:\\\/\\\/zinn-giesserei-goehler.com\\\/en\\\/produkt\\\/quartz-sand-for-sodium-silicate-process\\\/\"]}]},{\"@type\":\"ImageObject\",\"inLanguage\":\"en-US\",\"@id\":\"https:\\\/\\\/zinn-giesserei-goehler.com\\\/en\\\/produkt\\\/quartz-sand-for-sodium-silicate-process\\\/#primaryimage\",\"url\":\"https:\\\/\\\/zinn-giesserei-goehler.com\\\/wp-content\\\/uploads\\\/2025\\\/08\\\/Quarzsand.jpg\",\"contentUrl\":\"https:\\\/\\\/zinn-giesserei-goehler.com\\\/wp-content\\\/uploads\\\/2025\\\/08\\\/Quarzsand.jpg\",\"width\":2048,\"height\":1536},{\"@type\":\"BreadcrumbList\",\"@id\":\"https:\\\/\\\/zinn-giesserei-goehler.com\\\/en\\\/produkt\\\/quartz-sand-for-sodium-silicate-process\\\/#breadcrumb\",\"itemListElement\":[{\"@type\":\"ListItem\",\"position\":1,\"name\":\"Startseite\",\"item\":\"https:\\\/\\\/zinn-giesserei-goehler.com\\\/en\\\/\"},{\"@type\":\"ListItem\",\"position\":2,\"name\":\"Shop\",\"item\":\"https:\\\/\\\/zinn-giesserei-goehler.com\\\/en\\\/shop\\\/\"},{\"@type\":\"ListItem\",\"position\":3,\"name\":\"Quartz Sand for Sodium Silicate Process\"}]},{\"@type\":\"WebSite\",\"@id\":\"https:\\\/\\\/zinn-giesserei-goehler.com\\\/en\\\/#website\",\"url\":\"https:\\\/\\\/zinn-giesserei-goehler.com\\\/en\\\/\",\"name\":\"Zinn Gie\u00dferei G\u00f6hler\",\"description\":\"Ihr Zinnh\u00e4ndler aus Deutschland\",\"publisher\":{\"@id\":\"https:\\\/\\\/zinn-giesserei-goehler.com\\\/en\\\/#organization\"},\"potentialAction\":[{\"@type\":\"SearchAction\",\"target\":{\"@type\":\"EntryPoint\",\"urlTemplate\":\"https:\\\/\\\/zinn-giesserei-goehler.com\\\/en\\\/?s={search_term_string}\"},\"query-input\":{\"@type\":\"PropertyValueSpecification\",\"valueRequired\":true,\"valueName\":\"search_term_string\"}}],\"inLanguage\":\"en-US\"},{\"@type\":\"Organization\",\"@id\":\"https:\\\/\\\/zinn-giesserei-goehler.com\\\/en\\\/#organization\",\"name\":\"Zinn Gie\u00dferei G\u00f6hler\",\"url\":\"https:\\\/\\\/zinn-giesserei-goehler.com\\\/en\\\/\",\"logo\":{\"@type\":\"ImageObject\",\"inLanguage\":\"en-US\",\"@id\":\"https:\\\/\\\/zinn-giesserei-goehler.com\\\/en\\\/#\\\/schema\\\/logo\\\/image\\\/\",\"url\":\"https:\\\/\\\/zinn-giesserei-goehler.com\\\/wp-content\\\/uploads\\\/2022\\\/01\\\/LogoV02-zugeschnitten-e1646411454787.png\",\"contentUrl\":\"https:\\\/\\\/zinn-giesserei-goehler.com\\\/wp-content\\\/uploads\\\/2022\\\/01\\\/LogoV02-zugeschnitten-e1646411454787.png\",\"width\":500,\"height\":182,\"caption\":\"Zinn Gie\u00dferei G\u00f6hler\"},\"image\":{\"@id\":\"https:\\\/\\\/zinn-giesserei-goehler.com\\\/en\\\/#\\\/schema\\\/logo\\\/image\\\/\"}}]}<\/script>\n<!-- \/ Yoast SEO plugin. -->","yoast_head_json":{"title":"Quartz Sand for Sodium Silicate Process - Zinn Gie\u00dferei G\u00f6hler","robots":{"index":"index","follow":"follow","max-snippet":"max-snippet:-1","max-image-preview":"max-image-preview:large","max-video-preview":"max-video-preview:-1"},"canonical":"https:\/\/zinn-giesserei-goehler.com\/en\/produkt\/quartz-sand-for-sodium-silicate-process\/","og_locale":"en_US","og_type":"article","og_title":"Quartz Sand for Sodium Silicate Process - Zinn Gie\u00dferei G\u00f6hler","og_description":"Mold Making Sand Casting","og_url":"https:\/\/zinn-giesserei-goehler.com\/en\/produkt\/quartz-sand-for-sodium-silicate-process\/","og_site_name":"Zinn Gie\u00dferei G\u00f6hler","article_modified_time":"2026-05-01T15:22:33+00:00","og_image":[{"width":2048,"height":1536,"url":"https:\/\/zinn-giesserei-goehler.com\/wp-content\/uploads\/2025\/08\/Quarzsand.jpg","type":"image\/jpeg"}],"twitter_card":"summary_large_image","twitter_misc":{"Est. reading time":"3 minutes"},"schema":{"@context":"https:\/\/schema.org","@graph":[{"@type":"WebPage","@id":"https:\/\/zinn-giesserei-goehler.com\/en\/produkt\/quartz-sand-for-sodium-silicate-process\/","url":"https:\/\/zinn-giesserei-goehler.com\/en\/produkt\/quartz-sand-for-sodium-silicate-process\/","name":"Quartz Sand for Sodium Silicate Process - Zinn Gie\u00dferei G\u00f6hler","isPartOf":{"@id":"https:\/\/zinn-giesserei-goehler.com\/en\/#website"},"primaryImageOfPage":{"@id":"https:\/\/zinn-giesserei-goehler.com\/en\/produkt\/quartz-sand-for-sodium-silicate-process\/#primaryimage"},"image":{"@id":"https:\/\/zinn-giesserei-goehler.com\/en\/produkt\/quartz-sand-for-sodium-silicate-process\/#primaryimage"},"thumbnailUrl":"https:\/\/zinn-giesserei-goehler.com\/wp-content\/uploads\/2025\/08\/Quarzsand.jpg","datePublished":"2025-08-18T07:57:51+00:00","dateModified":"2026-05-01T15:22:33+00:00","breadcrumb":{"@id":"https:\/\/zinn-giesserei-goehler.com\/en\/produkt\/quartz-sand-for-sodium-silicate-process\/#breadcrumb"},"inLanguage":"en-US","potentialAction":[{"@type":"ReadAction","target":["https:\/\/zinn-giesserei-goehler.com\/en\/produkt\/quartz-sand-for-sodium-silicate-process\/"]}]},{"@type":"ImageObject","inLanguage":"en-US","@id":"https:\/\/zinn-giesserei-goehler.com\/en\/produkt\/quartz-sand-for-sodium-silicate-process\/#primaryimage","url":"https:\/\/zinn-giesserei-goehler.com\/wp-content\/uploads\/2025\/08\/Quarzsand.jpg","contentUrl":"https:\/\/zinn-giesserei-goehler.com\/wp-content\/uploads\/2025\/08\/Quarzsand.jpg","width":2048,"height":1536},{"@type":"BreadcrumbList","@id":"https:\/\/zinn-giesserei-goehler.com\/en\/produkt\/quartz-sand-for-sodium-silicate-process\/#breadcrumb","itemListElement":[{"@type":"ListItem","position":1,"name":"Startseite","item":"https:\/\/zinn-giesserei-goehler.com\/en\/"},{"@type":"ListItem","position":2,"name":"Shop","item":"https:\/\/zinn-giesserei-goehler.com\/en\/shop\/"},{"@type":"ListItem","position":3,"name":"Quartz Sand for Sodium Silicate Process"}]},{"@type":"WebSite","@id":"https:\/\/zinn-giesserei-goehler.com\/en\/#website","url":"https:\/\/zinn-giesserei-goehler.com\/en\/","name":"Zinn Gie\u00dferei G\u00f6hler","description":"Ihr Zinnh\u00e4ndler aus Deutschland","publisher":{"@id":"https:\/\/zinn-giesserei-goehler.com\/en\/#organization"},"potentialAction":[{"@type":"SearchAction","target":{"@type":"EntryPoint","urlTemplate":"https:\/\/zinn-giesserei-goehler.com\/en\/?s={search_term_string}"},"query-input":{"@type":"PropertyValueSpecification","valueRequired":true,"valueName":"search_term_string"}}],"inLanguage":"en-US"},{"@type":"Organization","@id":"https:\/\/zinn-giesserei-goehler.com\/en\/#organization","name":"Zinn Gie\u00dferei G\u00f6hler","url":"https:\/\/zinn-giesserei-goehler.com\/en\/","logo":{"@type":"ImageObject","inLanguage":"en-US","@id":"https:\/\/zinn-giesserei-goehler.com\/en\/#\/schema\/logo\/image\/","url":"https:\/\/zinn-giesserei-goehler.com\/wp-content\/uploads\/2022\/01\/LogoV02-zugeschnitten-e1646411454787.png","contentUrl":"https:\/\/zinn-giesserei-goehler.com\/wp-content\/uploads\/2022\/01\/LogoV02-zugeschnitten-e1646411454787.png","width":500,"height":182,"caption":"Zinn Gie\u00dferei G\u00f6hler"},"image":{"@id":"https:\/\/zinn-giesserei-goehler.com\/en\/#\/schema\/logo\/image\/"}}]}},"jetpack_sharing_enabled":true,"_links":{"self":[{"href":"https:\/\/zinn-giesserei-goehler.com\/en\/wp-json\/wp\/v2\/product\/28938","targetHints":{"allow":["GET"]}}],"collection":[{"href":"https:\/\/zinn-giesserei-goehler.com\/en\/wp-json\/wp\/v2\/product"}],"about":[{"href":"https:\/\/zinn-giesserei-goehler.com\/en\/wp-json\/wp\/v2\/types\/product"}],"wp:featuredmedia":[{"embeddable":true,"href":"https:\/\/zinn-giesserei-goehler.com\/en\/wp-json\/wp\/v2\/media\/34962"}],"wp:attachment":[{"href":"https:\/\/zinn-giesserei-goehler.com\/en\/wp-json\/wp\/v2\/media?parent=28938"}],"wp:term":[{"taxonomy":"product_brand","embeddable":true,"href":"https:\/\/zinn-giesserei-goehler.com\/en\/wp-json\/wp\/v2\/product_brand?post=28938"},{"taxonomy":"product_cat","embeddable":true,"href":"https:\/\/zinn-giesserei-goehler.com\/en\/wp-json\/wp\/v2\/product_cat?post=28938"},{"taxonomy":"product_tag","embeddable":true,"href":"https:\/\/zinn-giesserei-goehler.com\/en\/wp-json\/wp\/v2\/product_tag?post=28938"}],"curies":[{"name":"wp","href":"https:\/\/api.w.org\/{rel}","templated":true}]}}