{"id":28924,"date":"2025-06-30T07:41:21","date_gmt":"2025-06-30T05:41:21","guid":{"rendered":"https:\/\/zinn-giesserei-goehler.com\/produkt\/snsb5-tin-antimony-solder\/"},"modified":"2026-03-04T13:16:27","modified_gmt":"2026-03-04T12:16:27","slug":"snsb5-tin-antimony-solder","status":"publish","type":"product","link":"https:\/\/zinn-giesserei-goehler.com\/en\/produkt\/snsb5-tin-antimony-solder\/","title":{"rendered":"SnSb5 Tin-Antimony Solder"},"content":{"rendered":"<p><strong>SnSb5 Tin-Antimony Solder<\/strong><\/p>\n<p><strong>Composition: 95% Tin and 5% Antimony<br \/>\n<\/strong><strong>Melting Range: 232-240 \u00b0C<\/strong><br \/>\n<strong>Form: Triangular bars of approx. 250 g each<\/strong><br \/>\n<strong>Density: 7.3 g\/cm\u00b3<\/strong><\/p>\n<p>The SnSb5 soft solder is an alternative to solders that also solidify in a pasty state, such as <a href=\"https:\/\/zinn-giesserei-goehler.com\/produkt\/sncu3-loetstab-dreikant\/\">SnCu3<\/a> and SnAg5. It has higher strength and is also lead-free and RoHS compliant, like the SnCu3 and SnAg5 solders. For example, it can also be used in plumbing.  <\/p>\n","protected":false},"excerpt":{"rendered":"<p>Plumbing Solder<\/p>\n","protected":false},"featured_media":28925,"template":"","meta":[],"product_brand":[],"product_cat":[298,482],"product_tag":[308,309,297],"class_list":{"0":"post-28924","1":"product","2":"type-product","3":"status-publish","4":"has-post-thumbnail","6":"product_cat-alloys","7":"product_cat-tin-solders-pasty-solidifying","8":"product_tag-antimony","9":"product_tag-plumbing-solder","10":"product_tag-tin","11":"product_shipping_class-free","13":"first","14":"instock","15":"taxable","16":"shipping-taxable","17":"purchasable","18":"product-type-variable"},"yoast_head":"<!-- This site is optimized with the Yoast SEO plugin v27.5 - https:\/\/yoast.com\/product\/yoast-seo-wordpress\/ -->\n<title>SnSb5 Tin-Antimony Solder - Zinn Gie\u00dferei G\u00f6hler<\/title>\n<meta name=\"robots\" content=\"index, follow, max-snippet:-1, max-image-preview:large, max-video-preview:-1\" \/>\n<link rel=\"canonical\" href=\"https:\/\/zinn-giesserei-goehler.com\/en\/produkt\/snsb5-tin-antimony-solder\/\" \/>\n<meta property=\"og:locale\" content=\"en_US\" \/>\n<meta property=\"og:type\" content=\"article\" \/>\n<meta property=\"og:title\" content=\"SnSb5 Tin-Antimony Solder - Zinn Gie\u00dferei G\u00f6hler\" \/>\n<meta property=\"og:description\" content=\"Plumbing Solder\" \/>\n<meta property=\"og:url\" content=\"https:\/\/zinn-giesserei-goehler.com\/en\/produkt\/snsb5-tin-antimony-solder\/\" \/>\n<meta property=\"og:site_name\" content=\"Zinn Gie\u00dferei G\u00f6hler\" \/>\n<meta property=\"article:modified_time\" content=\"2026-03-04T12:16:27+00:00\" \/>\n<meta property=\"og:image\" content=\"https:\/\/i0.wp.com\/zinn-giesserei-goehler.com\/wp-content\/uploads\/2025\/06\/SnSb5-2.jpg?fit=2048%2C1536&ssl=1\" \/>\n\t<meta property=\"og:image:width\" content=\"2048\" \/>\n\t<meta property=\"og:image:height\" content=\"1536\" \/>\n\t<meta property=\"og:image:type\" content=\"image\/jpeg\" \/>\n<meta name=\"twitter:card\" content=\"summary_large_image\" \/>\n<script type=\"application\/ld+json\" class=\"yoast-schema-graph\">{\"@context\":\"https:\\\/\\\/schema.org\",\"@graph\":[{\"@type\":\"WebPage\",\"@id\":\"https:\\\/\\\/zinn-giesserei-goehler.com\\\/en\\\/produkt\\\/snsb5-tin-antimony-solder\\\/\",\"url\":\"https:\\\/\\\/zinn-giesserei-goehler.com\\\/en\\\/produkt\\\/snsb5-tin-antimony-solder\\\/\",\"name\":\"SnSb5 Tin-Antimony Solder - Zinn Gie\u00dferei G\u00f6hler\",\"isPartOf\":{\"@id\":\"https:\\\/\\\/zinn-giesserei-goehler.com\\\/en\\\/#website\"},\"primaryImageOfPage\":{\"@id\":\"https:\\\/\\\/zinn-giesserei-goehler.com\\\/en\\\/produkt\\\/snsb5-tin-antimony-solder\\\/#primaryimage\"},\"image\":{\"@id\":\"https:\\\/\\\/zinn-giesserei-goehler.com\\\/en\\\/produkt\\\/snsb5-tin-antimony-solder\\\/#primaryimage\"},\"thumbnailUrl\":\"https:\\\/\\\/i0.wp.com\\\/zinn-giesserei-goehler.com\\\/wp-content\\\/uploads\\\/2025\\\/06\\\/SnSb5-2.jpg?fit=2048%2C1536&ssl=1\",\"datePublished\":\"2025-06-30T05:41:21+00:00\",\"dateModified\":\"2026-03-04T12:16:27+00:00\",\"breadcrumb\":{\"@id\":\"https:\\\/\\\/zinn-giesserei-goehler.com\\\/en\\\/produkt\\\/snsb5-tin-antimony-solder\\\/#breadcrumb\"},\"inLanguage\":\"en-US\",\"potentialAction\":[{\"@type\":\"ReadAction\",\"target\":[\"https:\\\/\\\/zinn-giesserei-goehler.com\\\/en\\\/produkt\\\/snsb5-tin-antimony-solder\\\/\"]}]},{\"@type\":\"ImageObject\",\"inLanguage\":\"en-US\",\"@id\":\"https:\\\/\\\/zinn-giesserei-goehler.com\\\/en\\\/produkt\\\/snsb5-tin-antimony-solder\\\/#primaryimage\",\"url\":\"https:\\\/\\\/i0.wp.com\\\/zinn-giesserei-goehler.com\\\/wp-content\\\/uploads\\\/2025\\\/06\\\/SnSb5-2.jpg?fit=2048%2C1536&ssl=1\",\"contentUrl\":\"https:\\\/\\\/i0.wp.com\\\/zinn-giesserei-goehler.com\\\/wp-content\\\/uploads\\\/2025\\\/06\\\/SnSb5-2.jpg?fit=2048%2C1536&ssl=1\",\"width\":2048,\"height\":1536},{\"@type\":\"BreadcrumbList\",\"@id\":\"https:\\\/\\\/zinn-giesserei-goehler.com\\\/en\\\/produkt\\\/snsb5-tin-antimony-solder\\\/#breadcrumb\",\"itemListElement\":[{\"@type\":\"ListItem\",\"position\":1,\"name\":\"Startseite\",\"item\":\"https:\\\/\\\/zinn-giesserei-goehler.com\\\/en\\\/\"},{\"@type\":\"ListItem\",\"position\":2,\"name\":\"Shop\",\"item\":\"https:\\\/\\\/zinn-giesserei-goehler.com\\\/en\\\/shop\\\/\"},{\"@type\":\"ListItem\",\"position\":3,\"name\":\"SnSb5 Tin-Antimony Solder\"}]},{\"@type\":\"WebSite\",\"@id\":\"https:\\\/\\\/zinn-giesserei-goehler.com\\\/en\\\/#website\",\"url\":\"https:\\\/\\\/zinn-giesserei-goehler.com\\\/en\\\/\",\"name\":\"Zinn Gie\u00dferei G\u00f6hler\",\"description\":\"Ihr Zinnh\u00e4ndler aus Deutschland\",\"publisher\":{\"@id\":\"https:\\\/\\\/zinn-giesserei-goehler.com\\\/en\\\/#organization\"},\"potentialAction\":[{\"@type\":\"SearchAction\",\"target\":{\"@type\":\"EntryPoint\",\"urlTemplate\":\"https:\\\/\\\/zinn-giesserei-goehler.com\\\/en\\\/?s={search_term_string}\"},\"query-input\":{\"@type\":\"PropertyValueSpecification\",\"valueRequired\":true,\"valueName\":\"search_term_string\"}}],\"inLanguage\":\"en-US\"},{\"@type\":\"Organization\",\"@id\":\"https:\\\/\\\/zinn-giesserei-goehler.com\\\/en\\\/#organization\",\"name\":\"Zinn Gie\u00dferei G\u00f6hler\",\"url\":\"https:\\\/\\\/zinn-giesserei-goehler.com\\\/en\\\/\",\"logo\":{\"@type\":\"ImageObject\",\"inLanguage\":\"en-US\",\"@id\":\"https:\\\/\\\/zinn-giesserei-goehler.com\\\/en\\\/#\\\/schema\\\/logo\\\/image\\\/\",\"url\":\"https:\\\/\\\/zinn-giesserei-goehler.com\\\/wp-content\\\/uploads\\\/2022\\\/01\\\/LogoV02-zugeschnitten-e1646411454787.png\",\"contentUrl\":\"https:\\\/\\\/zinn-giesserei-goehler.com\\\/wp-content\\\/uploads\\\/2022\\\/01\\\/LogoV02-zugeschnitten-e1646411454787.png\",\"width\":500,\"height\":182,\"caption\":\"Zinn Gie\u00dferei G\u00f6hler\"},\"image\":{\"@id\":\"https:\\\/\\\/zinn-giesserei-goehler.com\\\/en\\\/#\\\/schema\\\/logo\\\/image\\\/\"}}]}<\/script>\n<!-- \/ Yoast SEO plugin. -->","yoast_head_json":{"title":"SnSb5 Tin-Antimony Solder - Zinn Gie\u00dferei G\u00f6hler","robots":{"index":"index","follow":"follow","max-snippet":"max-snippet:-1","max-image-preview":"max-image-preview:large","max-video-preview":"max-video-preview:-1"},"canonical":"https:\/\/zinn-giesserei-goehler.com\/en\/produkt\/snsb5-tin-antimony-solder\/","og_locale":"en_US","og_type":"article","og_title":"SnSb5 Tin-Antimony Solder - Zinn Gie\u00dferei G\u00f6hler","og_description":"Plumbing Solder","og_url":"https:\/\/zinn-giesserei-goehler.com\/en\/produkt\/snsb5-tin-antimony-solder\/","og_site_name":"Zinn Gie\u00dferei G\u00f6hler","article_modified_time":"2026-03-04T12:16:27+00:00","og_image":[{"width":2048,"height":1536,"url":"https:\/\/i0.wp.com\/zinn-giesserei-goehler.com\/wp-content\/uploads\/2025\/06\/SnSb5-2.jpg?fit=2048%2C1536&ssl=1","type":"image\/jpeg"}],"twitter_card":"summary_large_image","schema":{"@context":"https:\/\/schema.org","@graph":[{"@type":"WebPage","@id":"https:\/\/zinn-giesserei-goehler.com\/en\/produkt\/snsb5-tin-antimony-solder\/","url":"https:\/\/zinn-giesserei-goehler.com\/en\/produkt\/snsb5-tin-antimony-solder\/","name":"SnSb5 Tin-Antimony Solder - Zinn Gie\u00dferei G\u00f6hler","isPartOf":{"@id":"https:\/\/zinn-giesserei-goehler.com\/en\/#website"},"primaryImageOfPage":{"@id":"https:\/\/zinn-giesserei-goehler.com\/en\/produkt\/snsb5-tin-antimony-solder\/#primaryimage"},"image":{"@id":"https:\/\/zinn-giesserei-goehler.com\/en\/produkt\/snsb5-tin-antimony-solder\/#primaryimage"},"thumbnailUrl":"https:\/\/i0.wp.com\/zinn-giesserei-goehler.com\/wp-content\/uploads\/2025\/06\/SnSb5-2.jpg?fit=2048%2C1536&ssl=1","datePublished":"2025-06-30T05:41:21+00:00","dateModified":"2026-03-04T12:16:27+00:00","breadcrumb":{"@id":"https:\/\/zinn-giesserei-goehler.com\/en\/produkt\/snsb5-tin-antimony-solder\/#breadcrumb"},"inLanguage":"en-US","potentialAction":[{"@type":"ReadAction","target":["https:\/\/zinn-giesserei-goehler.com\/en\/produkt\/snsb5-tin-antimony-solder\/"]}]},{"@type":"ImageObject","inLanguage":"en-US","@id":"https:\/\/zinn-giesserei-goehler.com\/en\/produkt\/snsb5-tin-antimony-solder\/#primaryimage","url":"https:\/\/i0.wp.com\/zinn-giesserei-goehler.com\/wp-content\/uploads\/2025\/06\/SnSb5-2.jpg?fit=2048%2C1536&ssl=1","contentUrl":"https:\/\/i0.wp.com\/zinn-giesserei-goehler.com\/wp-content\/uploads\/2025\/06\/SnSb5-2.jpg?fit=2048%2C1536&ssl=1","width":2048,"height":1536},{"@type":"BreadcrumbList","@id":"https:\/\/zinn-giesserei-goehler.com\/en\/produkt\/snsb5-tin-antimony-solder\/#breadcrumb","itemListElement":[{"@type":"ListItem","position":1,"name":"Startseite","item":"https:\/\/zinn-giesserei-goehler.com\/en\/"},{"@type":"ListItem","position":2,"name":"Shop","item":"https:\/\/zinn-giesserei-goehler.com\/en\/shop\/"},{"@type":"ListItem","position":3,"name":"SnSb5 Tin-Antimony Solder"}]},{"@type":"WebSite","@id":"https:\/\/zinn-giesserei-goehler.com\/en\/#website","url":"https:\/\/zinn-giesserei-goehler.com\/en\/","name":"Zinn Gie\u00dferei G\u00f6hler","description":"Ihr Zinnh\u00e4ndler aus Deutschland","publisher":{"@id":"https:\/\/zinn-giesserei-goehler.com\/en\/#organization"},"potentialAction":[{"@type":"SearchAction","target":{"@type":"EntryPoint","urlTemplate":"https:\/\/zinn-giesserei-goehler.com\/en\/?s={search_term_string}"},"query-input":{"@type":"PropertyValueSpecification","valueRequired":true,"valueName":"search_term_string"}}],"inLanguage":"en-US"},{"@type":"Organization","@id":"https:\/\/zinn-giesserei-goehler.com\/en\/#organization","name":"Zinn Gie\u00dferei G\u00f6hler","url":"https:\/\/zinn-giesserei-goehler.com\/en\/","logo":{"@type":"ImageObject","inLanguage":"en-US","@id":"https:\/\/zinn-giesserei-goehler.com\/en\/#\/schema\/logo\/image\/","url":"https:\/\/zinn-giesserei-goehler.com\/wp-content\/uploads\/2022\/01\/LogoV02-zugeschnitten-e1646411454787.png","contentUrl":"https:\/\/zinn-giesserei-goehler.com\/wp-content\/uploads\/2022\/01\/LogoV02-zugeschnitten-e1646411454787.png","width":500,"height":182,"caption":"Zinn Gie\u00dferei G\u00f6hler"},"image":{"@id":"https:\/\/zinn-giesserei-goehler.com\/en\/#\/schema\/logo\/image\/"}}]}},"jetpack_sharing_enabled":true,"_links":{"self":[{"href":"https:\/\/zinn-giesserei-goehler.com\/en\/wp-json\/wp\/v2\/product\/28924","targetHints":{"allow":["GET"]}}],"collection":[{"href":"https:\/\/zinn-giesserei-goehler.com\/en\/wp-json\/wp\/v2\/product"}],"about":[{"href":"https:\/\/zinn-giesserei-goehler.com\/en\/wp-json\/wp\/v2\/types\/product"}],"wp:featuredmedia":[{"embeddable":true,"href":"https:\/\/zinn-giesserei-goehler.com\/en\/wp-json\/wp\/v2\/media\/28925"}],"wp:attachment":[{"href":"https:\/\/zinn-giesserei-goehler.com\/en\/wp-json\/wp\/v2\/media?parent=28924"}],"wp:term":[{"taxonomy":"product_brand","embeddable":true,"href":"https:\/\/zinn-giesserei-goehler.com\/en\/wp-json\/wp\/v2\/product_brand?post=28924"},{"taxonomy":"product_cat","embeddable":true,"href":"https:\/\/zinn-giesserei-goehler.com\/en\/wp-json\/wp\/v2\/product_cat?post=28924"},{"taxonomy":"product_tag","embeddable":true,"href":"https:\/\/zinn-giesserei-goehler.com\/en\/wp-json\/wp\/v2\/product_tag?post=28924"}],"curies":[{"name":"wp","href":"https:\/\/api.w.org\/{rel}","templated":true}]}}