{"id":32695,"date":"2023-11-29T14:05:54","date_gmt":"2023-11-29T13:05:54","guid":{"rendered":"https:\/\/zinn-giesserei-goehler.com\/about-us\/right-of-withdrawal\/"},"modified":"2025-08-28T23:29:09","modified_gmt":"2025-08-28T21:29:09","slug":"right-of-withdrawal","status":"publish","type":"page","link":"https:\/\/zinn-giesserei-goehler.com\/en\/about-us\/right-of-withdrawal\/","title":{"rendered":"Right of Withdrawal"},"content":{"rendered":"<div class=\"wp-block-zggtheme-blocks-header\">\n            <div class = zggtheme-content-header-container>\n                <div class=\"zggtheme-content-header-image\" style=\"\">\n                    <div class=\"zggtheme-content-header-overlay\">\n                        <header class=\"page-title-container\">\n                            <h1 class=\"page-title\">\n                                Right of Withdrawal for Consumers\n                            <\/h1>\n                        <\/header>\n                        \n                    <\/div>\n                <\/div>\n            <\/div>\n            <\/div>\n<div class=\"wp-block-group zgg-spacing-container\"><div class=\"wp-block-group__inner-container is-layout-constrained wp-block-group-is-layout-constrained\">\n<div class=\"wp-block-group zgg-card-container\"><div class=\"wp-block-group__inner-container is-layout-constrained wp-block-group-is-layout-constrained\">\n<p>(A consumer is any natural person who enters into a legal transaction for purposes that are predominantly neither attributable to their commercial nor<br\/>their independent professional activity.)<\/p>\n\n\n\n<p><strong>Instructions on Right of Withdrawal<\/strong><\/p>\n\n\n\n<p><strong>Right of Withdrawal<\/strong><br\/>You have the right to withdraw from this contract within 14 days without giving any reason.<br\/>The withdrawal period is 14 days from the day,<\/p>\n\n\n\n<p>\u2013 on which you or a third party designated by you, who is not the carrier, took possession of the goods, provided that you<br\/>have ordered one or more goods as part of a single order and these are delivered uniformly;<\/p>\n\n\n\n<p>\u2013 on which you or a third party designated by you, who is not the carrier, took possession of the last good, provided that<br\/>you have ordered several goods as part of a single order and these are delivered separately;<\/p>\n\n\n\n<p>\u2013 on which you or a third party designated by you, who is not the carrier, took possession<br\/>of the last partial shipment or the last piece, provided that you have ordered a good that is delivered in several partial shipments or pieces;<\/p>\n\n\n\n<p>\u2013 on which you or a third party designated by you, who is not the carrier, took possession of the first good, provided that<br\/>goods for regular delivery over a specified period are delivered as part of an order.<\/p>\n\n\n\n<p>To exercise your right of withdrawal, you must inform us <strong>(Janek G\u00f6hler, H\u00f6ckendorfer Str. 18, 01705 Freital, Phone no.: +493514760217,<\/strong><br\/><strong>Email address: janek.goehler@zinn-giesserei-goehler.com)<\/strong> by means of a clear statement (e.g., a letter sent by post<br\/>or an email) about your decision to withdraw from this contract. You may use the attached sample withdrawal form, but it is not mandatory.<br\/>To meet the withdrawal deadline, it is sufficient for you to send your communication concerning your exercise of the right of withdrawal before the withdrawal period<br\/>has expired. <\/p>\n\n\n\n<p><strong>Consequences of Withdrawal<\/strong><\/p>\n\n\n\n<p>If you withdraw from this contract, we shall reimburse to you all payments received from you, including the costs of delivery (with<br\/>the exception of the supplementary costs resulting from your choice of a type of delivery other than the least expensive type of standard delivery<br\/>offered by us), without undue delay and in any event not later than 14 days from the day on which<br\/>we are informed about your decision to withdraw from this contract. For this reimbursement, we will use the same means of payment as<br\/>you used for the initial transaction, unless you have expressly agreed otherwise; in no event<br\/>will you be charged any fees as a result of this reimbursement.<br\/>We may withhold reimbursement until we have received the goods back or <br\/>you have supplied evidence of having sent back the goods, whichever is the earliest.<br\/>You shall send back or hand over the goods to us without undue delay and in any event not later than 14 days from the day on which you communicate your withdrawal from this contract<br\/>to us. The deadline is met if you send back the goods before the period of 14<br\/>days has expired.<br\/>You will bear the direct costs of returning goods that can be sent by parcel post, as well as the direct costs of returning goods that cannot<br\/>be sent by parcel post as well as the direct costs of returning goods that cannot be sent by parcel post. The costs for goods that cannot be sent by parcel post are estimated at a maximum of approximately 80 EUR.<br\/>You are only liable for any diminished value of the goods resulting from the handling other than what is necessary to establish the nature,<br\/>characteristics and functioning of the goods.   <\/p>\n\n\n\n<p><strong>Grounds for Exclusion or Expiration<\/strong><\/p>\n\n\n\n<p>The right of withdrawal does not apply to contracts<br\/>\u2013 for the supply of goods that are not prefabricated and for the production of which an individual choice or determination by the<br\/>consumer is decisive or which are clearly tailored to the personal needs of the consumer;<br\/>\u2013 for the supply of goods that can spoil quickly or whose expiry date would be quickly exceeded;<br\/>\u2013 for the supply of alcoholic beverages, the price of which was agreed upon at the conclusion of the contract, but which can only be delivered at the earliest 30 days after<br\/>the conclusion of the contract and whose current value depends on fluctuations in the market over which the entrepreneur<br\/>has no influence;<br\/>\u2013 for the supply of newspapers, periodicals or magazines with the exception of subscription contracts.<\/p>\n\n\n\n<p>The right of withdrawal expires prematurely for contracts<\/p>\n\n\n\n<p>\u2013 for the supply of sealed goods which are not suitable for return due to health protection or hygiene reasons if<br\/>their seal has been removed after delivery;<br\/>\u2013 for the supply of goods if, after delivery, they have been inseparably mixed with other goods due to their nature;<br\/>\u2013 for the supply of audio or video recordings or computer software in a sealed package, if the seal has been removed after<br\/>delivery.<\/p>\n\n\n\n<p><strong>Model Withdrawal Form<\/strong><\/p>\n\n\n\n<p>(If you wish to withdraw from the contract, please fill out this form and send it back.)<\/p>\n\n\n\n<p>\u2013 To Janek G\u00f6hler, H\u00f6ckendorfer Str. 18, 01705 Freital, Email address: janek.goehler@zinn-giesserei-goehler.com :<\/p>\n\n\n\n<p>\u2013 I\/We (*) hereby withdraw from the contract concluded by me\/us (*) for the purchase of the following goods (*)\/<br\/>the provision of the following service (*)<\/p>\n\n\n\n<p>\u2013 Ordered on (*)\/ received on (*)<\/p>\n\n\n\n<p>\u2013 Name of consumer(s)<br\/>\u2013 Address of consumer(s)<br\/>\u2013 Signature of consumer(s) (only for communication on paper)<br\/>\u2013 Date<\/p>\n\n\n\n<p>(*) Delete as appropriate<\/p>\n<\/div><\/div>\n<\/div><\/div>\n","protected":false},"excerpt":{"rendered":"<p>(A consumer is any natural person who enters into a legal transaction for purposes that are predominantly neither attributable to their commercial northeir independent professional activity.) Instructions on Right of Withdrawal Right of WithdrawalYou have the right to withdraw from this contract within 14 days without giving any reason.The withdrawal period is 14 days from [&hellip;]<\/p>\n","protected":false},"author":1,"featured_media":0,"parent":32679,"menu_order":0,"comment_status":"closed","ping_status":"closed","template":"","meta":{"footnotes":""},"class_list":["post-32695","page","type-page","status-publish","hentry"],"yoast_head":"<!-- This site is optimized with the Yoast SEO plugin v27.3 - https:\/\/yoast.com\/product\/yoast-seo-wordpress\/ -->\n<title>Right of Withdrawal - Zinn Gie\u00dferei G\u00f6hler<\/title>\n<meta name=\"robots\" content=\"index, follow, max-snippet:-1, max-image-preview:large, max-video-preview:-1\" \/>\n<link rel=\"canonical\" href=\"https:\/\/zinn-giesserei-goehler.com\/en\/about-us\/right-of-withdrawal\/\" \/>\n<meta property=\"og:locale\" content=\"en_US\" \/>\n<meta property=\"og:type\" content=\"article\" \/>\n<meta property=\"og:title\" content=\"Right of Withdrawal - Zinn Gie\u00dferei G\u00f6hler\" \/>\n<meta property=\"og:description\" content=\"(A consumer is any natural person who enters into a legal transaction for purposes that are predominantly neither attributable to their commercial northeir independent professional activity.) Instructions on Right of Withdrawal Right of WithdrawalYou have the right to withdraw from this contract within 14 days without giving any reason.The withdrawal period is 14 days from [&hellip;]\" \/>\n<meta property=\"og:url\" content=\"https:\/\/zinn-giesserei-goehler.com\/en\/about-us\/right-of-withdrawal\/\" \/>\n<meta property=\"og:site_name\" content=\"Zinn Gie\u00dferei G\u00f6hler\" \/>\n<meta property=\"article:modified_time\" content=\"2025-08-28T21:29:09+00:00\" \/>\n<meta name=\"twitter:card\" content=\"summary_large_image\" \/>\n<meta name=\"twitter:label1\" content=\"Est. reading time\" \/>\n\t<meta name=\"twitter:data1\" content=\"4 minutes\" \/>\n<script type=\"application\/ld+json\" class=\"yoast-schema-graph\">{\"@context\":\"https:\\\/\\\/schema.org\",\"@graph\":[{\"@type\":\"WebPage\",\"@id\":\"https:\\\/\\\/zinn-giesserei-goehler.com\\\/en\\\/about-us\\\/right-of-withdrawal\\\/\",\"url\":\"https:\\\/\\\/zinn-giesserei-goehler.com\\\/en\\\/about-us\\\/right-of-withdrawal\\\/\",\"name\":\"Right of Withdrawal - Zinn Gie\u00dferei G\u00f6hler\",\"isPartOf\":{\"@id\":\"https:\\\/\\\/zinn-giesserei-goehler.com\\\/en\\\/#website\"},\"datePublished\":\"2023-11-29T13:05:54+00:00\",\"dateModified\":\"2025-08-28T21:29:09+00:00\",\"breadcrumb\":{\"@id\":\"https:\\\/\\\/zinn-giesserei-goehler.com\\\/en\\\/about-us\\\/right-of-withdrawal\\\/#breadcrumb\"},\"inLanguage\":\"en-US\",\"potentialAction\":[{\"@type\":\"ReadAction\",\"target\":[\"https:\\\/\\\/zinn-giesserei-goehler.com\\\/en\\\/about-us\\\/right-of-withdrawal\\\/\"]}]},{\"@type\":\"BreadcrumbList\",\"@id\":\"https:\\\/\\\/zinn-giesserei-goehler.com\\\/en\\\/about-us\\\/right-of-withdrawal\\\/#breadcrumb\",\"itemListElement\":[{\"@type\":\"ListItem\",\"position\":1,\"name\":\"Startseite\",\"item\":\"https:\\\/\\\/zinn-giesserei-goehler.com\\\/en\\\/\"},{\"@type\":\"ListItem\",\"position\":2,\"name\":\"About Us\",\"item\":\"https:\\\/\\\/zinn-giesserei-goehler.com\\\/en\\\/about-us\\\/\"},{\"@type\":\"ListItem\",\"position\":3,\"name\":\"Right of Withdrawal\"}]},{\"@type\":\"WebSite\",\"@id\":\"https:\\\/\\\/zinn-giesserei-goehler.com\\\/en\\\/#website\",\"url\":\"https:\\\/\\\/zinn-giesserei-goehler.com\\\/en\\\/\",\"name\":\"Zinn Gie\u00dferei G\u00f6hler\",\"description\":\"Ihr Zinnh\u00e4ndler aus Deutschland\",\"publisher\":{\"@id\":\"https:\\\/\\\/zinn-giesserei-goehler.com\\\/en\\\/#organization\"},\"potentialAction\":[{\"@type\":\"SearchAction\",\"target\":{\"@type\":\"EntryPoint\",\"urlTemplate\":\"https:\\\/\\\/zinn-giesserei-goehler.com\\\/en\\\/?s={search_term_string}\"},\"query-input\":{\"@type\":\"PropertyValueSpecification\",\"valueRequired\":true,\"valueName\":\"search_term_string\"}}],\"inLanguage\":\"en-US\"},{\"@type\":\"Organization\",\"@id\":\"https:\\\/\\\/zinn-giesserei-goehler.com\\\/en\\\/#organization\",\"name\":\"Zinn Gie\u00dferei G\u00f6hler\",\"url\":\"https:\\\/\\\/zinn-giesserei-goehler.com\\\/en\\\/\",\"logo\":{\"@type\":\"ImageObject\",\"inLanguage\":\"en-US\",\"@id\":\"https:\\\/\\\/zinn-giesserei-goehler.com\\\/en\\\/#\\\/schema\\\/logo\\\/image\\\/\",\"url\":\"https:\\\/\\\/zinn-giesserei-goehler.com\\\/wp-content\\\/uploads\\\/2022\\\/01\\\/LogoV02-zugeschnitten-e1646411454787.png\",\"contentUrl\":\"https:\\\/\\\/zinn-giesserei-goehler.com\\\/wp-content\\\/uploads\\\/2022\\\/01\\\/LogoV02-zugeschnitten-e1646411454787.png\",\"width\":500,\"height\":182,\"caption\":\"Zinn Gie\u00dferei G\u00f6hler\"},\"image\":{\"@id\":\"https:\\\/\\\/zinn-giesserei-goehler.com\\\/en\\\/#\\\/schema\\\/logo\\\/image\\\/\"}}]}<\/script>\n<!-- \/ Yoast SEO plugin. -->","yoast_head_json":{"title":"Right of Withdrawal - Zinn Gie\u00dferei G\u00f6hler","robots":{"index":"index","follow":"follow","max-snippet":"max-snippet:-1","max-image-preview":"max-image-preview:large","max-video-preview":"max-video-preview:-1"},"canonical":"https:\/\/zinn-giesserei-goehler.com\/en\/about-us\/right-of-withdrawal\/","og_locale":"en_US","og_type":"article","og_title":"Right of Withdrawal - Zinn Gie\u00dferei G\u00f6hler","og_description":"(A consumer is any natural person who enters into a legal transaction for purposes that are predominantly neither attributable to their commercial northeir independent professional activity.) Instructions on Right of Withdrawal Right of WithdrawalYou have the right to withdraw from this contract within 14 days without giving any reason.The withdrawal period is 14 days from [&hellip;]","og_url":"https:\/\/zinn-giesserei-goehler.com\/en\/about-us\/right-of-withdrawal\/","og_site_name":"Zinn Gie\u00dferei G\u00f6hler","article_modified_time":"2025-08-28T21:29:09+00:00","twitter_card":"summary_large_image","twitter_misc":{"Est. reading time":"4 minutes"},"schema":{"@context":"https:\/\/schema.org","@graph":[{"@type":"WebPage","@id":"https:\/\/zinn-giesserei-goehler.com\/en\/about-us\/right-of-withdrawal\/","url":"https:\/\/zinn-giesserei-goehler.com\/en\/about-us\/right-of-withdrawal\/","name":"Right of Withdrawal - Zinn Gie\u00dferei G\u00f6hler","isPartOf":{"@id":"https:\/\/zinn-giesserei-goehler.com\/en\/#website"},"datePublished":"2023-11-29T13:05:54+00:00","dateModified":"2025-08-28T21:29:09+00:00","breadcrumb":{"@id":"https:\/\/zinn-giesserei-goehler.com\/en\/about-us\/right-of-withdrawal\/#breadcrumb"},"inLanguage":"en-US","potentialAction":[{"@type":"ReadAction","target":["https:\/\/zinn-giesserei-goehler.com\/en\/about-us\/right-of-withdrawal\/"]}]},{"@type":"BreadcrumbList","@id":"https:\/\/zinn-giesserei-goehler.com\/en\/about-us\/right-of-withdrawal\/#breadcrumb","itemListElement":[{"@type":"ListItem","position":1,"name":"Startseite","item":"https:\/\/zinn-giesserei-goehler.com\/en\/"},{"@type":"ListItem","position":2,"name":"About Us","item":"https:\/\/zinn-giesserei-goehler.com\/en\/about-us\/"},{"@type":"ListItem","position":3,"name":"Right of Withdrawal"}]},{"@type":"WebSite","@id":"https:\/\/zinn-giesserei-goehler.com\/en\/#website","url":"https:\/\/zinn-giesserei-goehler.com\/en\/","name":"Zinn Gie\u00dferei G\u00f6hler","description":"Ihr Zinnh\u00e4ndler aus Deutschland","publisher":{"@id":"https:\/\/zinn-giesserei-goehler.com\/en\/#organization"},"potentialAction":[{"@type":"SearchAction","target":{"@type":"EntryPoint","urlTemplate":"https:\/\/zinn-giesserei-goehler.com\/en\/?s={search_term_string}"},"query-input":{"@type":"PropertyValueSpecification","valueRequired":true,"valueName":"search_term_string"}}],"inLanguage":"en-US"},{"@type":"Organization","@id":"https:\/\/zinn-giesserei-goehler.com\/en\/#organization","name":"Zinn Gie\u00dferei G\u00f6hler","url":"https:\/\/zinn-giesserei-goehler.com\/en\/","logo":{"@type":"ImageObject","inLanguage":"en-US","@id":"https:\/\/zinn-giesserei-goehler.com\/en\/#\/schema\/logo\/image\/","url":"https:\/\/zinn-giesserei-goehler.com\/wp-content\/uploads\/2022\/01\/LogoV02-zugeschnitten-e1646411454787.png","contentUrl":"https:\/\/zinn-giesserei-goehler.com\/wp-content\/uploads\/2022\/01\/LogoV02-zugeschnitten-e1646411454787.png","width":500,"height":182,"caption":"Zinn Gie\u00dferei G\u00f6hler"},"image":{"@id":"https:\/\/zinn-giesserei-goehler.com\/en\/#\/schema\/logo\/image\/"}}]}},"jetpack_sharing_enabled":true,"_links":{"self":[{"href":"https:\/\/zinn-giesserei-goehler.com\/en\/wp-json\/wp\/v2\/pages\/32695","targetHints":{"allow":["GET"]}}],"collection":[{"href":"https:\/\/zinn-giesserei-goehler.com\/en\/wp-json\/wp\/v2\/pages"}],"about":[{"href":"https:\/\/zinn-giesserei-goehler.com\/en\/wp-json\/wp\/v2\/types\/page"}],"author":[{"embeddable":true,"href":"https:\/\/zinn-giesserei-goehler.com\/en\/wp-json\/wp\/v2\/users\/1"}],"replies":[{"embeddable":true,"href":"https:\/\/zinn-giesserei-goehler.com\/en\/wp-json\/wp\/v2\/comments?post=32695"}],"version-history":[{"count":1,"href":"https:\/\/zinn-giesserei-goehler.com\/en\/wp-json\/wp\/v2\/pages\/32695\/revisions"}],"predecessor-version":[{"id":32696,"href":"https:\/\/zinn-giesserei-goehler.com\/en\/wp-json\/wp\/v2\/pages\/32695\/revisions\/32696"}],"up":[{"embeddable":true,"href":"https:\/\/zinn-giesserei-goehler.com\/en\/wp-json\/wp\/v2\/pages\/32679"}],"wp:attachment":[{"href":"https:\/\/zinn-giesserei-goehler.com\/en\/wp-json\/wp\/v2\/media?parent=32695"}],"curies":[{"name":"wp","href":"https:\/\/api.w.org\/{rel}","templated":true}]}}