{"id":32683,"date":"2019-06-26T11:07:42","date_gmt":"2019-06-26T09:07:42","guid":{"rendered":"https:\/\/zinn-giesserei-goehler.com\/about-us\/payment-and-shipping\/"},"modified":"2026-03-04T13:16:51","modified_gmt":"2026-03-04T12:16:51","slug":"payment-and-shipping","status":"publish","type":"page","link":"https:\/\/zinn-giesserei-goehler.com\/en\/about-us\/payment-and-shipping\/","title":{"rendered":"Payment and Shipping"},"content":{"rendered":"<div class=\"wp-block-zggtheme-blocks-header\">\n            <div class = zggtheme-content-header-container>\n                <div class=\"zggtheme-content-header-image\" style=\"\">\n                    <div class=\"zggtheme-content-header-overlay\">\n                        <header class=\"page-title-container\">\n                            <h1 class=\"page-title\">\n                                Payment and Shipping\n                            <\/h1>\n                        <\/header>\n                        \n                    <\/div>\n                <\/div>\n            <\/div>\n            <\/div>\n<div class=\"wp-block-group zgg-spacing-container\"><div class=\"wp-block-group__inner-container is-layout-constrained wp-block-group-is-layout-constrained\">\n<div class=\"wp-block-group zgg-milky-glas-container\"><div class=\"wp-block-group__inner-container is-layout-constrained wp-block-group-is-layout-constrained\">\n<h2 class=\"wp-block-heading\">Shipping Conditions:<\/h2>\n\n\n\n<p>Worldwide shipping is available.<\/p>\n\n\n\n<div class=\"wp-block-group zgg-card-container\"><div class=\"wp-block-group__inner-container is-layout-constrained wp-block-group-is-layout-constrained\">\n<p><strong>Domestic Shipping (Germany):<\/strong><\/p>\n\n\n\n<p>Free of charge<\/p>\n<\/div><\/div>\n\n\n\n<div class=\"wp-block-group zgg-card-container\"><div class=\"wp-block-group__inner-container is-layout-constrained wp-block-group-is-layout-constrained\">\n<p><strong>International Shipping:<\/strong><\/p>\n\n\n\n<p>Group 1: Flat rate \u20ac6.99<br\/>Belgium, Luxembourg, Netherlands, Austria, Poland, Czech Republic, Hungary<\/p>\n\n\n\n<p>Group 2: Flat rate: \u20ac9.49<br\/>Denmark, France, Italy, Slovenia, Spain, Monaco, Vatican City, Croatia, Portugal, Romania<\/p>\n\n\n\n<p>Group 3: Flat rate: \u20ac9.99<br\/>United Kingdom, Sweden, Slovakia, Bulgaria, Estonia, Finland, Greece, Ireland, Latvia, Lithuania, Malta, Cyprus<\/p>\n\n\n\n<p>Group 4: Flat rate: \u20ac12.99<br\/>Switzerland, Norway, Montenegro, Serbia, Macedonia<\/p>\n\n\n\n<p>Group 5: Flat rate: \u20ac21.99<br\/>Turkey<\/p>\n\n\n\n<p>Group 6: Flat rate: \u20ac25.99<br\/>People&#8217;s Republic of China, Hong Kong, India, Japan, Canada, Mexico, Saudi Arabia, Singapore, Taiwan, USA, United Arab Emirates, Vietnam <\/p>\n\n\n\n<p>Group 7: Flat rate: \u20ac12.99<br\/>Albania, Bosnia and Herzegovina, Faroe Islands, Greenland, Iceland, Republic of Moldova<\/p>\n\n\n\n<p>Group 8: Flat rate: \u20ac25.99<br\/>Afghanistan, Armenia, Azerbaijan, Bahrain, Bangladesh, Bhutan, Brunei Darussalam, Indonesia, Iraq, Iran, Yemen, Jordan, Cambodia, Kazakhstan, Qatar, Kyrgyzstan, Kuwait, Laos, Malaysia, Maldives, Mongolia, Myanmar, Nepal, North Korea, Oman, East Timor, Pakistan, Papua New Guinea, Philippines, Sri Lanka, South Korea, Tajikistan, Thailand, Turkmenistan, Uzbekistan<\/p>\n\n\n\n<p>Group 9: Flat rate: \u20ac35.99<br\/>Rest of the World<\/p>\n\n\n\n<p>For groups 1\u20133, shipping costs incl. VAT are stated.<br\/>Shipping costs are only charged once per order.<\/p>\n<\/div><\/div>\n\n\n\n<p>If you would like your order delivered to an address outside the mentioned countries, please <a href=\"https:\/\/zinn-giesserei-goehler.com\/en\/about-us\/contact-form\/\" target=\"_blank\" rel=\"noreferrer noopener\">contact<\/a> us so that we can inform you of the applicable shipping costs.<\/p>\n\n\n\n<div class=\"wp-block-group zgg-card-container\"><div class=\"wp-block-group__inner-container is-layout-constrained wp-block-group-is-layout-constrained\">\n<p><strong>Delivery Times<\/strong>:<\/p>\n\n\n\n<p>Unless a different period is specified in the respective offer, goods are delivered within Germany within 3 \u2013 5 business days, and for international deliveries within 5 \u2013 9 business days after conclusion of contract (for agreed prepayment, after the time of your payment instruction). Please note that no deliveries are made on Sundays and public holidays. If you have ordered items with different delivery times, we will ship the goods in a single consignment, unless otherwise agreed with you. In this case, the delivery time will be determined by the item with the longest delivery time you have ordered.   <\/p>\n<\/div><\/div>\n<\/div><\/div>\n\n\n\n<div class=\"wp-block-group zgg-milky-glas-container\"><div class=\"wp-block-group__inner-container is-layout-constrained wp-block-group-is-layout-constrained\">\n<h2 class=\"wp-block-heading\">Payment Terms:<\/h2>\n\n\n\n<p><strong>Accepted Payment Methods<\/strong>:<\/p>\n\n\n\n<ul class=\"wp-block-list\">\n<li>Payment by bank transfer (advance payment)<\/li>\n\n\n\n<li>Payment by Invoice<\/li>\n\n\n\n<li>PayPal<\/li>\n\n\n\n<li>Payment by credit card (processed via Stripe)<\/li>\n\n\n\n<li>Instant Transfer (processed via PayPal)<\/li>\n<\/ul>\n\n\n\n<div class=\"wp-block-group zgg-card-container\"><div class=\"wp-block-group__inner-container is-layout-constrained wp-block-group-is-layout-constrained\">\n<p><strong>Further Payment Details<\/strong>:<\/p>\n\n\n\n<p>Payment by invoice is possible under the following condition:<\/p>\n\n\n\n<p>By individual arrangement <strong>or<\/strong> for commercial\/institutional customers with a verified account. You will find a  <a href=\"https:\/\/zinn-giesserei-goehler.com\/en\/business-verification-guide\/\"><\/a><a href=\"https:\/\/zinn-giesserei-goehler.com\/en\/business-verification-guide\/\">Guide to verifying your account &gt;here&lt;<\/a>.<\/p>\n\n\n\n<p>The invoice amount must be settled within 30 days for payment by invoice.<\/p>\n<\/div><\/div>\n<\/div><\/div>\n\n\n\n<div class=\"wp-block-group zgg-milky-glas-container\"><div class=\"wp-block-group__inner-container is-layout-constrained wp-block-group-is-layout-constrained\">\n<p><strong>Information on Packaging Material Take-Back Obligation<\/strong><\/p>\n\n\n\n<p>According to the current Packaging Act, \u00a7 15 para. 1 sentence 1 VerpackG, we are obliged to take back the following packaging materials from<br\/>end consumers free of charge: <\/p>\n\n\n\n<ul class=\"wp-block-list\">\n<li>Transport packaging, such as pallets, large packaging, etc.,<\/li>\n\n\n\n<li>Sales and outer packaging that typically do not become waste for private end consumers after use,<\/li>\n\n\n\n<li>Sales and outer packaging for which system participation is not possible due to system incompatibility according to \u00a7 7 para. 5, and <\/li>\n\n\n\n<li>Sales packaging for hazardous goods or<\/li>\n\n\n\n<li>Reusable packaging.<\/li>\n<\/ul>\n\n\n\n<p>When the product is delivered, appropriate packaging material is used, which we take back free of charge. This ensures the return of packaging material into the recycling loop. By providing information on return options, we aim to achieve better results in packaging recycling and contribute to fulfilling the European recycling targets according to EU Directive 94\/62\/EC. As an end consumer, you can hand in the packaging material at the place of actual handover or in its immediate vicinity.   <\/p>\n<\/div><\/div>\n\n\n\n<div class=\"wp-block-group zgg-milky-glas-container\"><div class=\"wp-block-group__inner-container is-layout-constrained wp-block-group-is-layout-constrained\">\n<p>For questions, please <a href=\"https:\/\/zinn-giesserei-goehler.com\/en\/about-us\/contact-form\/\" target=\"_blank\" rel=\"noreferrer noopener\">contact<\/a> us.<\/p>\n<\/div><\/div>\n<\/div><\/div>\n","protected":false},"excerpt":{"rendered":"<p>Shipping Conditions: Worldwide shipping is available. Domestic Shipping (Germany): Free of charge International Shipping: Group 1: Flat rate \u20ac6.99Belgium, Luxembourg, Netherlands, Austria, Poland, Czech Republic, Hungary Group 2: Flat rate: \u20ac9.49Denmark, France, Italy, Slovenia, Spain, Monaco, Vatican City, Croatia, Portugal, Romania Group 3: Flat rate: \u20ac9.99United Kingdom, Sweden, Slovakia, Bulgaria, Estonia, Finland, Greece, Ireland, Latvia, [&hellip;]<\/p>\n","protected":false},"author":1,"featured_media":0,"parent":32679,"menu_order":0,"comment_status":"closed","ping_status":"closed","template":"","meta":{"footnotes":""},"class_list":["post-32683","page","type-page","status-publish","hentry"],"yoast_head":"<!-- This site is optimized with the Yoast SEO plugin v27.3 - https:\/\/yoast.com\/product\/yoast-seo-wordpress\/ -->\n<title>Payment and Shipping - Zinn Gie\u00dferei G\u00f6hler<\/title>\n<meta name=\"robots\" content=\"index, follow, max-snippet:-1, max-image-preview:large, max-video-preview:-1\" \/>\n<link rel=\"canonical\" href=\"https:\/\/zinn-giesserei-goehler.com\/en\/about-us\/payment-and-shipping\/\" \/>\n<meta property=\"og:locale\" content=\"en_US\" \/>\n<meta property=\"og:type\" content=\"article\" \/>\n<meta property=\"og:title\" content=\"Payment and Shipping - Zinn Gie\u00dferei G\u00f6hler\" \/>\n<meta property=\"og:description\" content=\"Shipping Conditions: Worldwide shipping is available. Domestic Shipping (Germany): Free of charge International Shipping: Group 1: Flat rate \u20ac6.99Belgium, Luxembourg, Netherlands, Austria, Poland, Czech Republic, Hungary Group 2: Flat rate: \u20ac9.49Denmark, France, Italy, Slovenia, Spain, Monaco, Vatican City, Croatia, Portugal, Romania Group 3: Flat rate: \u20ac9.99United Kingdom, Sweden, Slovakia, Bulgaria, Estonia, Finland, Greece, Ireland, Latvia, [&hellip;]\" \/>\n<meta property=\"og:url\" content=\"https:\/\/zinn-giesserei-goehler.com\/en\/about-us\/payment-and-shipping\/\" \/>\n<meta property=\"og:site_name\" content=\"Zinn Gie\u00dferei G\u00f6hler\" \/>\n<meta property=\"article:modified_time\" content=\"2026-03-04T12:16:51+00:00\" \/>\n<meta name=\"twitter:card\" content=\"summary_large_image\" \/>\n<meta name=\"twitter:label1\" content=\"Est. reading time\" \/>\n\t<meta name=\"twitter:data1\" content=\"3 minutes\" \/>\n<script type=\"application\/ld+json\" class=\"yoast-schema-graph\">{\"@context\":\"https:\\\/\\\/schema.org\",\"@graph\":[{\"@type\":\"WebPage\",\"@id\":\"https:\\\/\\\/zinn-giesserei-goehler.com\\\/en\\\/about-us\\\/payment-and-shipping\\\/\",\"url\":\"https:\\\/\\\/zinn-giesserei-goehler.com\\\/en\\\/about-us\\\/payment-and-shipping\\\/\",\"name\":\"Payment and Shipping - Zinn Gie\u00dferei G\u00f6hler\",\"isPartOf\":{\"@id\":\"https:\\\/\\\/zinn-giesserei-goehler.com\\\/en\\\/#website\"},\"datePublished\":\"2019-06-26T09:07:42+00:00\",\"dateModified\":\"2026-03-04T12:16:51+00:00\",\"breadcrumb\":{\"@id\":\"https:\\\/\\\/zinn-giesserei-goehler.com\\\/en\\\/about-us\\\/payment-and-shipping\\\/#breadcrumb\"},\"inLanguage\":\"en-US\",\"potentialAction\":[{\"@type\":\"ReadAction\",\"target\":[\"https:\\\/\\\/zinn-giesserei-goehler.com\\\/en\\\/about-us\\\/payment-and-shipping\\\/\"]}]},{\"@type\":\"BreadcrumbList\",\"@id\":\"https:\\\/\\\/zinn-giesserei-goehler.com\\\/en\\\/about-us\\\/payment-and-shipping\\\/#breadcrumb\",\"itemListElement\":[{\"@type\":\"ListItem\",\"position\":1,\"name\":\"Startseite\",\"item\":\"https:\\\/\\\/zinn-giesserei-goehler.com\\\/en\\\/\"},{\"@type\":\"ListItem\",\"position\":2,\"name\":\"About Us\",\"item\":\"https:\\\/\\\/zinn-giesserei-goehler.com\\\/en\\\/about-us\\\/\"},{\"@type\":\"ListItem\",\"position\":3,\"name\":\"Payment and Shipping\"}]},{\"@type\":\"WebSite\",\"@id\":\"https:\\\/\\\/zinn-giesserei-goehler.com\\\/en\\\/#website\",\"url\":\"https:\\\/\\\/zinn-giesserei-goehler.com\\\/en\\\/\",\"name\":\"Zinn Gie\u00dferei G\u00f6hler\",\"description\":\"Ihr Zinnh\u00e4ndler aus Deutschland\",\"publisher\":{\"@id\":\"https:\\\/\\\/zinn-giesserei-goehler.com\\\/en\\\/#organization\"},\"potentialAction\":[{\"@type\":\"SearchAction\",\"target\":{\"@type\":\"EntryPoint\",\"urlTemplate\":\"https:\\\/\\\/zinn-giesserei-goehler.com\\\/en\\\/?s={search_term_string}\"},\"query-input\":{\"@type\":\"PropertyValueSpecification\",\"valueRequired\":true,\"valueName\":\"search_term_string\"}}],\"inLanguage\":\"en-US\"},{\"@type\":\"Organization\",\"@id\":\"https:\\\/\\\/zinn-giesserei-goehler.com\\\/en\\\/#organization\",\"name\":\"Zinn Gie\u00dferei G\u00f6hler\",\"url\":\"https:\\\/\\\/zinn-giesserei-goehler.com\\\/en\\\/\",\"logo\":{\"@type\":\"ImageObject\",\"inLanguage\":\"en-US\",\"@id\":\"https:\\\/\\\/zinn-giesserei-goehler.com\\\/en\\\/#\\\/schema\\\/logo\\\/image\\\/\",\"url\":\"https:\\\/\\\/zinn-giesserei-goehler.com\\\/wp-content\\\/uploads\\\/2022\\\/01\\\/LogoV02-zugeschnitten-e1646411454787.png\",\"contentUrl\":\"https:\\\/\\\/zinn-giesserei-goehler.com\\\/wp-content\\\/uploads\\\/2022\\\/01\\\/LogoV02-zugeschnitten-e1646411454787.png\",\"width\":500,\"height\":182,\"caption\":\"Zinn Gie\u00dferei G\u00f6hler\"},\"image\":{\"@id\":\"https:\\\/\\\/zinn-giesserei-goehler.com\\\/en\\\/#\\\/schema\\\/logo\\\/image\\\/\"}}]}<\/script>\n<!-- \/ Yoast SEO plugin. -->","yoast_head_json":{"title":"Payment and Shipping - Zinn Gie\u00dferei G\u00f6hler","robots":{"index":"index","follow":"follow","max-snippet":"max-snippet:-1","max-image-preview":"max-image-preview:large","max-video-preview":"max-video-preview:-1"},"canonical":"https:\/\/zinn-giesserei-goehler.com\/en\/about-us\/payment-and-shipping\/","og_locale":"en_US","og_type":"article","og_title":"Payment and Shipping - Zinn Gie\u00dferei G\u00f6hler","og_description":"Shipping Conditions: Worldwide shipping is available. Domestic Shipping (Germany): Free of charge International Shipping: Group 1: Flat rate \u20ac6.99Belgium, Luxembourg, Netherlands, Austria, Poland, Czech Republic, Hungary Group 2: Flat rate: \u20ac9.49Denmark, France, Italy, Slovenia, Spain, Monaco, Vatican City, Croatia, Portugal, Romania Group 3: Flat rate: \u20ac9.99United Kingdom, Sweden, Slovakia, Bulgaria, Estonia, Finland, Greece, Ireland, Latvia, [&hellip;]","og_url":"https:\/\/zinn-giesserei-goehler.com\/en\/about-us\/payment-and-shipping\/","og_site_name":"Zinn Gie\u00dferei G\u00f6hler","article_modified_time":"2026-03-04T12:16:51+00:00","twitter_card":"summary_large_image","twitter_misc":{"Est. reading time":"3 minutes"},"schema":{"@context":"https:\/\/schema.org","@graph":[{"@type":"WebPage","@id":"https:\/\/zinn-giesserei-goehler.com\/en\/about-us\/payment-and-shipping\/","url":"https:\/\/zinn-giesserei-goehler.com\/en\/about-us\/payment-and-shipping\/","name":"Payment and Shipping - Zinn Gie\u00dferei G\u00f6hler","isPartOf":{"@id":"https:\/\/zinn-giesserei-goehler.com\/en\/#website"},"datePublished":"2019-06-26T09:07:42+00:00","dateModified":"2026-03-04T12:16:51+00:00","breadcrumb":{"@id":"https:\/\/zinn-giesserei-goehler.com\/en\/about-us\/payment-and-shipping\/#breadcrumb"},"inLanguage":"en-US","potentialAction":[{"@type":"ReadAction","target":["https:\/\/zinn-giesserei-goehler.com\/en\/about-us\/payment-and-shipping\/"]}]},{"@type":"BreadcrumbList","@id":"https:\/\/zinn-giesserei-goehler.com\/en\/about-us\/payment-and-shipping\/#breadcrumb","itemListElement":[{"@type":"ListItem","position":1,"name":"Startseite","item":"https:\/\/zinn-giesserei-goehler.com\/en\/"},{"@type":"ListItem","position":2,"name":"About Us","item":"https:\/\/zinn-giesserei-goehler.com\/en\/about-us\/"},{"@type":"ListItem","position":3,"name":"Payment and Shipping"}]},{"@type":"WebSite","@id":"https:\/\/zinn-giesserei-goehler.com\/en\/#website","url":"https:\/\/zinn-giesserei-goehler.com\/en\/","name":"Zinn Gie\u00dferei G\u00f6hler","description":"Ihr Zinnh\u00e4ndler aus Deutschland","publisher":{"@id":"https:\/\/zinn-giesserei-goehler.com\/en\/#organization"},"potentialAction":[{"@type":"SearchAction","target":{"@type":"EntryPoint","urlTemplate":"https:\/\/zinn-giesserei-goehler.com\/en\/?s={search_term_string}"},"query-input":{"@type":"PropertyValueSpecification","valueRequired":true,"valueName":"search_term_string"}}],"inLanguage":"en-US"},{"@type":"Organization","@id":"https:\/\/zinn-giesserei-goehler.com\/en\/#organization","name":"Zinn Gie\u00dferei G\u00f6hler","url":"https:\/\/zinn-giesserei-goehler.com\/en\/","logo":{"@type":"ImageObject","inLanguage":"en-US","@id":"https:\/\/zinn-giesserei-goehler.com\/en\/#\/schema\/logo\/image\/","url":"https:\/\/zinn-giesserei-goehler.com\/wp-content\/uploads\/2022\/01\/LogoV02-zugeschnitten-e1646411454787.png","contentUrl":"https:\/\/zinn-giesserei-goehler.com\/wp-content\/uploads\/2022\/01\/LogoV02-zugeschnitten-e1646411454787.png","width":500,"height":182,"caption":"Zinn Gie\u00dferei G\u00f6hler"},"image":{"@id":"https:\/\/zinn-giesserei-goehler.com\/en\/#\/schema\/logo\/image\/"}}]}},"jetpack_sharing_enabled":true,"_links":{"self":[{"href":"https:\/\/zinn-giesserei-goehler.com\/en\/wp-json\/wp\/v2\/pages\/32683","targetHints":{"allow":["GET"]}}],"collection":[{"href":"https:\/\/zinn-giesserei-goehler.com\/en\/wp-json\/wp\/v2\/pages"}],"about":[{"href":"https:\/\/zinn-giesserei-goehler.com\/en\/wp-json\/wp\/v2\/types\/page"}],"author":[{"embeddable":true,"href":"https:\/\/zinn-giesserei-goehler.com\/en\/wp-json\/wp\/v2\/users\/1"}],"replies":[{"embeddable":true,"href":"https:\/\/zinn-giesserei-goehler.com\/en\/wp-json\/wp\/v2\/comments?post=32683"}],"version-history":[{"count":4,"href":"https:\/\/zinn-giesserei-goehler.com\/en\/wp-json\/wp\/v2\/pages\/32683\/revisions"}],"predecessor-version":[{"id":36946,"href":"https:\/\/zinn-giesserei-goehler.com\/en\/wp-json\/wp\/v2\/pages\/32683\/revisions\/36946"}],"up":[{"embeddable":true,"href":"https:\/\/zinn-giesserei-goehler.com\/en\/wp-json\/wp\/v2\/pages\/32679"}],"wp:attachment":[{"href":"https:\/\/zinn-giesserei-goehler.com\/en\/wp-json\/wp\/v2\/media?parent=32683"}],"curies":[{"name":"wp","href":"https:\/\/api.w.org\/{rel}","templated":true}]}}