{"id":32669,"date":"2022-11-12T20:25:52","date_gmt":"2022-11-12T19:25:52","guid":{"rendered":"https:\/\/zinn-giesserei-goehler.com\/shop-overview\/"},"modified":"2025-08-28T23:25:12","modified_gmt":"2025-08-28T21:25:12","slug":"shop-overview","status":"publish","type":"page","link":"https:\/\/zinn-giesserei-goehler.com\/en\/shop-overview\/","title":{"rendered":"Shop Overview"},"content":{"rendered":"<div class=\"wp-block-zggtheme-blocks-header\">\n            <div class = zggtheme-content-header-container>\n                <div class=\"zggtheme-content-header-image\" style=\"background-image: url('https:\/\/zinn-giesserei-goehler.com\/wp-content\/uploads\/2024\/05\/Logo-43-weiss.png');\">\n                    <div class=\"zggtheme-content-header-overlay\">\n                        <header class=\"page-title-container\">\n                            <h1 class=\"page-title\">\n                                Overview\n                            <\/h1>\n                        <\/header>\n                        \n                <div class=\"zggtheme-content-header-menu-container\">\n                    <ul class=\"zggtheme-content-header-menu\">\n                        <li class=\"zggtheme-content-header-menu-item\">\n                            <a class=\"nav-link nav-font-lv1\" href=\"https:\/\/zinn-giesserei-goehler.com\/shop-uebersicht\/\">Shop Overview<\/a>\n                        <\/li>\n                        <li class=\"zggtheme-content-header-menu-item\">\n                            <a class=\"nav-link nav-font-lv1\" href=\"https:\/\/zinn-giesserei-goehler.com\/produkt-kategorie\/reinmetalle\/\">Pure Metals<\/a>\n                        <\/li>\n                        <li class=\"zggtheme-content-header-menu-item\">\n                            <a class=\"nav-link nav-font-lv1\" href=\"https:\/\/zinn-giesserei-goehler.com\/produkt-kategorie\/legierungen\/\">Alloys<\/a>\n                        <\/li>\n                        <li class=\"zggtheme-content-header-menu-item\">\n                            <a class=\"nav-link nav-font-lv1\" href=\"https:\/\/zinn-giesserei-goehler.com\/produkt-kategorie\/profile\/\">Profiles<\/a>\n                        <\/li>\n                        <li class=\"zggtheme-content-header-menu-item\">\n                            <a class=\"nav-link nav-font-lv1\" href=\"https:\/\/zinn-giesserei-goehler.com\/produkt-kategorie\/giessereihilfsstoffe\/\">Foundry Supplies<\/a>\n                        <\/li>\n                        <li class=\"zggtheme-content-header-menu-item\">\n                            <a class=\"nav-link nav-font-lv1\" href=\"https:\/\/zinn-giesserei-goehler.com\/produkt-kategorie\/giessereiwerkzeuge\/\">Foundry Tools<\/a>\n                        <\/li>\n                    <\/ul>\n                <\/div>\n                    <\/div>\n                <\/div>\n            <\/div>\n            <\/div>\n<div class=\"wp-block-group zgg-spacing-container\"><div class=\"wp-block-group__inner-container is-layout-constrained wp-block-group-is-layout-constrained\">\n<div class=\"wp-block-columns zgg-milky-glas-container zgg-card-column is-layout-flex wp-container-core-columns-is-layout-9d6595d7 wp-block-columns-is-layout-flex\">\n<div class=\"wp-block-column is-layout-flow wp-block-column-is-layout-flow\">\n<h2 class=\"wp-block-heading\">Pure Metals<\/h2>\n\n\n\n<p>Tin, copper, or germanium: The most important pure metals in one place.<\/p>\n\n\n\n<figure class=\"wp-block-image size-full zgg-small-borderless-card\"><a href=\"https:\/\/zinn-giesserei-goehler.com\/en\/produkt-kategorie\/pure-metals\/\"><img data-recalc-dims=\"1\" decoding=\"async\" width=\"400\" height=\"300\" src=\"https:\/\/i0.wp.com\/zinn-giesserei-goehler.com\/wp-content\/uploads\/2022\/11\/Zinn.jpg?resize=400%2C300&#038;ssl=1\" alt=\"\" class=\"wp-image-13108\" srcset=\"https:\/\/i0.wp.com\/zinn-giesserei-goehler.com\/wp-content\/uploads\/2022\/11\/Zinn.jpg?w=400&amp;ssl=1 400w, https:\/\/i0.wp.com\/zinn-giesserei-goehler.com\/wp-content\/uploads\/2022\/11\/Zinn.jpg?resize=64%2C48&amp;ssl=1 64w, https:\/\/i0.wp.com\/zinn-giesserei-goehler.com\/wp-content\/uploads\/2022\/11\/Zinn.jpg?resize=300%2C225&amp;ssl=1 300w\" sizes=\"(max-width: 400px) 100vw, 400px\" \/><\/a><\/figure>\n\n\n\n<div class=\"wp-block-buttons is-layout-flex wp-block-buttons-is-layout-flex\">\n<div class=\"wp-block-button\"><a class=\"wp-block-button__link wp-element-button\" href=\"https:\/\/zinn-giesserei-goehler.com\/en\/produkt-kategorie\/pure-metals\/\">To Overview<\/a><\/div>\n<\/div>\n<\/div>\n\n\n\n<div class=\"wp-block-column is-layout-flow wp-block-column-is-layout-flow\">\n<h2 class=\"wp-block-heading\">Alloys<\/h2>\n\n\n\n<p>Whether solder, brass, or bronze: The most important alloys in one place.<\/p>\n\n\n\n<figure class=\"wp-block-image size-full zgg-small-borderless-card\"><a href=\"https:\/\/zinn-giesserei-goehler.com\/en\/produkt-kategorie\/alloys\/\"><img data-recalc-dims=\"1\" decoding=\"async\" width=\"1197\" height=\"803\" src=\"https:\/\/i0.wp.com\/zinn-giesserei-goehler.com\/wp-content\/uploads\/2022\/11\/Barren-1-ersatz.jpg?resize=1197%2C803&#038;ssl=1\" alt=\"\" class=\"wp-image-18167\" srcset=\"https:\/\/i0.wp.com\/zinn-giesserei-goehler.com\/wp-content\/uploads\/2022\/11\/Barren-1-ersatz.jpg?w=1197&amp;ssl=1 1197w, https:\/\/i0.wp.com\/zinn-giesserei-goehler.com\/wp-content\/uploads\/2022\/11\/Barren-1-ersatz.jpg?resize=300%2C201&amp;ssl=1 300w, https:\/\/i0.wp.com\/zinn-giesserei-goehler.com\/wp-content\/uploads\/2022\/11\/Barren-1-ersatz.jpg?resize=1024%2C687&amp;ssl=1 1024w, https:\/\/i0.wp.com\/zinn-giesserei-goehler.com\/wp-content\/uploads\/2022\/11\/Barren-1-ersatz.jpg?resize=768%2C515&amp;ssl=1 768w, https:\/\/i0.wp.com\/zinn-giesserei-goehler.com\/wp-content\/uploads\/2022\/11\/Barren-1-ersatz.jpg?resize=1080%2C725&amp;ssl=1 1080w, https:\/\/i0.wp.com\/zinn-giesserei-goehler.com\/wp-content\/uploads\/2022\/11\/Barren-1-ersatz.jpg?resize=980%2C657&amp;ssl=1 980w, https:\/\/i0.wp.com\/zinn-giesserei-goehler.com\/wp-content\/uploads\/2022\/11\/Barren-1-ersatz.jpg?resize=480%2C322&amp;ssl=1 480w, https:\/\/i0.wp.com\/zinn-giesserei-goehler.com\/wp-content\/uploads\/2022\/11\/Barren-1-ersatz.jpg?resize=600%2C403&amp;ssl=1 600w, https:\/\/i0.wp.com\/zinn-giesserei-goehler.com\/wp-content\/uploads\/2022\/11\/Barren-1-ersatz.jpg?resize=64%2C43&amp;ssl=1 64w\" sizes=\"(max-width: 1197px) 100vw, 1197px\" \/><\/a><\/figure>\n\n\n\n<div class=\"wp-block-buttons is-layout-flex wp-block-buttons-is-layout-flex\">\n<div class=\"wp-block-button\"><a class=\"wp-block-button__link wp-element-button\" href=\"https:\/\/zinn-giesserei-goehler.com\/en\/produkt-kategorie\/alloys\/\">To Overview<\/a><\/div>\n<\/div>\n<\/div>\n\n\n\n<div class=\"wp-block-column is-layout-flow wp-block-column-is-layout-flow\">\n<h2 class=\"wp-block-heading\">Profiles<\/h2>\n\n\n\n<p>Various metals in practical bar form. These include round tubes, flat bars, or hexagons. <\/p>\n\n\n\n<figure class=\"wp-block-image size-full zgg-small-borderless-card\"><a href=\"https:\/\/zinn-giesserei-goehler.com\/en\/produkt-kategorie\/profiles\/\"><img data-recalc-dims=\"1\" decoding=\"async\" width=\"2407\" height=\"1804\" src=\"https:\/\/i0.wp.com\/zinn-giesserei-goehler.com\/wp-content\/uploads\/2021\/12\/CuSn8-jpeg.webp?resize=2407%2C1804&#038;ssl=1\" alt=\"\" class=\"wp-image-12351\" srcset=\"https:\/\/i0.wp.com\/zinn-giesserei-goehler.com\/wp-content\/uploads\/2021\/12\/CuSn8-jpeg.webp?w=2407&amp;ssl=1 2407w, https:\/\/i0.wp.com\/zinn-giesserei-goehler.com\/wp-content\/uploads\/2021\/12\/CuSn8-jpeg.webp?resize=600%2C450&amp;ssl=1 600w, https:\/\/i0.wp.com\/zinn-giesserei-goehler.com\/wp-content\/uploads\/2021\/12\/CuSn8-jpeg.webp?resize=64%2C48&amp;ssl=1 64w, https:\/\/i0.wp.com\/zinn-giesserei-goehler.com\/wp-content\/uploads\/2021\/12\/CuSn8-jpeg.webp?resize=300%2C225&amp;ssl=1 300w, https:\/\/i0.wp.com\/zinn-giesserei-goehler.com\/wp-content\/uploads\/2021\/12\/CuSn8-jpeg.webp?resize=1024%2C767&amp;ssl=1 1024w, https:\/\/i0.wp.com\/zinn-giesserei-goehler.com\/wp-content\/uploads\/2021\/12\/CuSn8-jpeg.webp?resize=768%2C576&amp;ssl=1 768w, https:\/\/i0.wp.com\/zinn-giesserei-goehler.com\/wp-content\/uploads\/2021\/12\/CuSn8-jpeg.webp?resize=1536%2C1151&amp;ssl=1 1536w, https:\/\/i0.wp.com\/zinn-giesserei-goehler.com\/wp-content\/uploads\/2021\/12\/CuSn8-jpeg.webp?resize=2048%2C1535&amp;ssl=1 2048w, https:\/\/i0.wp.com\/zinn-giesserei-goehler.com\/wp-content\/uploads\/2021\/12\/CuSn8-jpeg.webp?resize=510%2C382&amp;ssl=1 510w, https:\/\/i0.wp.com\/zinn-giesserei-goehler.com\/wp-content\/uploads\/2021\/12\/CuSn8-jpeg.webp?resize=1080%2C809&amp;ssl=1 1080w, https:\/\/i0.wp.com\/zinn-giesserei-goehler.com\/wp-content\/uploads\/2021\/12\/CuSn8-jpeg.webp?resize=1280%2C959&amp;ssl=1 1280w, https:\/\/i0.wp.com\/zinn-giesserei-goehler.com\/wp-content\/uploads\/2021\/12\/CuSn8-jpeg.webp?resize=980%2C734&amp;ssl=1 980w, https:\/\/i0.wp.com\/zinn-giesserei-goehler.com\/wp-content\/uploads\/2021\/12\/CuSn8-jpeg.webp?resize=480%2C360&amp;ssl=1 480w\" sizes=\"(max-width: 2407px) 100vw, 2407px\" \/><\/a><\/figure>\n\n\n\n<div class=\"wp-block-buttons is-layout-flex wp-block-buttons-is-layout-flex\">\n<div class=\"wp-block-button\"><a class=\"wp-block-button__link wp-element-button\" href=\"https:\/\/zinn-giesserei-goehler.com\/en\/produkt-kategorie\/profiles\/\">To Overview<\/a><\/div>\n<\/div>\n<\/div>\n<\/div>\n\n\n\n<div class=\"wp-block-columns zgg-milky-glas-container zgg-card-column is-layout-flex wp-container-core-columns-is-layout-9d6595d7 wp-block-columns-is-layout-flex\">\n<div class=\"wp-block-column is-layout-flow wp-block-column-is-layout-flow\">\n<h2 class=\"wp-block-heading\">Foundry Supplies<\/h2>\n\n\n\n<p>Foundry supplies are not only hotly desired, but also hot in use. Whether you want to melt, cast, or process metal \u2013 here you&#8217;ll find everything you need. From <a href=\"https:\/\/zinn-giesserei-goehler.com\/en\/produkt-kategorie\/foundry-supplies\/moulds\/\">molds<\/a> to <a href=\"https:\/\/zinn-giesserei-goehler.com\/en\/produkt-kategorie\/foundry-supplies\/oil-molding-sand-accessories\/\">foundry sand<\/a> and <a href=\"https:\/\/zinn-giesserei-goehler.com\/en\/produkt-kategorie\/foundry-supplies\/crucibles\/\">crucibles<\/a> \u2013 we have the right tools for your foundry projects. Let our selection inspire you and discover the world of foundry!  <\/p>\n\n\n\n<figure class=\"wp-block-image size-full zgg-small-borderless-card\"><a href=\"https:\/\/zinn-giesserei-goehler.com\/en\/produkt-kategorie\/foundry-supplies\/\"><img data-recalc-dims=\"1\" decoding=\"async\" width=\"2560\" height=\"1920\" src=\"https:\/\/i0.wp.com\/zinn-giesserei-goehler.com\/wp-content\/uploads\/2023\/03\/Sand-1-scaled-jpg.webp?resize=2560%2C1920&#038;ssl=1\" alt=\"\" class=\"wp-image-16316\" srcset=\"https:\/\/i0.wp.com\/zinn-giesserei-goehler.com\/wp-content\/uploads\/2023\/03\/Sand-1-scaled-jpg.webp?w=2560&amp;ssl=1 2560w, https:\/\/i0.wp.com\/zinn-giesserei-goehler.com\/wp-content\/uploads\/2023\/03\/Sand-1-scaled-jpg.webp?resize=600%2C450&amp;ssl=1 600w, https:\/\/i0.wp.com\/zinn-giesserei-goehler.com\/wp-content\/uploads\/2023\/03\/Sand-1-scaled-jpg.webp?resize=64%2C48&amp;ssl=1 64w, https:\/\/i0.wp.com\/zinn-giesserei-goehler.com\/wp-content\/uploads\/2023\/03\/Sand-1-scaled-jpg.webp?resize=300%2C225&amp;ssl=1 300w, https:\/\/i0.wp.com\/zinn-giesserei-goehler.com\/wp-content\/uploads\/2023\/03\/Sand-1-scaled-jpg.webp?resize=1024%2C768&amp;ssl=1 1024w, https:\/\/i0.wp.com\/zinn-giesserei-goehler.com\/wp-content\/uploads\/2023\/03\/Sand-1-scaled-jpg.webp?resize=768%2C576&amp;ssl=1 768w, https:\/\/i0.wp.com\/zinn-giesserei-goehler.com\/wp-content\/uploads\/2023\/03\/Sand-1-scaled-jpg.webp?resize=1536%2C1152&amp;ssl=1 1536w, https:\/\/i0.wp.com\/zinn-giesserei-goehler.com\/wp-content\/uploads\/2023\/03\/Sand-1-scaled-jpg.webp?resize=2048%2C1536&amp;ssl=1 2048w, https:\/\/i0.wp.com\/zinn-giesserei-goehler.com\/wp-content\/uploads\/2023\/03\/Sand-1-scaled-jpg.webp?resize=510%2C382&amp;ssl=1 510w, https:\/\/i0.wp.com\/zinn-giesserei-goehler.com\/wp-content\/uploads\/2023\/03\/Sand-1-scaled-jpg.webp?resize=1080%2C810&amp;ssl=1 1080w, https:\/\/i0.wp.com\/zinn-giesserei-goehler.com\/wp-content\/uploads\/2023\/03\/Sand-1-scaled-jpg.webp?resize=1280%2C960&amp;ssl=1 1280w, https:\/\/i0.wp.com\/zinn-giesserei-goehler.com\/wp-content\/uploads\/2023\/03\/Sand-1-scaled-jpg.webp?resize=980%2C735&amp;ssl=1 980w, https:\/\/i0.wp.com\/zinn-giesserei-goehler.com\/wp-content\/uploads\/2023\/03\/Sand-1-scaled-jpg.webp?resize=480%2C360&amp;ssl=1 480w\" sizes=\"(max-width: 2560px) 100vw, 2560px\" \/><\/a><\/figure>\n\n\n\n<div class=\"wp-block-buttons is-layout-flex wp-block-buttons-is-layout-flex\">\n<div class=\"wp-block-button\"><a class=\"wp-block-button__link wp-element-button\" href=\"https:\/\/zinn-giesserei-goehler.com\/en\/produkt-kategorie\/foundry-supplies\/\">To Overview<\/a><\/div>\n<\/div>\n<\/div>\n\n\n\n<div class=\"wp-block-column is-layout-flow wp-block-column-is-layout-flow\">\n<h2 class=\"wp-block-heading\">Tools<\/h2>\n\n\n\n<p>If you want to play with fire, you need the right foundry tools. <a href=\"https:\/\/zinn-giesserei-goehler.com\/en\/produkt-kategorie\/foundry-tools\/tongs\/\">Tongs<\/a>, <a href=\"https:\/\/zinn-giesserei-goehler.com\/en\/produkt-kategorie\/foundry-tools\/pouring-ladles\/\">ladles<\/a>, and <a href=\"https:\/\/zinn-giesserei-goehler.com\/en\/produkt\/dosing-scoops\/\">weighing scoops<\/a> are indispensable for every hobbyist or professional caster. With the right tools, you can safely and precisely melt, cast, and portion metal. Whether you want to create jewelry, art, or everyday objects \u2013 we have the right foundry tools for your ideas. Browse our shop and let your creativity run wild!   <\/p>\n\n\n\n<figure class=\"wp-block-image size-full zgg-small-borderless-card\"><a href=\"https:\/\/zinn-giesserei-goehler.com\/en\/produkt-kategorie\/foundry-tools\/\"><img data-recalc-dims=\"1\" decoding=\"async\" width=\"1422\" height=\"800\" src=\"https:\/\/i0.wp.com\/zinn-giesserei-goehler.com\/wp-content\/uploads\/2023\/03\/Hilfsstoffe-Hintergrund-1.jpg?resize=1422%2C800&#038;ssl=1\" alt=\"\" class=\"wp-image-16113\" srcset=\"https:\/\/i0.wp.com\/zinn-giesserei-goehler.com\/wp-content\/uploads\/2023\/03\/Hilfsstoffe-Hintergrund-1.jpg?w=1422&amp;ssl=1 1422w, https:\/\/i0.wp.com\/zinn-giesserei-goehler.com\/wp-content\/uploads\/2023\/03\/Hilfsstoffe-Hintergrund-1.jpg?resize=600%2C338&amp;ssl=1 600w, https:\/\/i0.wp.com\/zinn-giesserei-goehler.com\/wp-content\/uploads\/2023\/03\/Hilfsstoffe-Hintergrund-1.jpg?resize=64%2C36&amp;ssl=1 64w, https:\/\/i0.wp.com\/zinn-giesserei-goehler.com\/wp-content\/uploads\/2023\/03\/Hilfsstoffe-Hintergrund-1.jpg?resize=300%2C169&amp;ssl=1 300w, https:\/\/i0.wp.com\/zinn-giesserei-goehler.com\/wp-content\/uploads\/2023\/03\/Hilfsstoffe-Hintergrund-1.jpg?resize=1024%2C576&amp;ssl=1 1024w, https:\/\/i0.wp.com\/zinn-giesserei-goehler.com\/wp-content\/uploads\/2023\/03\/Hilfsstoffe-Hintergrund-1.jpg?resize=768%2C432&amp;ssl=1 768w, https:\/\/i0.wp.com\/zinn-giesserei-goehler.com\/wp-content\/uploads\/2023\/03\/Hilfsstoffe-Hintergrund-1.jpg?resize=1080%2C608&amp;ssl=1 1080w, https:\/\/i0.wp.com\/zinn-giesserei-goehler.com\/wp-content\/uploads\/2023\/03\/Hilfsstoffe-Hintergrund-1.jpg?resize=1280%2C720&amp;ssl=1 1280w, https:\/\/i0.wp.com\/zinn-giesserei-goehler.com\/wp-content\/uploads\/2023\/03\/Hilfsstoffe-Hintergrund-1.jpg?resize=980%2C551&amp;ssl=1 980w, https:\/\/i0.wp.com\/zinn-giesserei-goehler.com\/wp-content\/uploads\/2023\/03\/Hilfsstoffe-Hintergrund-1.jpg?resize=480%2C270&amp;ssl=1 480w\" sizes=\"(max-width: 1422px) 100vw, 1422px\" \/><\/a><\/figure>\n\n\n\n<div class=\"wp-block-buttons is-layout-flex wp-block-buttons-is-layout-flex\">\n<div class=\"wp-block-button\"><a class=\"wp-block-button__link wp-element-button\" href=\"https:\/\/zinn-giesserei-goehler.com\/en\/produkt-kategorie\/foundry-tools\/\">To Overview<\/a><\/div>\n<\/div>\n<\/div>\n<\/div>\n<\/div><\/div>\n","protected":false},"excerpt":{"rendered":"<p>Pure Metals Tin, copper, or germanium: The most important pure metals in one place. Alloys Whether solder, brass, or bronze: The most important alloys in one place. Profiles Various metals in practical bar form. These include round tubes, flat bars, or hexagons. Foundry Supplies Foundry supplies are not only hotly desired, but also hot in [&hellip;]<\/p>\n","protected":false},"author":6,"featured_media":0,"parent":0,"menu_order":0,"comment_status":"closed","ping_status":"closed","template":"","meta":{"footnotes":""},"class_list":["post-32669","page","type-page","status-publish","hentry"],"yoast_head":"<!-- This site is optimized with the Yoast SEO plugin v27.3 - https:\/\/yoast.com\/product\/yoast-seo-wordpress\/ -->\n<title>Shop Overview - Zinn Gie\u00dferei G\u00f6hler<\/title>\n<meta name=\"robots\" content=\"index, follow, max-snippet:-1, max-image-preview:large, max-video-preview:-1\" \/>\n<link rel=\"canonical\" href=\"https:\/\/zinn-giesserei-goehler.com\/en\/shop-overview\/\" \/>\n<meta property=\"og:locale\" content=\"en_US\" \/>\n<meta property=\"og:type\" content=\"article\" \/>\n<meta property=\"og:title\" content=\"Shop Overview - Zinn Gie\u00dferei G\u00f6hler\" \/>\n<meta property=\"og:description\" content=\"Pure Metals Tin, copper, or germanium: The most important pure metals in one place. Alloys Whether solder, brass, or bronze: The most important alloys in one place. Profiles Various metals in practical bar form. These include round tubes, flat bars, or hexagons. Foundry Supplies Foundry supplies are not only hotly desired, but also hot in [&hellip;]\" \/>\n<meta property=\"og:url\" content=\"https:\/\/zinn-giesserei-goehler.com\/en\/shop-overview\/\" \/>\n<meta property=\"og:site_name\" content=\"Zinn Gie\u00dferei G\u00f6hler\" \/>\n<meta property=\"article:modified_time\" content=\"2025-08-28T21:25:12+00:00\" \/>\n<meta property=\"og:image\" content=\"https:\/\/zinn-giesserei-goehler.com\/wp-content\/uploads\/2022\/11\/Zinn.jpg\" \/>\n<meta name=\"twitter:card\" content=\"summary_large_image\" \/>\n<meta name=\"twitter:label1\" content=\"Est. reading time\" \/>\n\t<meta name=\"twitter:data1\" content=\"1 minute\" \/>\n<script type=\"application\/ld+json\" class=\"yoast-schema-graph\">{\"@context\":\"https:\\\/\\\/schema.org\",\"@graph\":[{\"@type\":\"WebPage\",\"@id\":\"https:\\\/\\\/zinn-giesserei-goehler.com\\\/en\\\/shop-overview\\\/\",\"url\":\"https:\\\/\\\/zinn-giesserei-goehler.com\\\/en\\\/shop-overview\\\/\",\"name\":\"Shop Overview - Zinn Gie\u00dferei G\u00f6hler\",\"isPartOf\":{\"@id\":\"https:\\\/\\\/zinn-giesserei-goehler.com\\\/en\\\/#website\"},\"primaryImageOfPage\":{\"@id\":\"https:\\\/\\\/zinn-giesserei-goehler.com\\\/en\\\/shop-overview\\\/#primaryimage\"},\"image\":{\"@id\":\"https:\\\/\\\/zinn-giesserei-goehler.com\\\/en\\\/shop-overview\\\/#primaryimage\"},\"thumbnailUrl\":\"https:\\\/\\\/zinn-giesserei-goehler.com\\\/wp-content\\\/uploads\\\/2022\\\/11\\\/Zinn.jpg\",\"datePublished\":\"2022-11-12T19:25:52+00:00\",\"dateModified\":\"2025-08-28T21:25:12+00:00\",\"breadcrumb\":{\"@id\":\"https:\\\/\\\/zinn-giesserei-goehler.com\\\/en\\\/shop-overview\\\/#breadcrumb\"},\"inLanguage\":\"en-US\",\"potentialAction\":[{\"@type\":\"ReadAction\",\"target\":[\"https:\\\/\\\/zinn-giesserei-goehler.com\\\/en\\\/shop-overview\\\/\"]}]},{\"@type\":\"ImageObject\",\"inLanguage\":\"en-US\",\"@id\":\"https:\\\/\\\/zinn-giesserei-goehler.com\\\/en\\\/shop-overview\\\/#primaryimage\",\"url\":\"https:\\\/\\\/zinn-giesserei-goehler.com\\\/wp-content\\\/uploads\\\/2022\\\/11\\\/Zinn.jpg\",\"contentUrl\":\"https:\\\/\\\/zinn-giesserei-goehler.com\\\/wp-content\\\/uploads\\\/2022\\\/11\\\/Zinn.jpg\"},{\"@type\":\"BreadcrumbList\",\"@id\":\"https:\\\/\\\/zinn-giesserei-goehler.com\\\/en\\\/shop-overview\\\/#breadcrumb\",\"itemListElement\":[{\"@type\":\"ListItem\",\"position\":1,\"name\":\"Startseite\",\"item\":\"https:\\\/\\\/zinn-giesserei-goehler.com\\\/en\\\/\"},{\"@type\":\"ListItem\",\"position\":2,\"name\":\"Shop Overview\"}]},{\"@type\":\"WebSite\",\"@id\":\"https:\\\/\\\/zinn-giesserei-goehler.com\\\/en\\\/#website\",\"url\":\"https:\\\/\\\/zinn-giesserei-goehler.com\\\/en\\\/\",\"name\":\"Zinn Gie\u00dferei G\u00f6hler\",\"description\":\"Ihr Zinnh\u00e4ndler aus Deutschland\",\"publisher\":{\"@id\":\"https:\\\/\\\/zinn-giesserei-goehler.com\\\/en\\\/#organization\"},\"potentialAction\":[{\"@type\":\"SearchAction\",\"target\":{\"@type\":\"EntryPoint\",\"urlTemplate\":\"https:\\\/\\\/zinn-giesserei-goehler.com\\\/en\\\/?s={search_term_string}\"},\"query-input\":{\"@type\":\"PropertyValueSpecification\",\"valueRequired\":true,\"valueName\":\"search_term_string\"}}],\"inLanguage\":\"en-US\"},{\"@type\":\"Organization\",\"@id\":\"https:\\\/\\\/zinn-giesserei-goehler.com\\\/en\\\/#organization\",\"name\":\"Zinn Gie\u00dferei G\u00f6hler\",\"url\":\"https:\\\/\\\/zinn-giesserei-goehler.com\\\/en\\\/\",\"logo\":{\"@type\":\"ImageObject\",\"inLanguage\":\"en-US\",\"@id\":\"https:\\\/\\\/zinn-giesserei-goehler.com\\\/en\\\/#\\\/schema\\\/logo\\\/image\\\/\",\"url\":\"https:\\\/\\\/zinn-giesserei-goehler.com\\\/wp-content\\\/uploads\\\/2022\\\/01\\\/LogoV02-zugeschnitten-e1646411454787.png\",\"contentUrl\":\"https:\\\/\\\/zinn-giesserei-goehler.com\\\/wp-content\\\/uploads\\\/2022\\\/01\\\/LogoV02-zugeschnitten-e1646411454787.png\",\"width\":500,\"height\":182,\"caption\":\"Zinn Gie\u00dferei G\u00f6hler\"},\"image\":{\"@id\":\"https:\\\/\\\/zinn-giesserei-goehler.com\\\/en\\\/#\\\/schema\\\/logo\\\/image\\\/\"}}]}<\/script>\n<!-- \/ Yoast SEO plugin. -->","yoast_head_json":{"title":"Shop Overview - Zinn Gie\u00dferei G\u00f6hler","robots":{"index":"index","follow":"follow","max-snippet":"max-snippet:-1","max-image-preview":"max-image-preview:large","max-video-preview":"max-video-preview:-1"},"canonical":"https:\/\/zinn-giesserei-goehler.com\/en\/shop-overview\/","og_locale":"en_US","og_type":"article","og_title":"Shop Overview - Zinn Gie\u00dferei G\u00f6hler","og_description":"Pure Metals Tin, copper, or germanium: The most important pure metals in one place. Alloys Whether solder, brass, or bronze: The most important alloys in one place. Profiles Various metals in practical bar form. These include round tubes, flat bars, or hexagons. Foundry Supplies Foundry supplies are not only hotly desired, but also hot in [&hellip;]","og_url":"https:\/\/zinn-giesserei-goehler.com\/en\/shop-overview\/","og_site_name":"Zinn Gie\u00dferei G\u00f6hler","article_modified_time":"2025-08-28T21:25:12+00:00","og_image":[{"url":"https:\/\/zinn-giesserei-goehler.com\/wp-content\/uploads\/2022\/11\/Zinn.jpg","type":"","width":"","height":""}],"twitter_card":"summary_large_image","twitter_misc":{"Est. reading time":"1 minute"},"schema":{"@context":"https:\/\/schema.org","@graph":[{"@type":"WebPage","@id":"https:\/\/zinn-giesserei-goehler.com\/en\/shop-overview\/","url":"https:\/\/zinn-giesserei-goehler.com\/en\/shop-overview\/","name":"Shop Overview - Zinn Gie\u00dferei G\u00f6hler","isPartOf":{"@id":"https:\/\/zinn-giesserei-goehler.com\/en\/#website"},"primaryImageOfPage":{"@id":"https:\/\/zinn-giesserei-goehler.com\/en\/shop-overview\/#primaryimage"},"image":{"@id":"https:\/\/zinn-giesserei-goehler.com\/en\/shop-overview\/#primaryimage"},"thumbnailUrl":"https:\/\/zinn-giesserei-goehler.com\/wp-content\/uploads\/2022\/11\/Zinn.jpg","datePublished":"2022-11-12T19:25:52+00:00","dateModified":"2025-08-28T21:25:12+00:00","breadcrumb":{"@id":"https:\/\/zinn-giesserei-goehler.com\/en\/shop-overview\/#breadcrumb"},"inLanguage":"en-US","potentialAction":[{"@type":"ReadAction","target":["https:\/\/zinn-giesserei-goehler.com\/en\/shop-overview\/"]}]},{"@type":"ImageObject","inLanguage":"en-US","@id":"https:\/\/zinn-giesserei-goehler.com\/en\/shop-overview\/#primaryimage","url":"https:\/\/zinn-giesserei-goehler.com\/wp-content\/uploads\/2022\/11\/Zinn.jpg","contentUrl":"https:\/\/zinn-giesserei-goehler.com\/wp-content\/uploads\/2022\/11\/Zinn.jpg"},{"@type":"BreadcrumbList","@id":"https:\/\/zinn-giesserei-goehler.com\/en\/shop-overview\/#breadcrumb","itemListElement":[{"@type":"ListItem","position":1,"name":"Startseite","item":"https:\/\/zinn-giesserei-goehler.com\/en\/"},{"@type":"ListItem","position":2,"name":"Shop Overview"}]},{"@type":"WebSite","@id":"https:\/\/zinn-giesserei-goehler.com\/en\/#website","url":"https:\/\/zinn-giesserei-goehler.com\/en\/","name":"Zinn Gie\u00dferei G\u00f6hler","description":"Ihr Zinnh\u00e4ndler aus Deutschland","publisher":{"@id":"https:\/\/zinn-giesserei-goehler.com\/en\/#organization"},"potentialAction":[{"@type":"SearchAction","target":{"@type":"EntryPoint","urlTemplate":"https:\/\/zinn-giesserei-goehler.com\/en\/?s={search_term_string}"},"query-input":{"@type":"PropertyValueSpecification","valueRequired":true,"valueName":"search_term_string"}}],"inLanguage":"en-US"},{"@type":"Organization","@id":"https:\/\/zinn-giesserei-goehler.com\/en\/#organization","name":"Zinn Gie\u00dferei G\u00f6hler","url":"https:\/\/zinn-giesserei-goehler.com\/en\/","logo":{"@type":"ImageObject","inLanguage":"en-US","@id":"https:\/\/zinn-giesserei-goehler.com\/en\/#\/schema\/logo\/image\/","url":"https:\/\/zinn-giesserei-goehler.com\/wp-content\/uploads\/2022\/01\/LogoV02-zugeschnitten-e1646411454787.png","contentUrl":"https:\/\/zinn-giesserei-goehler.com\/wp-content\/uploads\/2022\/01\/LogoV02-zugeschnitten-e1646411454787.png","width":500,"height":182,"caption":"Zinn Gie\u00dferei G\u00f6hler"},"image":{"@id":"https:\/\/zinn-giesserei-goehler.com\/en\/#\/schema\/logo\/image\/"}}]}},"jetpack_sharing_enabled":true,"_links":{"self":[{"href":"https:\/\/zinn-giesserei-goehler.com\/en\/wp-json\/wp\/v2\/pages\/32669","targetHints":{"allow":["GET"]}}],"collection":[{"href":"https:\/\/zinn-giesserei-goehler.com\/en\/wp-json\/wp\/v2\/pages"}],"about":[{"href":"https:\/\/zinn-giesserei-goehler.com\/en\/wp-json\/wp\/v2\/types\/page"}],"author":[{"embeddable":true,"href":"https:\/\/zinn-giesserei-goehler.com\/en\/wp-json\/wp\/v2\/users\/6"}],"replies":[{"embeddable":true,"href":"https:\/\/zinn-giesserei-goehler.com\/en\/wp-json\/wp\/v2\/comments?post=32669"}],"version-history":[{"count":1,"href":"https:\/\/zinn-giesserei-goehler.com\/en\/wp-json\/wp\/v2\/pages\/32669\/revisions"}],"predecessor-version":[{"id":32670,"href":"https:\/\/zinn-giesserei-goehler.com\/en\/wp-json\/wp\/v2\/pages\/32669\/revisions\/32670"}],"wp:attachment":[{"href":"https:\/\/zinn-giesserei-goehler.com\/en\/wp-json\/wp\/v2\/media?parent=32669"}],"curies":[{"name":"wp","href":"https:\/\/api.w.org\/{rel}","templated":true}]}}