{"id":32667,"date":"2020-02-05T13:57:35","date_gmt":"2020-02-05T12:57:35","guid":{"rendered":"https:\/\/zinn-giesserei-goehler.com\/contact\/"},"modified":"2025-08-29T17:01:58","modified_gmt":"2025-08-29T15:01:58","slug":"contact","status":"publish","type":"page","link":"https:\/\/zinn-giesserei-goehler.com\/en\/about-us\/contact\/","title":{"rendered":"Contact"},"content":{"rendered":"<div class=\"wp-block-zggtheme-blocks-header\">\n            <div class = zggtheme-content-header-container>\n                <div class=\"zggtheme-content-header-image\" style=\"background-image: url('https:\/\/zinn-giesserei-goehler.com\/wp-content\/uploads\/2024\/05\/Logo-43-weiss.png');\">\n                    <div class=\"zggtheme-content-header-overlay\">\n                        <header class=\"page-title-container\">\n                            <h1 class=\"page-title\">\n                                Contact\n                            <\/h1>\n                        <\/header>\n                        \n                    <\/div>\n                <\/div>\n            <\/div>\n            <\/div>\n<div class=\"wp-block-group zgg-spacing-container\"><div class=\"wp-block-group__inner-container is-layout-constrained wp-block-group-is-layout-constrained\">\n<div class=\"wp-block-columns zgg-milky-glas-container zgg-card-column is-layout-flex wp-container-core-columns-is-layout-9d6595d7 wp-block-columns-is-layout-flex\">\n<div class=\"wp-block-column is-layout-flow wp-block-column-is-layout-flow\">\n<p>Customer satisfaction is important to us and we want to keep it that way.<br\/>For this reason, you can reach us at any time via our <a href=\"https:\/\/zinn-giesserei-goehler.com\/en\/about-us\/contact-form\/\" target=\"_blank\" rel=\"noreferrer noopener\">contact form<\/a> below with requests, suggestions for improvement, or problems.<\/p>\n\n\n\n<p>Feel free to contact us directly:<br\/><a href=\"mailto:janek.goehler@zinn-giesserei-goehler.com\">info@zinn-giesserei-goehler.com<\/a><\/p>\n<\/div>\n\n\n\n<div class=\"wp-block-column is-layout-flow wp-block-column-is-layout-flow\">\n<p><strong>Website Owner:<\/strong><br\/>Email: <a href=\"mailto:janek.goehler@zinn-giesserei-goehler.com\">janek.goehler@zinn-giesserei-goehler.com<\/a><br\/><a href=\"https:\/\/zinn-giesserei-goehler.com\/en\/about-us\/contact-form\/\" target=\"_blank\" rel=\"noreferrer noopener\">Contact Form<\/a> (For inquiries regarding our products)<br\/>Phone: +49\/0351\/43843794<\/p>\n\n\n\n<p><strong>Website Administration:<\/strong><br\/>Email: <a href=\"mailto:allgemein@goehler-meier-software.com\">allgemein@goehler-meier-software.com<\/a><\/p>\n<\/div>\n<\/div>\n\n\n<div class=\"wp-block-jetpack-contact-form is-layout-flex wp-container-jetpack-contact-form-is-layout-026b38f8 wp-block-jetpack-contact-form-is-layout-flex\"><a href=\"https:\/\/zinn-giesserei-goehler.com\/en\/about-us\/contact\/\" target=\"_blank\" rel=\"noopener noreferrer\">Submit a form.<\/a><\/div><\/div><\/div>\n","protected":false},"excerpt":{"rendered":"<p>Customer satisfaction is important to us and we want to keep it that way.For this reason, you can reach us at any time via our contact form below with requests, suggestions for improvement, or problems. Feel free to contact us directly:info@zinn-giesserei-goehler.com Website Owner:Email: janek.goehler@zinn-giesserei-goehler.comContact Form (For inquiries regarding our products)Phone: +49\/0351\/43843794 Website Administration:Email: allgemein@goehler-meier-software.com<\/p>\n","protected":false},"author":6,"featured_media":0,"parent":32679,"menu_order":0,"comment_status":"closed","ping_status":"closed","template":"","meta":{"footnotes":""},"class_list":["post-32667","page","type-page","status-publish","hentry"],"yoast_head":"<!-- This site is optimized with the Yoast SEO plugin v27.3 - https:\/\/yoast.com\/product\/yoast-seo-wordpress\/ -->\n<title>Contact - Zinn Gie\u00dferei G\u00f6hler<\/title>\n<meta name=\"robots\" content=\"index, follow, max-snippet:-1, max-image-preview:large, max-video-preview:-1\" \/>\n<link rel=\"canonical\" href=\"https:\/\/zinn-giesserei-goehler.com\/en\/about-us\/contact\/\" \/>\n<meta property=\"og:locale\" content=\"en_US\" \/>\n<meta property=\"og:type\" content=\"article\" \/>\n<meta property=\"og:title\" content=\"Contact - Zinn Gie\u00dferei G\u00f6hler\" \/>\n<meta property=\"og:description\" content=\"Customer satisfaction is important to us and we want to keep it that way.For this reason, you can reach us at any time via our contact form below with requests, suggestions for improvement, or problems. Feel free to contact us directly:info@zinn-giesserei-goehler.com Website Owner:Email: janek.goehler@zinn-giesserei-goehler.comContact Form (For inquiries regarding our products)Phone: +49\/0351\/43843794 Website Administration:Email: allgemein@goehler-meier-software.com\" \/>\n<meta property=\"og:url\" content=\"https:\/\/zinn-giesserei-goehler.com\/en\/about-us\/contact\/\" \/>\n<meta property=\"og:site_name\" content=\"Zinn Gie\u00dferei G\u00f6hler\" \/>\n<meta property=\"article:modified_time\" content=\"2025-08-29T15:01:58+00:00\" \/>\n<meta name=\"twitter:card\" content=\"summary_large_image\" \/>\n<script type=\"application\/ld+json\" class=\"yoast-schema-graph\">{\"@context\":\"https:\\\/\\\/schema.org\",\"@graph\":[{\"@type\":\"WebPage\",\"@id\":\"https:\\\/\\\/zinn-giesserei-goehler.com\\\/en\\\/about-us\\\/contact\\\/\",\"url\":\"https:\\\/\\\/zinn-giesserei-goehler.com\\\/en\\\/about-us\\\/contact\\\/\",\"name\":\"Contact - Zinn Gie\u00dferei G\u00f6hler\",\"isPartOf\":{\"@id\":\"https:\\\/\\\/zinn-giesserei-goehler.com\\\/en\\\/#website\"},\"datePublished\":\"2020-02-05T12:57:35+00:00\",\"dateModified\":\"2025-08-29T15:01:58+00:00\",\"breadcrumb\":{\"@id\":\"https:\\\/\\\/zinn-giesserei-goehler.com\\\/en\\\/about-us\\\/contact\\\/#breadcrumb\"},\"inLanguage\":\"en-US\",\"potentialAction\":[{\"@type\":\"ReadAction\",\"target\":[\"https:\\\/\\\/zinn-giesserei-goehler.com\\\/en\\\/about-us\\\/contact\\\/\"]}]},{\"@type\":\"BreadcrumbList\",\"@id\":\"https:\\\/\\\/zinn-giesserei-goehler.com\\\/en\\\/about-us\\\/contact\\\/#breadcrumb\",\"itemListElement\":[{\"@type\":\"ListItem\",\"position\":1,\"name\":\"Startseite\",\"item\":\"https:\\\/\\\/zinn-giesserei-goehler.com\\\/en\\\/\"},{\"@type\":\"ListItem\",\"position\":2,\"name\":\"About Us\",\"item\":\"https:\\\/\\\/zinn-giesserei-goehler.com\\\/en\\\/about-us\\\/\"},{\"@type\":\"ListItem\",\"position\":3,\"name\":\"Contact\"}]},{\"@type\":\"WebSite\",\"@id\":\"https:\\\/\\\/zinn-giesserei-goehler.com\\\/en\\\/#website\",\"url\":\"https:\\\/\\\/zinn-giesserei-goehler.com\\\/en\\\/\",\"name\":\"Zinn Gie\u00dferei G\u00f6hler\",\"description\":\"Ihr Zinnh\u00e4ndler aus Deutschland\",\"publisher\":{\"@id\":\"https:\\\/\\\/zinn-giesserei-goehler.com\\\/en\\\/#organization\"},\"potentialAction\":[{\"@type\":\"SearchAction\",\"target\":{\"@type\":\"EntryPoint\",\"urlTemplate\":\"https:\\\/\\\/zinn-giesserei-goehler.com\\\/en\\\/?s={search_term_string}\"},\"query-input\":{\"@type\":\"PropertyValueSpecification\",\"valueRequired\":true,\"valueName\":\"search_term_string\"}}],\"inLanguage\":\"en-US\"},{\"@type\":\"Organization\",\"@id\":\"https:\\\/\\\/zinn-giesserei-goehler.com\\\/en\\\/#organization\",\"name\":\"Zinn Gie\u00dferei G\u00f6hler\",\"url\":\"https:\\\/\\\/zinn-giesserei-goehler.com\\\/en\\\/\",\"logo\":{\"@type\":\"ImageObject\",\"inLanguage\":\"en-US\",\"@id\":\"https:\\\/\\\/zinn-giesserei-goehler.com\\\/en\\\/#\\\/schema\\\/logo\\\/image\\\/\",\"url\":\"https:\\\/\\\/zinn-giesserei-goehler.com\\\/wp-content\\\/uploads\\\/2022\\\/01\\\/LogoV02-zugeschnitten-e1646411454787.png\",\"contentUrl\":\"https:\\\/\\\/zinn-giesserei-goehler.com\\\/wp-content\\\/uploads\\\/2022\\\/01\\\/LogoV02-zugeschnitten-e1646411454787.png\",\"width\":500,\"height\":182,\"caption\":\"Zinn Gie\u00dferei G\u00f6hler\"},\"image\":{\"@id\":\"https:\\\/\\\/zinn-giesserei-goehler.com\\\/en\\\/#\\\/schema\\\/logo\\\/image\\\/\"}}]}<\/script>\n<!-- \/ Yoast SEO plugin. -->","yoast_head_json":{"title":"Contact - Zinn Gie\u00dferei G\u00f6hler","robots":{"index":"index","follow":"follow","max-snippet":"max-snippet:-1","max-image-preview":"max-image-preview:large","max-video-preview":"max-video-preview:-1"},"canonical":"https:\/\/zinn-giesserei-goehler.com\/en\/about-us\/contact\/","og_locale":"en_US","og_type":"article","og_title":"Contact - Zinn Gie\u00dferei G\u00f6hler","og_description":"Customer satisfaction is important to us and we want to keep it that way.For this reason, you can reach us at any time via our contact form below with requests, suggestions for improvement, or problems. Feel free to contact us directly:info@zinn-giesserei-goehler.com Website Owner:Email: janek.goehler@zinn-giesserei-goehler.comContact Form (For inquiries regarding our products)Phone: +49\/0351\/43843794 Website Administration:Email: allgemein@goehler-meier-software.com","og_url":"https:\/\/zinn-giesserei-goehler.com\/en\/about-us\/contact\/","og_site_name":"Zinn Gie\u00dferei G\u00f6hler","article_modified_time":"2025-08-29T15:01:58+00:00","twitter_card":"summary_large_image","schema":{"@context":"https:\/\/schema.org","@graph":[{"@type":"WebPage","@id":"https:\/\/zinn-giesserei-goehler.com\/en\/about-us\/contact\/","url":"https:\/\/zinn-giesserei-goehler.com\/en\/about-us\/contact\/","name":"Contact - Zinn Gie\u00dferei G\u00f6hler","isPartOf":{"@id":"https:\/\/zinn-giesserei-goehler.com\/en\/#website"},"datePublished":"2020-02-05T12:57:35+00:00","dateModified":"2025-08-29T15:01:58+00:00","breadcrumb":{"@id":"https:\/\/zinn-giesserei-goehler.com\/en\/about-us\/contact\/#breadcrumb"},"inLanguage":"en-US","potentialAction":[{"@type":"ReadAction","target":["https:\/\/zinn-giesserei-goehler.com\/en\/about-us\/contact\/"]}]},{"@type":"BreadcrumbList","@id":"https:\/\/zinn-giesserei-goehler.com\/en\/about-us\/contact\/#breadcrumb","itemListElement":[{"@type":"ListItem","position":1,"name":"Startseite","item":"https:\/\/zinn-giesserei-goehler.com\/en\/"},{"@type":"ListItem","position":2,"name":"About Us","item":"https:\/\/zinn-giesserei-goehler.com\/en\/about-us\/"},{"@type":"ListItem","position":3,"name":"Contact"}]},{"@type":"WebSite","@id":"https:\/\/zinn-giesserei-goehler.com\/en\/#website","url":"https:\/\/zinn-giesserei-goehler.com\/en\/","name":"Zinn Gie\u00dferei G\u00f6hler","description":"Ihr Zinnh\u00e4ndler aus Deutschland","publisher":{"@id":"https:\/\/zinn-giesserei-goehler.com\/en\/#organization"},"potentialAction":[{"@type":"SearchAction","target":{"@type":"EntryPoint","urlTemplate":"https:\/\/zinn-giesserei-goehler.com\/en\/?s={search_term_string}"},"query-input":{"@type":"PropertyValueSpecification","valueRequired":true,"valueName":"search_term_string"}}],"inLanguage":"en-US"},{"@type":"Organization","@id":"https:\/\/zinn-giesserei-goehler.com\/en\/#organization","name":"Zinn Gie\u00dferei G\u00f6hler","url":"https:\/\/zinn-giesserei-goehler.com\/en\/","logo":{"@type":"ImageObject","inLanguage":"en-US","@id":"https:\/\/zinn-giesserei-goehler.com\/en\/#\/schema\/logo\/image\/","url":"https:\/\/zinn-giesserei-goehler.com\/wp-content\/uploads\/2022\/01\/LogoV02-zugeschnitten-e1646411454787.png","contentUrl":"https:\/\/zinn-giesserei-goehler.com\/wp-content\/uploads\/2022\/01\/LogoV02-zugeschnitten-e1646411454787.png","width":500,"height":182,"caption":"Zinn Gie\u00dferei G\u00f6hler"},"image":{"@id":"https:\/\/zinn-giesserei-goehler.com\/en\/#\/schema\/logo\/image\/"}}]}},"jetpack_sharing_enabled":true,"_links":{"self":[{"href":"https:\/\/zinn-giesserei-goehler.com\/en\/wp-json\/wp\/v2\/pages\/32667","targetHints":{"allow":["GET"]}}],"collection":[{"href":"https:\/\/zinn-giesserei-goehler.com\/en\/wp-json\/wp\/v2\/pages"}],"about":[{"href":"https:\/\/zinn-giesserei-goehler.com\/en\/wp-json\/wp\/v2\/types\/page"}],"author":[{"embeddable":true,"href":"https:\/\/zinn-giesserei-goehler.com\/en\/wp-json\/wp\/v2\/users\/6"}],"replies":[{"embeddable":true,"href":"https:\/\/zinn-giesserei-goehler.com\/en\/wp-json\/wp\/v2\/comments?post=32667"}],"version-history":[{"count":2,"href":"https:\/\/zinn-giesserei-goehler.com\/en\/wp-json\/wp\/v2\/pages\/32667\/revisions"}],"predecessor-version":[{"id":32782,"href":"https:\/\/zinn-giesserei-goehler.com\/en\/wp-json\/wp\/v2\/pages\/32667\/revisions\/32782"}],"up":[{"embeddable":true,"href":"https:\/\/zinn-giesserei-goehler.com\/en\/wp-json\/wp\/v2\/pages\/32679"}],"wp:attachment":[{"href":"https:\/\/zinn-giesserei-goehler.com\/en\/wp-json\/wp\/v2\/media?parent=32667"}],"curies":[{"name":"wp","href":"https:\/\/api.w.org\/{rel}","templated":true}]}}